{"id":3674,"date":"2020-07-28T11:26:15","date_gmt":"2020-07-28T11:26:15","guid":{"rendered":"https:\/\/www.geramled.com\/?page_id=3674"},"modified":"2024-10-31T11:05:30","modified_gmt":"2024-10-31T03:05:30","slug":"led-high-bay-light","status":"publish","type":"page","link":"https:\/\/www.geramled.com\/vi\/den-led-bay-cao-2\/","title":{"rendered":"\u0110\u00e8n LED bay cao"},"content":{"rendered":"<a href=\"https:\/\/www.geramled.com\/vi\/industrial-ufo-led-high-bay-lights-for-sale-100w-150w-200w\/\" target=\"_self\" title=\"C\u1ea7n b\u00e1n \u0111\u00e8n LED High Bay UFO c\u00f4ng nghi\u1ec7p 100W 150W 200W\" rel=\"noopener noreferrer\">\r\n\t\t\t\t<img decoding=\"async\" src=\"https:\/\/www.geramled.com\/wp-content\/uploads\/2020\/07\/ufo-led-high-bay-light-in-china.jpg\" alt=\"\u0111\u00e8n led bay cao ufo\" \/>\r\n\t\t\t\t<\/a>\r\n\t\t\t\t\t\t<h3>\r\n\t\t\t\t<a href=\"https:\/\/www.geramled.com\/vi\/industrial-ufo-led-high-bay-lights-for-sale-100w-150w-200w\/\" title=\"C\u1ea7n b\u00e1n \u0111\u00e8n LED High Bay UFO c\u00f4ng nghi\u1ec7p 100W 150W 200W\" tabindex=\"0\">C\u1ea7n b\u00e1n \u0111\u00e8n LED High Bay UFO c\u00f4ng nghi\u1ec7p 100W 150W 200W<\/a>\t\t\t<\/h3>\r\n\t\t\t\t\t\t\t\tIndustrial UFO LED High Bay Light For Sale 100W 150W 200W Brief Description \u272a UFO round shape design. &#8230;\r\n\t\t\t\t\t<a href=\"https:\/\/www.geramled.com\/vi\/industrial-ufo-led-high-bay-lights-for-sale-100w-150w-200w\/\" target=\"_self\" rel=\"noopener noreferrer\">Read More >> &#8594;<\/a>\t\t\r\n\t\t\t\t\t\t\t\t\t\t\t\t\t\t<a href=\"https:\/\/www.geramled.com\/vi\/100w-ufo-led-high-bay-light\/\" target=\"_self\" title=\"High Quality Super Bright 100W UFO LED High Bay Light\" rel=\"noopener noreferrer\">\r\n\t\t\t\t<img decoding=\"async\" src=\"https:\/\/www.geramled.com\/wp-content\/uploads\/2020\/07\/100w-ufo-led-high-bay-light-in-china.jpg\" alt=\"100w ufo led high bay light\" \/>\r\n\t\t\t\t<\/a>\r\n\t\t\t\t\t\t<h3>\r\n\t\t\t\t<a href=\"https:\/\/www.geramled.com\/vi\/100w-ufo-led-high-bay-light\/\" title=\"High Quality Super Bright 100W UFO LED High Bay Light\" tabindex=\"0\">High Quality Super Bright 100W UFO LED High Bay Light<\/a>\t\t\t<\/h3>\r\n\t\t\t\t\t\t\t\tHigh Quality Super Bright 100W UFO LED High Bay Light Brief Description \u272a Power: 100W. \u272a UFO round &#8230;\r\n\t\t\t\t\t<a href=\"https:\/\/www.geramled.com\/vi\/100w-ufo-led-high-bay-light\/\" target=\"_self\" rel=\"noopener noreferrer\">Read More >> &#8594;<\/a>\t\t\r\n\t\t\t\t\t\t\t\t\t\t\t\t\t\t<a href=\"https:\/\/www.geramled.com\/vi\/den-led-ufo-cao-150w\/\" target=\"_self\" title=\"B\u00e1n nh\u00e0 m\u00e1y \u0110\u00e8n LED UFO High Bay 150W v\u1edbi gi\u00e1 t\u1ed1t nh\u1ea5t\" rel=\"noopener noreferrer\">\r\n\t\t\t\t<img decoding=\"async\" src=\"https:\/\/www.geramled.com\/wp-content\/uploads\/2020\/07\/150w-led-ufo-high-bay-light-in-china.jpg\" alt=\"\u0111\u00e8n led ufo cao 150w\" \/>\r\n\t\t\t\t<\/a>\r\n\t\t\t\t\t\t<h3>\r\n\t\t\t\t<a href=\"https:\/\/www.geramled.com\/vi\/den-led-ufo-cao-150w\/\" title=\"B\u00e1n nh\u00e0 m\u00e1y \u0110\u00e8n LED UFO High Bay 150W v\u1edbi gi\u00e1 t\u1ed1t nh\u1ea5t\" tabindex=\"0\">B\u00e1n nh\u00e0 m\u00e1y \u0110\u00e8n LED UFO High Bay 150W v\u1edbi gi\u00e1 t\u1ed1t nh\u1ea5t<\/a>\t\t\t<\/h3>\r\n\t\t\t\t\t\t\t\tFactory Sale 150W LED UFO High Bay Light With Best Price Brief Description \u272a Power: 150W. \u272a UFO &#8230;\r\n\t\t\t\t\t<a href=\"https:\/\/www.geramled.com\/vi\/den-led-ufo-cao-150w\/\" target=\"_self\" rel=\"noopener noreferrer\">Read More >> &#8594;<\/a>\t\t\r\n\t\t\t\t\t\t\t\t\t\t\t\t\t\t<a href=\"https:\/\/www.geramled.com\/vi\/den-led-ufo-cao-cap-200w\/\" target=\"_self\" title=\"Chinese Manufacturer Sale UFO LED High Bay Light 200W\" rel=\"noopener noreferrer\">\r\n\t\t\t\t<img decoding=\"async\" src=\"https:\/\/www.geramled.com\/wp-content\/uploads\/2020\/07\/ufo-led-high-bay-light-200w-in-china.jpg\" alt=\"\u0111\u00e8n led ufo cao c\u1ea5p 200w\" \/>\r\n\t\t\t\t<\/a>\r\n\t\t\t\t\t\t<h3>\r\n\t\t\t\t<a href=\"https:\/\/www.geramled.com\/vi\/den-led-ufo-cao-cap-200w\/\" title=\"Chinese Manufacturer Sale UFO LED High Bay Light 200W\" tabindex=\"0\">Chinese Manufacturer Sale UFO LED High Bay Light 200W<\/a>\t\t\t<\/h3>\r\n\t\t\t\t\t\t\t\tChinese Manufacturer Sale UFO LED High Bay Light 200W Brief Description \u272a Power: 200W. \u272a UFO round shape &#8230;\r\n\t\t\t\t\t<a href=\"https:\/\/www.geramled.com\/vi\/den-led-ufo-cao-cap-200w\/\" target=\"_self\" rel=\"noopener noreferrer\">Read More >> &#8594;<\/a>","protected":false},"excerpt":{"rendered":"<p>Industrial UFO LED High Bay Light For Sale 100W 150W 200W Industrial UFO LED High Bay Light For Sale 100W 150W 200W Brief Description \u272a UFO round shape design. &#8230; Read More >> &#8594; High Quality Super Bright 100W UFO LED High Bay Light High Quality Super Bright 100W UFO LED High Bay Light Brief [&hellip;]<\/p>","protected":false},"author":1,"featured_media":3675,"parent":0,"menu_order":10,"comment_status":"closed","ping_status":"closed","template":"","meta":{"site-sidebar-layout":"default","site-content-layout":"default","ast-site-content-layout":"default","site-content-style":"default","site-sidebar-style":"default","ast-global-header-display":"","ast-banner-title-visibility":"","ast-main-header-display":"","ast-hfb-above-header-display":"","ast-hfb-below-header-display":"","ast-hfb-mobile-header-display":"","site-post-title":"","ast-breadcrumbs-content":"","ast-featured-img":"","footer-sml-layout":"","theme-transparent-header-meta":"default","adv-header-id-meta":"","stick-header-meta":"default","header-above-stick-meta":"","header-main-stick-meta":"","header-below-stick-meta":"","astra-migrate-meta-layouts":"set","ast-page-background-enabled":"default","ast-page-background-meta":{"desktop":{"background-color":"var(--ast-global-color-4)","background-image":"","background-repeat":"repeat","background-position":"center center","background-size":"auto","background-attachment":"scroll","background-type":"","background-media":"","overlay-type":"","overlay-color":"","overlay-gradient":""},"tablet":{"background-color":"","background-image":"","background-repeat":"repeat","background-position":"center center","background-size":"auto","background-attachment":"scroll","background-type":"","background-media":"","overlay-type":"","overlay-color":"","overlay-gradient":""},"mobile":{"background-color":"","background-image":"","background-repeat":"repeat","background-position":"center center","background-size":"auto","background-attachment":"scroll","background-type":"","background-media":"","overlay-type":"","overlay-color":"","overlay-gradient":""}},"ast-content-background-meta":{"desktop":{"background-color":"var(--ast-global-color-5)","background-image":"","background-repeat":"repeat","background-position":"center center","background-size":"auto","background-attachment":"scroll","background-type":"","background-media":"","overlay-type":"","overlay-color":"","overlay-gradient":""},"tablet":{"background-color":"var(--ast-global-color-5)","background-image":"","background-repeat":"repeat","background-position":"center center","background-size":"auto","background-attachment":"scroll","background-type":"","background-media":"","overlay-type":"","overlay-color":"","overlay-gradient":""},"mobile":{"background-color":"var(--ast-global-color-5)","background-image":"","background-repeat":"repeat","background-position":"center center","background-size":"auto","background-attachment":"scroll","background-type":"","background-media":"","overlay-type":"","overlay-color":"","overlay-gradient":""}},"footnotes":""},"class_list":["post-3674","page","type-page","status-publish","has-post-thumbnail","hentry"],"yoast_head":"<!-- This site is optimized with the Yoast SEO Premium plugin v22.4 (Yoast SEO v22.6) - https:\/\/yoast.com\/wordpress\/plugins\/seo\/ -->\n<title>China Factory Sale Top Quality LED High Bay Light | CYREE<\/title>\n<meta name=\"description\" content=\"We Are A Leading LED High Bay Light Manufacturer In China. Our High Bay Light Is With High Brightness &amp; 3-5 Years Warranty. Contact Us For Factory Price!\" \/>\n<meta name=\"robots\" content=\"index, follow, max-snippet:-1, max-image-preview:large, max-video-preview:-1\" \/>\n<link rel=\"canonical\" href=\"https:\/\/www.geramled.com\/vi\/den-led-bay-cao-2\/\" \/>\n<meta property=\"og:locale\" content=\"vi_VN\" \/>\n<meta property=\"og:type\" content=\"article\" \/>\n<meta property=\"og:title\" content=\"China Factory Sale Top Quality LED High Bay Light | CYREE\" \/>\n<meta property=\"og:description\" content=\"We Are A Leading LED High Bay Light Manufacturer In China. Our High Bay Light Is With High Brightness &amp; 3-5 Years Warranty. Contact Us For Factory Price!\" \/>\n<meta property=\"og:url\" content=\"https:\/\/www.geramled.com\/vi\/den-led-bay-cao-2\/\" \/>\n<meta property=\"og:site_name\" content=\"CYREE LED\" \/>\n<meta property=\"article:publisher\" content=\"https:\/\/www.facebook.com\/jerrygeram\" \/>\n<meta property=\"article:modified_time\" content=\"2024-10-31T03:05:30+00:00\" \/>\n<meta property=\"og:image\" content=\"https:\/\/www.geramled.com\/wp-content\/uploads\/2020\/07\/led-high-bay-light-manufacturers-suppliers-companies-factory-in-china.jpg\" \/>\n\t<meta property=\"og:image:width\" content=\"250\" \/>\n\t<meta property=\"og:image:height\" content=\"250\" \/>\n\t<meta property=\"og:image:type\" content=\"image\/jpeg\" \/>\n<meta name=\"twitter:card\" content=\"summary_large_image\" \/>\n<meta name=\"twitter:site\" content=\"@jerrygeram\" \/>\n<meta name=\"twitter:label1\" content=\"Est. reading time\" \/>\n\t<meta name=\"twitter:data1\" content=\"6 minutes\" \/>\n<script type=\"application\/ld+json\" class=\"yoast-schema-graph\">{\"@context\":\"https:\/\/schema.org\",\"@graph\":[{\"@type\":\"WebPage\",\"@id\":\"https:\/\/www.geramled.com\/led-high-bay-light\/\",\"url\":\"https:\/\/www.geramled.com\/led-high-bay-light\/\",\"name\":\"China Factory Sale Top Quality LED High Bay Light | CYREE\",\"isPartOf\":{\"@id\":\"https:\/\/www.geramled.com\/#website\"},\"primaryImageOfPage\":{\"@id\":\"https:\/\/www.geramled.com\/led-high-bay-light\/#primaryimage\"},\"image\":{\"@id\":\"https:\/\/www.geramled.com\/led-high-bay-light\/#primaryimage\"},\"thumbnailUrl\":\"https:\/\/www.geramled.com\/wp-content\/uploads\/2020\/07\/led-high-bay-light-manufacturers-suppliers-companies-factory-in-china.jpg\",\"datePublished\":\"2020-07-28T11:26:15+00:00\",\"dateModified\":\"2024-10-31T03:05:30+00:00\",\"description\":\"We Are A Leading LED High Bay Light Manufacturer In China. Our High Bay Light Is With High Brightness & 3-5 Years Warranty. Contact Us For Factory Price!\",\"inLanguage\":\"vi\",\"potentialAction\":[{\"@type\":\"ReadAction\",\"target\":[\"https:\/\/www.geramled.com\/led-high-bay-light\/\"]}]},{\"@type\":\"ImageObject\",\"inLanguage\":\"vi\",\"@id\":\"https:\/\/www.geramled.com\/led-high-bay-light\/#primaryimage\",\"url\":\"https:\/\/www.geramled.com\/wp-content\/uploads\/2020\/07\/led-high-bay-light-manufacturers-suppliers-companies-factory-in-china.jpg\",\"contentUrl\":\"https:\/\/www.geramled.com\/wp-content\/uploads\/2020\/07\/led-high-bay-light-manufacturers-suppliers-companies-factory-in-china.jpg\",\"width\":250,\"height\":250,\"caption\":\"led high bay light\"},{\"@type\":\"WebSite\",\"@id\":\"https:\/\/www.geramled.com\/#website\",\"url\":\"https:\/\/www.geramled.com\/\",\"name\":\"CYREE LED\",\"description\":\"Leading LED Light Manufacturer In China\",\"publisher\":{\"@id\":\"https:\/\/www.geramled.com\/#organization\"},\"potentialAction\":[{\"@type\":\"SearchAction\",\"target\":{\"@type\":\"EntryPoint\",\"urlTemplate\":\"https:\/\/www.geramled.com\/?s={search_term_string}\"},\"query-input\":\"required name=search_term_string\"}],\"inLanguage\":\"vi\"},{\"@type\":\"Organization\",\"@id\":\"https:\/\/www.geramled.com\/#organization\",\"name\":\"CYREE LED\",\"url\":\"https:\/\/www.geramled.com\/\",\"logo\":{\"@type\":\"ImageObject\",\"inLanguage\":\"vi\",\"@id\":\"https:\/\/www.geramled.com\/#\/schema\/logo\/image\/\",\"url\":\"https:\/\/www.geramled.com\/wp-content\/uploads\/2024\/10\/site-logo.png\",\"contentUrl\":\"https:\/\/www.geramled.com\/wp-content\/uploads\/2024\/10\/site-logo.png\",\"width\":193,\"height\":339,\"caption\":\"CYREE LED\"},\"image\":{\"@id\":\"https:\/\/www.geramled.com\/#\/schema\/logo\/image\/\"},\"sameAs\":[\"https:\/\/www.facebook.com\/jerrygeram\",\"https:\/\/x.com\/jerrygeram\",\"https:\/\/www.linkedin.com\/in\/jerrymo\/\",\"https:\/\/www.youtube.com\/channel\/UCYCYojuG_s19i5MDVysy2Dg\"]}]}<\/script>\n<!-- \/ Yoast SEO Premium plugin. -->","yoast_head_json":{"title":"China Factory Sale Top Quality LED High Bay Light | CYREE","description":"We Are A Leading LED High Bay Light Manufacturer In China. Our High Bay Light Is With High Brightness & 3-5 Years Warranty. Contact Us For Factory Price!","robots":{"index":"index","follow":"follow","max-snippet":"max-snippet:-1","max-image-preview":"max-image-preview:large","max-video-preview":"max-video-preview:-1"},"canonical":"https:\/\/www.geramled.com\/vi\/den-led-bay-cao-2\/","og_locale":"vi_VN","og_type":"article","og_title":"China Factory Sale Top Quality LED High Bay Light | CYREE","og_description":"We Are A Leading LED High Bay Light Manufacturer In China. Our High Bay Light Is With High Brightness & 3-5 Years Warranty. Contact Us For Factory Price!","og_url":"https:\/\/www.geramled.com\/vi\/den-led-bay-cao-2\/","og_site_name":"CYREE LED","article_publisher":"https:\/\/www.facebook.com\/jerrygeram","article_modified_time":"2024-10-31T03:05:30+00:00","og_image":[{"width":250,"height":250,"url":"https:\/\/www.geramled.com\/wp-content\/uploads\/2020\/07\/led-high-bay-light-manufacturers-suppliers-companies-factory-in-china.jpg","type":"image\/jpeg"}],"twitter_card":"summary_large_image","twitter_site":"@jerrygeram","twitter_misc":{"Est. reading time":"6 minutes"},"schema":{"@context":"https:\/\/schema.org","@graph":[{"@type":"WebPage","@id":"https:\/\/www.geramled.com\/led-high-bay-light\/","url":"https:\/\/www.geramled.com\/led-high-bay-light\/","name":"China Factory Sale Top Quality LED High Bay Light | CYREE","isPartOf":{"@id":"https:\/\/www.geramled.com\/#website"},"primaryImageOfPage":{"@id":"https:\/\/www.geramled.com\/led-high-bay-light\/#primaryimage"},"image":{"@id":"https:\/\/www.geramled.com\/led-high-bay-light\/#primaryimage"},"thumbnailUrl":"https:\/\/www.geramled.com\/wp-content\/uploads\/2020\/07\/led-high-bay-light-manufacturers-suppliers-companies-factory-in-china.jpg","datePublished":"2020-07-28T11:26:15+00:00","dateModified":"2024-10-31T03:05:30+00:00","description":"We Are A Leading LED High Bay Light Manufacturer In China. Our High Bay Light Is With High Brightness & 3-5 Years Warranty. Contact Us For Factory Price!","inLanguage":"vi","potentialAction":[{"@type":"ReadAction","target":["https:\/\/www.geramled.com\/led-high-bay-light\/"]}]},{"@type":"ImageObject","inLanguage":"vi","@id":"https:\/\/www.geramled.com\/led-high-bay-light\/#primaryimage","url":"https:\/\/www.geramled.com\/wp-content\/uploads\/2020\/07\/led-high-bay-light-manufacturers-suppliers-companies-factory-in-china.jpg","contentUrl":"https:\/\/www.geramled.com\/wp-content\/uploads\/2020\/07\/led-high-bay-light-manufacturers-suppliers-companies-factory-in-china.jpg","width":250,"height":250,"caption":"led high bay light"},{"@type":"WebSite","@id":"https:\/\/www.geramled.com\/#website","url":"https:\/\/www.geramled.com\/","name":"CYREE LED","description":"Leading LED Light Manufacturer In China","publisher":{"@id":"https:\/\/www.geramled.com\/#organization"},"potentialAction":[{"@type":"SearchAction","target":{"@type":"EntryPoint","urlTemplate":"https:\/\/www.geramled.com\/?s={search_term_string}"},"query-input":"required name=search_term_string"}],"inLanguage":"vi"},{"@type":"Organization","@id":"https:\/\/www.geramled.com\/#organization","name":"CYREE LED","url":"https:\/\/www.geramled.com\/","logo":{"@type":"ImageObject","inLanguage":"vi","@id":"https:\/\/www.geramled.com\/#\/schema\/logo\/image\/","url":"https:\/\/www.geramled.com\/wp-content\/uploads\/2024\/10\/site-logo.png","contentUrl":"https:\/\/www.geramled.com\/wp-content\/uploads\/2024\/10\/site-logo.png","width":193,"height":339,"caption":"CYREE LED"},"image":{"@id":"https:\/\/www.geramled.com\/#\/schema\/logo\/image\/"},"sameAs":["https:\/\/www.facebook.com\/jerrygeram","https:\/\/x.com\/jerrygeram","https:\/\/www.linkedin.com\/in\/jerrymo\/","https:\/\/www.youtube.com\/channel\/UCYCYojuG_s19i5MDVysy2Dg"]}]}},"_links":{"self":[{"href":"https:\/\/www.geramled.com\/vi\/wp-json\/wp\/v2\/pages\/3674","targetHints":{"allow":["GET"]}}],"collection":[{"href":"https:\/\/www.geramled.com\/vi\/wp-json\/wp\/v2\/pages"}],"about":[{"href":"https:\/\/www.geramled.com\/vi\/wp-json\/wp\/v2\/types\/page"}],"author":[{"embeddable":true,"href":"https:\/\/www.geramled.com\/vi\/wp-json\/wp\/v2\/users\/1"}],"replies":[{"embeddable":true,"href":"https:\/\/www.geramled.com\/vi\/wp-json\/wp\/v2\/comments?post=3674"}],"version-history":[{"count":0,"href":"https:\/\/www.geramled.com\/vi\/wp-json\/wp\/v2\/pages\/3674\/revisions"}],"wp:featuredmedia":[{"embeddable":true,"href":"https:\/\/www.geramled.com\/vi\/wp-json\/wp\/v2\/media\/3675"}],"wp:attachment":[{"href":"https:\/\/www.geramled.com\/vi\/wp-json\/wp\/v2\/media?parent=3674"}],"curies":[{"name":"wp","href":"https:\/\/api.w.org\/{rel}","templated":true}]}}