{"id":3037,"date":"2020-07-02T04:15:19","date_gmt":"2020-07-02T04:15:19","guid":{"rendered":"https:\/\/www.geramled.com\/?page_id=3037"},"modified":"2020-07-02T04:19:49","modified_gmt":"2020-07-02T04:19:49","slug":"faq","status":"publish","type":"page","link":"https:\/\/www.geramled.com\/vi\/faq\/","title":{"rendered":"FAQ For Regular Questions"},"content":{"rendered":"<h2>C\u00e2u h\u1ecfi th\u01b0\u1eddng g\u1eb7p<\/h2>\t\t\t\n\t\t\t\t\t\t<h4>Where are you located and how to buy your products?<\/h4>\n\t\t\t<p>We are a leading LED light manufacturer located in Guangdong. China, You can easily buy our products no matter where you are. Firstly, please send us an inquiry to tell us your requirement on our website or through email, whatsapp or skype, etc. Then we will send you feedback with our proposal, products and quotation. You will be requested to send us the payment after our deal. And when the payment comes we will arrange the production and send you the goods by air or by sea.<\/p>\n\t\t\t\t\t\t<h4>What&#8217;s your payment term and how can I make the payment?<\/h4>\n\t\t\t<p>Th\u00f4ng th\u01b0\u1eddng th\u1eddi h\u1ea1n thanh to\u00e1n c\u1ee7a ch\u00fang t\u00f4i l\u00e0 ti\u1ec1n g\u1eedi T\/T 30% v\u00e0 s\u1ed1 d\u01b0 tr\u01b0\u1edbc khi giao h\u00e0ng. \u0110\u1ed1i v\u1edbi s\u1ed1 ti\u1ec1n nh\u1ecf (ch\u1eb3ng h\u1ea1n nh\u01b0 d\u01b0\u1edbi 500 USD), b\u1ea1n c\u00f3 th\u1ec3 thanh to\u00e1n qua Paypal, Western Union ho\u1eb7c MoneyGram. Nh\u01b0ng v\u1edbi s\u1ed1 ti\u1ec1n l\u1edbn, ch\u00fang t\u00f4i s\u1ebd ch\u1ea5p nh\u1eadn chuy\u1ec3n kho\u1ea3n ng\u00e2n h\u00e0ng. Ch\u00fang t\u00f4i ch\u1ea5p nh\u1eadn c\u00e1c lo\u1ea1i ti\u1ec1n t\u1ec7 kh\u00e1c nhau bao g\u1ed3m USD, Euro, GBP, RMB, HKD, YEN, v.v.<\/p>\n\t\t\t\t\t\t<h4>What&#8217;s your delivery time and the way of shipment?<\/h4>\n\t\t\t<p>Th\u00f4ng th\u01b0\u1eddng th\u1eddi gian giao h\u00e0ng m\u1eabu c\u1ee7a ch\u00fang t\u00f4i l\u00e0 1-3 ng\u00e0y v\u00e0 \u0111\u01a1n h\u00e0ng b\u00ecnh th\u01b0\u1eddng l\u00e0 5-15 ng\u00e0y t\u00f9y thu\u1ed9c v\u00e0o s\u1ed1 l\u01b0\u1ee3ng \u0111\u1eb7t h\u00e0ng th\u1ef1c t\u1ebf c\u1ee7a b\u1ea1n. Ch\u00fang t\u00f4i s\u1ebd s\u1eafp x\u1ebfp v\u1eadn chuy\u1ec3n b\u1eb1ng \u0111\u01b0\u1eddng h\u00e0ng kh\u00f4ng (\u0111\u1ebfn c\u1eeda), v\u1eadn chuy\u1ec3n h\u00e0ng kh\u00f4ng th\u00f4ng th\u01b0\u1eddng (\u0111\u1ebfn s\u00e2n bay \u0111\u1ecba ph\u01b0\u01a1ng c\u1ee7a b\u1ea1n), v\u1eadn t\u1ea3i \u0111\u01b0\u1eddng bi\u1ec3n (\u0111\u1ebfn c\u1ea3ng bi\u1ec3n \u0111\u1ecba ph\u01b0\u01a1ng c\u1ee7a b\u1ea1n) ho\u1eb7c m\u1ed9t s\u1ed1 c\u00e1ch v\u1eadn chuy\u1ec3n \u0111\u1eb7c bi\u1ec7t v\u1edbi thu\u1ebf theo t\u00ecnh h\u00ecnh th\u1ef1c t\u1ebf.<\/p>\n\t\t\t\t\t\t<h4>What&#8217;s the lifespan of your products?<\/h4>\n\t\t\t<p>The lifespan of our LED lights can reach 50,000 hours in theory. But the actual lifespan will be influenced by the actual environment temperature, humidity and the using habit of the end user. According to our experience, our LED lights can be used from 6 to 10 years or more.<\/p>\n\t\t\t\t\t\t<h4>How many years of warranty you provide and what are your terms of warranty policy? <\/h4>\n\t\t\t<p>Normally we provide 3 or 5 years warranty. During the warranty period, we will send you new products or new parts for replacement if there are any failures. You can come to us whenever you meet any problems.<\/p>\n<h3>\n\t\tFor Further Questions, Please Feel Free To Contact Us.\n\t<\/h3>\n\t<div role=\"form\" class=\"wpcf7\" id=\"wpcf7-f1176-o1\" lang=\"en-US\" dir=\"ltr\">\n<div class=\"screen-reader-response\"><\/div>\n<form action=\"\/vi\/wp-json\/wp\/v2\/pages\/3037#wpcf7-f1176-o1\" method=\"post\" class=\"wpcf7-form\" novalidate=\"novalidate\" data-trp-original-action=\"\/vi\/wp-json\/wp\/v2\/pages\/3037#wpcf7-f1176-o1\">\n<div style=\"display: none;\">\n<input type=\"hidden\" name=\"_wpcf7\" value=\"1176\" \/>\n<input type=\"hidden\" name=\"_wpcf7_version\" value=\"5.1.7\" \/>\n<input type=\"hidden\" name=\"_wpcf7_locale\" value=\"en_US\" \/>\n<input type=\"hidden\" name=\"_wpcf7_unit_tag\" value=\"wpcf7-f1176-o1\" \/>\n<input type=\"hidden\" name=\"_wpcf7_container_post\" value=\"0\" \/>\n<\/div>\n<p><label> T\u00ean c\u1ee7a b\u1ea1n (b\u1eaft bu\u1ed9c)<br \/>\n    <span class=\"wpcf7-form-control-wrap your-name\"><input type=\"text\" name=\"your-name\" value=\"\" size=\"40\" class=\"wpcf7-form-control wpcf7-text wpcf7-validates-as-required\" aria-required=\"true\" aria-invalid=\"false\" \/><\/span> <\/label><\/p>\n<p><label> Email c\u1ee7a b\u1ea1n (b\u1eaft bu\u1ed9c)<br \/>\n    <span class=\"wpcf7-form-control-wrap your-email\"><input type=\"email\" name=\"your-email\" value=\"\" size=\"40\" class=\"wpcf7-form-control wpcf7-text wpcf7-email wpcf7-validates-as-required wpcf7-validates-as-email\" aria-required=\"true\" aria-invalid=\"false\" \/><\/span> <\/label><\/p>\n<p><label> \u0110i\u1ec7n tho\u1ea1i c\u1ee7a b\u1ea1n (vui l\u00f2ng \u0111\u1ec3 l\u1ea1i s\u1ed1 \u0111i\u1ec7n tho\u1ea1i ho\u1eb7c s\u1ed1 whatsapp trong tr\u01b0\u1eddng h\u1ee3p ch\u00fang t\u00f4i kh\u00f4ng li\u00ean h\u1ec7 \u0111\u01b0\u1ee3c v\u1edbi b\u1ea1n qua email)<br \/>\n    <span class=\"wpcf7-form-control-wrap your-phone\"><input type=\"tel\" name=\"your-phone\" value=\"\" size=\"40\" class=\"wpcf7-form-control wpcf7-text wpcf7-tel wpcf7-validates-as-tel\" aria-invalid=\"false\" \/><\/span> <\/label><\/p>\n<p><label> Ch\u1ee7 th\u1ec3<br \/>\n    <span class=\"wpcf7-form-control-wrap your-subject\"><input type=\"text\" name=\"your-subject\" value=\"\" size=\"40\" class=\"wpcf7-form-control wpcf7-text\" aria-invalid=\"false\" \/><\/span> <\/label><\/p>\n<p><label> Tin nh\u1eafn c\u1ee7a b\u1ea1n<br \/>\n    <span class=\"wpcf7-form-control-wrap your-message\"><textarea name=\"your-message\" cols=\"40\" rows=\"10\" class=\"wpcf7-form-control wpcf7-textarea\" aria-invalid=\"false\"><\/textarea><\/span> <\/label><\/p>\n<p><input type=\"submit\" value=\"G\u1eedi\" class=\"wpcf7-form-control wpcf7-submit\" \/><\/p>\n<p style=\"display: none !important;\" class=\"akismet-fields-container\" data-prefix=\"_wpcf7_ak_\"><label>&#916;<textarea name=\"_wpcf7_ak_hp_textarea\" cols=\"45\" rows=\"8\" maxlength=\"100\"><\/textarea><\/label><input type=\"hidden\" id=\"ak_js_1\" name=\"_wpcf7_ak_js\" value=\"178\"\/><script>document.getElementById( \"ak_js_1\" ).setAttribute( \"value\", ( new Date() ).getTime() );<\/script><\/p><div class=\"wpcf7-response-output wpcf7-display-none\"><\/div><input type=\"hidden\" name=\"trp-form-language\" value=\"vi\"\/><\/form><\/div>","protected":false},"excerpt":{"rendered":"<p>Frequently Asked Question Where are you located and how to buy your products? We are a leading LED light manufacturer located in Guangdong. China, You can easily buy our products no matter where you are. Firstly, please send us an inquiry to tell us your requirement on our website or through email, whatsapp or skype, [&hellip;]<\/p>","protected":false},"author":1,"featured_media":0,"parent":0,"menu_order":6,"comment_status":"closed","ping_status":"closed","template":"","meta":{"site-sidebar-layout":"no-sidebar","site-content-layout":"default","ast-site-content-layout":"","site-content-style":"default","site-sidebar-style":"default","ast-global-header-display":"","ast-banner-title-visibility":"","ast-main-header-display":"","ast-hfb-above-header-display":"","ast-hfb-below-header-display":"","ast-hfb-mobile-header-display":"","site-post-title":"","ast-breadcrumbs-content":"","ast-featured-img":"","footer-sml-layout":"","theme-transparent-header-meta":"default","adv-header-id-meta":"","stick-header-meta":"default","header-above-stick-meta":"","header-main-stick-meta":"","header-below-stick-meta":"","astra-migrate-meta-layouts":"default","ast-page-background-enabled":"default","ast-page-background-meta":{"desktop":{"background-color":"var(--ast-global-color-4)","background-image":"","background-repeat":"repeat","background-position":"center center","background-size":"auto","background-attachment":"scroll","background-type":"","background-media":"","overlay-type":"","overlay-color":"","overlay-gradient":""},"tablet":{"background-color":"","background-image":"","background-repeat":"repeat","background-position":"center center","background-size":"auto","background-attachment":"scroll","background-type":"","background-media":"","overlay-type":"","overlay-color":"","overlay-gradient":""},"mobile":{"background-color":"","background-image":"","background-repeat":"repeat","background-position":"center center","background-size":"auto","background-attachment":"scroll","background-type":"","background-media":"","overlay-type":"","overlay-color":"","overlay-gradient":""}},"ast-content-background-meta":{"desktop":{"background-color":"var(--ast-global-color-5)","background-image":"","background-repeat":"repeat","background-position":"center center","background-size":"auto","background-attachment":"scroll","background-type":"","background-media":"","overlay-type":"","overlay-color":"","overlay-gradient":""},"tablet":{"background-color":"var(--ast-global-color-5)","background-image":"","background-repeat":"repeat","background-position":"center center","background-size":"auto","background-attachment":"scroll","background-type":"","background-media":"","overlay-type":"","overlay-color":"","overlay-gradient":""},"mobile":{"background-color":"var(--ast-global-color-5)","background-image":"","background-repeat":"repeat","background-position":"center center","background-size":"auto","background-attachment":"scroll","background-type":"","background-media":"","overlay-type":"","overlay-color":"","overlay-gradient":""}},"footnotes":""},"class_list":["post-3037","page","type-page","status-publish","hentry"],"yoast_head":"<!-- This site is optimized with the Yoast SEO Premium plugin v22.4 (Yoast SEO v22.6) - https:\/\/yoast.com\/wordpress\/plugins\/seo\/ -->\n<title>FAQ For Regular Questions - CYREE LED<\/title>\n<meta name=\"description\" content=\"FAQ For Regular Questions About The Process of Buying Our LED Lights. For Further Support, Please Contact Us By Email.\" \/>\n<meta name=\"robots\" content=\"index, follow, max-snippet:-1, max-image-preview:large, max-video-preview:-1\" \/>\n<link rel=\"canonical\" href=\"https:\/\/www.geramled.com\/vi\/faq\/\" \/>\n<meta property=\"og:locale\" content=\"vi_VN\" \/>\n<meta property=\"og:type\" content=\"article\" \/>\n<meta property=\"og:title\" content=\"FAQ For Regular Questions - CYREE LED\" \/>\n<meta property=\"og:description\" content=\"FAQ For Regular Questions About The Process of Buying Our LED Lights. For Further Support, Please Contact Us By Email.\" \/>\n<meta property=\"og:url\" content=\"https:\/\/www.geramled.com\/vi\/faq\/\" \/>\n<meta property=\"og:site_name\" content=\"CYREE LED\" \/>\n<meta property=\"article:publisher\" content=\"https:\/\/www.facebook.com\/jerrygeram\" \/>\n<meta property=\"article:modified_time\" content=\"2020-07-02T04:19:49+00:00\" \/>\n<meta name=\"twitter:card\" content=\"summary_large_image\" \/>\n<meta name=\"twitter:site\" content=\"@jerrygeram\" \/>\n<meta name=\"twitter:label1\" content=\"Est. reading time\" \/>\n\t<meta name=\"twitter:data1\" content=\"2 minutes\" \/>\n<script type=\"application\/ld+json\" class=\"yoast-schema-graph\">{\"@context\":\"https:\/\/schema.org\",\"@graph\":[{\"@type\":\"WebPage\",\"@id\":\"https:\/\/www.geramled.com\/ko\/faq\/\",\"url\":\"https:\/\/www.geramled.com\/ko\/faq\/\",\"name\":\"FAQ For Regular Questions - CYREE LED\",\"isPartOf\":{\"@id\":\"https:\/\/www.geramled.com\/#website\"},\"datePublished\":\"2020-07-02T04:15:19+00:00\",\"dateModified\":\"2020-07-02T04:19:49+00:00\",\"description\":\"FAQ For Regular Questions About The Process of Buying Our LED Lights. For Further Support, Please Contact Us By Email.\",\"inLanguage\":\"vi\",\"potentialAction\":[{\"@type\":\"ReadAction\",\"target\":[\"https:\/\/www.geramled.com\/ko\/faq\/\"]}]},{\"@type\":\"WebSite\",\"@id\":\"https:\/\/www.geramled.com\/#website\",\"url\":\"https:\/\/www.geramled.com\/\",\"name\":\"CYREE LED\",\"description\":\"Leading LED Light Manufacturer In China\",\"publisher\":{\"@id\":\"https:\/\/www.geramled.com\/#organization\"},\"potentialAction\":[{\"@type\":\"SearchAction\",\"target\":{\"@type\":\"EntryPoint\",\"urlTemplate\":\"https:\/\/www.geramled.com\/?s={search_term_string}\"},\"query-input\":\"required name=search_term_string\"}],\"inLanguage\":\"vi\"},{\"@type\":\"Organization\",\"@id\":\"https:\/\/www.geramled.com\/#organization\",\"name\":\"CYREE LED\",\"url\":\"https:\/\/www.geramled.com\/\",\"logo\":{\"@type\":\"ImageObject\",\"inLanguage\":\"vi\",\"@id\":\"https:\/\/www.geramled.com\/#\/schema\/logo\/image\/\",\"url\":\"https:\/\/www.geramled.com\/wp-content\/uploads\/2024\/10\/site-logo.png\",\"contentUrl\":\"https:\/\/www.geramled.com\/wp-content\/uploads\/2024\/10\/site-logo.png\",\"width\":193,\"height\":339,\"caption\":\"CYREE LED\"},\"image\":{\"@id\":\"https:\/\/www.geramled.com\/#\/schema\/logo\/image\/\"},\"sameAs\":[\"https:\/\/www.facebook.com\/jerrygeram\",\"https:\/\/x.com\/jerrygeram\",\"https:\/\/www.linkedin.com\/in\/jerrymo\/\",\"https:\/\/www.youtube.com\/channel\/UCYCYojuG_s19i5MDVysy2Dg\"]}]}<\/script>\n<!-- \/ Yoast SEO Premium plugin. -->","yoast_head_json":{"title":"FAQ For Regular Questions - CYREE LED","description":"FAQ For Regular Questions About The Process of Buying Our LED Lights. For Further Support, Please Contact Us By Email.","robots":{"index":"index","follow":"follow","max-snippet":"max-snippet:-1","max-image-preview":"max-image-preview:large","max-video-preview":"max-video-preview:-1"},"canonical":"https:\/\/www.geramled.com\/vi\/faq\/","og_locale":"vi_VN","og_type":"article","og_title":"FAQ For Regular Questions - CYREE LED","og_description":"FAQ For Regular Questions About The Process of Buying Our LED Lights. For Further Support, Please Contact Us By Email.","og_url":"https:\/\/www.geramled.com\/vi\/faq\/","og_site_name":"CYREE LED","article_publisher":"https:\/\/www.facebook.com\/jerrygeram","article_modified_time":"2020-07-02T04:19:49+00:00","twitter_card":"summary_large_image","twitter_site":"@jerrygeram","twitter_misc":{"Est. reading time":"2 minutes"},"schema":{"@context":"https:\/\/schema.org","@graph":[{"@type":"WebPage","@id":"https:\/\/www.geramled.com\/ko\/faq\/","url":"https:\/\/www.geramled.com\/ko\/faq\/","name":"FAQ For Regular Questions - CYREE LED","isPartOf":{"@id":"https:\/\/www.geramled.com\/#website"},"datePublished":"2020-07-02T04:15:19+00:00","dateModified":"2020-07-02T04:19:49+00:00","description":"FAQ For Regular Questions About The Process of Buying Our LED Lights. For Further Support, Please Contact Us By Email.","inLanguage":"vi","potentialAction":[{"@type":"ReadAction","target":["https:\/\/www.geramled.com\/ko\/faq\/"]}]},{"@type":"WebSite","@id":"https:\/\/www.geramled.com\/#website","url":"https:\/\/www.geramled.com\/","name":"CYREE LED","description":"Leading LED Light Manufacturer In China","publisher":{"@id":"https:\/\/www.geramled.com\/#organization"},"potentialAction":[{"@type":"SearchAction","target":{"@type":"EntryPoint","urlTemplate":"https:\/\/www.geramled.com\/?s={search_term_string}"},"query-input":"required name=search_term_string"}],"inLanguage":"vi"},{"@type":"Organization","@id":"https:\/\/www.geramled.com\/#organization","name":"CYREE LED","url":"https:\/\/www.geramled.com\/","logo":{"@type":"ImageObject","inLanguage":"vi","@id":"https:\/\/www.geramled.com\/#\/schema\/logo\/image\/","url":"https:\/\/www.geramled.com\/wp-content\/uploads\/2024\/10\/site-logo.png","contentUrl":"https:\/\/www.geramled.com\/wp-content\/uploads\/2024\/10\/site-logo.png","width":193,"height":339,"caption":"CYREE LED"},"image":{"@id":"https:\/\/www.geramled.com\/#\/schema\/logo\/image\/"},"sameAs":["https:\/\/www.facebook.com\/jerrygeram","https:\/\/x.com\/jerrygeram","https:\/\/www.linkedin.com\/in\/jerrymo\/","https:\/\/www.youtube.com\/channel\/UCYCYojuG_s19i5MDVysy2Dg"]}]}},"_links":{"self":[{"href":"https:\/\/www.geramled.com\/vi\/wp-json\/wp\/v2\/pages\/3037","targetHints":{"allow":["GET"]}}],"collection":[{"href":"https:\/\/www.geramled.com\/vi\/wp-json\/wp\/v2\/pages"}],"about":[{"href":"https:\/\/www.geramled.com\/vi\/wp-json\/wp\/v2\/types\/page"}],"author":[{"embeddable":true,"href":"https:\/\/www.geramled.com\/vi\/wp-json\/wp\/v2\/users\/1"}],"replies":[{"embeddable":true,"href":"https:\/\/www.geramled.com\/vi\/wp-json\/wp\/v2\/comments?post=3037"}],"version-history":[{"count":0,"href":"https:\/\/www.geramled.com\/vi\/wp-json\/wp\/v2\/pages\/3037\/revisions"}],"wp:attachment":[{"href":"https:\/\/www.geramled.com\/vi\/wp-json\/wp\/v2\/media?parent=3037"}],"curies":[{"name":"wp","href":"https:\/\/api.w.org\/{rel}","templated":true}]}}