{"id":54,"date":"2020-03-31T06:21:56","date_gmt":"2020-03-31T06:21:56","guid":{"rendered":"https:\/\/www.geramled.com\/?page_id=54"},"modified":"2024-10-31T17:30:26","modified_gmt":"2024-10-31T09:30:26","slug":"about-us","status":"publish","type":"page","link":"https:\/\/www.geramled.com\/sv\/om-oss\/","title":{"rendered":"Om oss"},"content":{"rendered":"<p><em>LED-ljusleverant\u00f6r i Kina, tillverkare, grossist och export\u00f6r<\/em><\/p>\n\t\t\t\t<img decoding=\"async\" src=\"https:\/\/www.geramled.com\/wp-content\/uploads\/2020\/05\/led-light-supplier-in-china-best-oem-factory.jpg\" alt=\"led ljus leverant\u00f6r i Kina b\u00e4sta oem fabrik\" itemprop=\"image\" height=\"481\" width=\"1100\" title=\"led ljus leverant\u00f6r i Kina b\u00e4sta oem fabrik\" onerror=\"this.style.display='none'\"  \/>\n\t\t\t\t<img decoding=\"async\" src=\"https:\/\/www.geramled.com\/wp-content\/uploads\/2024\/10\/led-light-factory-in-china-01.jpg\" alt=\"led ljus fabrik i Kina\" itemprop=\"image\" height=\"600\" width=\"800\" title=\"led ljus fabrik i Kina\" onerror=\"this.style.display='none'\"  \/>\n<h2><strong>CYREE LED<\/strong><\/h2>\n<h3>Bel\u00e4get i Guangdong, Kina, \u00e4r en ledande LED-ljusleverant\u00f6r, tillverkare, grossist och export\u00f6r med cirka 10 \u00e5rs erfarenhet av produktion. V\u00e5r fabrik omfattar 20 000 kvadratmeter och \u00e4r v\u00e4lutrustad med cirka 10 produktionslinjer och 5 SMT-maskiner. Vi \u00e4r fr\u00e4mst specialiserade p\u00e5 <a href=\"https:\/\/www.geramled.com\/sv\/rgb-led-ljus\/\" target=\"_blank\" rel=\"noopener\">RGB LED-ljus<\/a>, <a href=\"https:\/\/www.geramled.com\/sv\/led-stralkastare\/\" target=\"_blank\" rel=\"noopener\">Led-str\u00e5lkastare<\/a>, <a href=\"https:\/\/www.geramled.com\/sv\/led-gatubelysning\/\" target=\"_blank\" rel=\"noopener\">LED gatubelysning<\/a>, <a href=\"https:\/\/www.geramled.com\/sv\/led-majs-glodlampa\/\" target=\"_blank\" rel=\"noopener\">LED majslampa<\/a> och <a href=\"https:\/\/www.geramled.com\/sv\/solar-led-ljus\/\" target=\"_blank\" rel=\"noopener\">solenergi LED-ljus<\/a>, etc. During recent years, we have obtained various kinds of certificates such as CE, ROHS, EMC, LVD, ERP, IEC, FCC, SAA, ISO900, etc. CYREE has strong ability in developing, production and sales. Till now our products have been exported to more than 50+ countries including USA, Germany, Italy, France, Thailand, Mexico, Saudi Arabia, UAE, Ghana, etc. We have helped many customers win lots of government projects and engineering lighting projects in the past.<\/h3>\n<h3>&#8220;Quality and service are always the first&#8221; is our value.<\/h3>\n\t<p>Vi har en v\u00e4ldigt tydlig f\u00f6retagsarkitektur. Det finns produktionsavdelning, utvecklingsavdelning, ingenj\u00f6rsavdelning, f\u00f6rs\u00e4ljningsavdelning, ekonomiavdelning, administrationsavdelning och HR-avdelning i v\u00e5rt f\u00f6retag. Varje avdelning ansvarar f\u00f6r olika jobb.<\/p>\n\t\t\t\t<img decoding=\"async\" src=\"https:\/\/www.geramled.com\/wp-content\/uploads\/2020\/05\/led-bulb-manufacturing-companies-light-fixture-manufacturers-china.jpg\" alt=\"led gl\u00f6dlampa tillverkande f\u00f6retag lampa tillverkare Kina\" itemprop=\"image\" height=\"263\" width=\"350\" title=\"led gl\u00f6dlampa tillverkande f\u00f6retag lampa tillverkare Kina\" onerror=\"this.style.display='none'\"  \/>\n<h2>\n\t\tFabrik\n\t<\/h2>\n\t<p>V\u00e5r fabrik \u00e4r p\u00e5 2 000 kvadratmeter med 10 produktionslinjer och 5 SMD-maskiner. Alla v\u00e5ra arbetare \u00e4r v\u00e4lutbildade och vi har mycket strikta regler f\u00f6r produktion.<\/p>\n\t\t\t\t<img decoding=\"async\" src=\"https:\/\/www.geramled.com\/wp-content\/uploads\/2020\/05\/commercial-lighting-supply-outdoor-led-light-manufacturers-china.jpg\" alt=\"kommersiell belysning leverans utomhus led ljus tillverkare Kina\" itemprop=\"image\" height=\"263\" width=\"350\" title=\"kommersiell belysning leverans utomhus led ljus tillverkare Kina\" onerror=\"this.style.display='none'\"  \/>\n<h2>\n\t\tS\u00e4ljteam\n\t<\/h2>\n\t<p>We have a passionate and hard-working sales team. &#8220;Quality and Service are always the first&#8221; is our value and we aim to cooperate with our customers for a long term.<\/p>\n\t\t\t\t<img decoding=\"async\" src=\"https:\/\/www.geramled.com\/wp-content\/uploads\/2020\/05\/all-in-one-solar-led-street-lights-manufacturers-china-suppliers.jpg\" alt=\"allt i ett solenergi led gatubelysning tillverkare Kina leverant\u00f6rer\" itemprop=\"image\" height=\"263\" width=\"350\" title=\"allt i ett solenergi led gatubelysning tillverkare Kina leverant\u00f6rer\" onerror=\"this.style.display='none'\"  \/>\n<h2>\n\t\tShowroom\n\t<\/h2>\n\t<p>Det finns olika typer av led-lampor som visas i v\u00e5rt showroom, inklusive LED-str\u00e5lkastarljus, LED-gatljus, LED-majslampa och LED-high Bay-ljus, etc.<\/p>\n\t<p>Som en ledande LED-ljusleverant\u00f6r i Kina \u00e4r v\u00e5r fabrik v\u00e4lutrustad. Det finns olika typer av maskiner eller enheter i v\u00e5r fabrik inklusive SMT-maskin, h\u00f6g-\/l\u00e5gtemperaturtestmaskin, integrerande sf\u00e4r, IES-rum, laserskrivare, vattent\u00e4t testb\u00e4dd, \u00e5ldringstestb\u00e4dd, etc.<\/p>\n\t\t\t\t\t<img decoding=\"async\" src=\"https:\/\/i.ytimg.com\/vi\/udwcRslG0OQ\/hqdefault.jpg\" alt=\"youtube-video-thumbnail\"\/>\n\t\t\t\t\t<img decoding=\"async\" src=\"https:\/\/i.ytimg.com\/vi\/X9kJsbZ-xhc\/hqdefault.jpg\" alt=\"youtube-video-thumbnail\"\/>\n\t\t\t\t\t<img decoding=\"async\" src=\"https:\/\/i.ytimg.com\/vi\/COR_wiARBEg\/hqdefault.jpg\" alt=\"youtube-video-thumbnail\"\/>\n\t<p>Alla v\u00e5ra arbetare \u00e4r v\u00e4lutbildade och v\u00e5r fabrik \u00e4r uppdelad i flera distrikt inklusive materialdistrikt, l\u00f6ddistrikt, monteringsdistrikt, QC-distrikt, testdistrikt, packningsdistrikt och lager.<\/p>\n\t\t\t\t<img decoding=\"async\" src=\"https:\/\/www.geramled.com\/wp-content\/uploads\/2020\/05\/outdoor-landscape-lighting-suppliers-top-lighting-manufacturers-china.jpg\" alt=\"leverant\u00f6rer av utomhuslandskapsbelysning toppbelysningstillverkare i Kina\" itemprop=\"image\" height=\"606\" width=\"1212\" title=\"leverant\u00f6rer av utomhuslandskapsbelysning toppbelysningstillverkare i Kina\" onerror=\"this.style.display='none'\"  \/>\n\t<p>Vi har erh\u00e5llit en hel del certifikat f\u00f6r de flesta av v\u00e5ra produkter, s\u00e5som CE, EMC, LVD, RoHS, FCC, SAA, ERP, SASO, UL, etc. Vi kan \u00e4ven hj\u00e4lpa dig att f\u00e5 certifikat enligt dina krav.<\/p>\n\t\t\t\t<img decoding=\"async\" src=\"https:\/\/www.geramled.com\/wp-content\/uploads\/2024\/10\/ce-rohs-led-flood-light-01.jpg\" alt=\"ce rohs led flood light\" itemprop=\"image\" height=\"377\" width=\"800\" title=\"ce rohs led flood light\" onerror=\"this.style.display='none'\"  \/>\n\t<p>Vi deltar i n\u00e5gra ljusm\u00e4ssor varje \u00e5r, s\u00e5som Canton lighting fair, Hong Kong lighting fair, American lighting fair, Frankfurt lighting fair, Dubai lighting fair, etc.<\/p>\n\t\t\t\t<img decoding=\"async\" src=\"https:\/\/www.geramled.com\/wp-content\/uploads\/2020\/05\/top-10-led-lighting-manufacturers-wholesale-lighting-suppliers-china.jpg\" alt=\"topp 10 led belysning tillverkare grossist belysning leverant\u00f6rer Kina\" itemprop=\"image\" height=\"300\" width=\"400\" title=\"topp 10 led belysning tillverkare grossist belysning leverant\u00f6rer Kina\" onerror=\"this.style.display='none'\"  \/>\n\t\t\t\t<img decoding=\"async\" src=\"https:\/\/www.geramled.com\/wp-content\/uploads\/2020\/05\/industrial-led-lighting-manufacturers-light-fitting-suppliers.jpg\" alt=\"industriell led-belysning tillverkare armatur leverant\u00f6rer\" itemprop=\"image\" height=\"300\" width=\"400\" title=\"industriell led-belysning tillverkare armatur leverant\u00f6rer\" onerror=\"this.style.display='none'\"  \/>\n\t\t\t\t<img decoding=\"async\" src=\"https:\/\/www.geramled.com\/wp-content\/uploads\/2020\/05\/led-flood-light-suppliers-led-bulbs-wholesale-suppliers-china.jpg\" alt=\"led flood light leverant\u00f6rer led bulbs grossister leverant\u00f6rer Kina\" itemprop=\"image\" height=\"300\" width=\"400\" title=\"led flood light leverant\u00f6rer led bulbs grossister leverant\u00f6rer Kina\" onerror=\"this.style.display='none'\"  \/>\n\t\t\t\t<img decoding=\"async\" src=\"https:\/\/www.geramled.com\/wp-content\/uploads\/2020\/05\/led-high-bay-light-manufacturer-warehouse-lighting-suppliers-china.jpg\" alt=\"led high bay light tillverkare lagerbelysning leverant\u00f6rer Kina\" itemprop=\"image\" height=\"300\" width=\"400\" title=\"led high bay light tillverkare lagerbelysning leverant\u00f6rer Kina\" onerror=\"this.style.display='none'\"  \/>\n\t<h2><em>M\u00e4rka:<a href=\"https:\/\/www.geramled.com\/sv\/led-light-supplier\/\"> LED-ljusleverant\u00f6r i Kina, tillverkare, grossist och export\u00f6r<\/a><\/em><\/h2>","protected":false},"excerpt":{"rendered":"<p>LED Light Supplier In China, Manufacturer, Wholesaler and Exporter CYREE LED Located in Guangdong, China, is a leading LED light supplier, manufacturer, wholesaler and exporter with about 10 years of experience in production. Our factory covers 20,000 square meters and is well-equipped with about 10 production lines and 5 SMT machines. We mainly specialize in [&hellip;]<\/p>","protected":false},"author":1,"featured_media":10575,"parent":0,"menu_order":1,"comment_status":"closed","ping_status":"closed","template":"","meta":{"site-sidebar-layout":"no-sidebar","site-content-layout":"page-builder","ast-site-content-layout":"full-width-container","site-content-style":"unboxed","site-sidebar-style":"unboxed","ast-global-header-display":"","ast-banner-title-visibility":"","ast-main-header-display":"","ast-hfb-above-header-display":"","ast-hfb-below-header-display":"","ast-hfb-mobile-header-display":"","site-post-title":"","ast-breadcrumbs-content":"","ast-featured-img":"","footer-sml-layout":"","theme-transparent-header-meta":"default","adv-header-id-meta":"","stick-header-meta":"default","header-above-stick-meta":"","header-main-stick-meta":"","header-below-stick-meta":"","astra-migrate-meta-layouts":"set","ast-page-background-enabled":"default","ast-page-background-meta":{"desktop":{"background-color":"var(--ast-global-color-4)","background-image":"","background-repeat":"repeat","background-position":"center center","background-size":"auto","background-attachment":"scroll","background-type":"","background-media":"","overlay-type":"","overlay-color":"","overlay-gradient":""},"tablet":{"background-color":"","background-image":"","background-repeat":"repeat","background-position":"center center","background-size":"auto","background-attachment":"scroll","background-type":"","background-media":"","overlay-type":"","overlay-color":"","overlay-gradient":""},"mobile":{"background-color":"","background-image":"","background-repeat":"repeat","background-position":"center center","background-size":"auto","background-attachment":"scroll","background-type":"","background-media":"","overlay-type":"","overlay-color":"","overlay-gradient":""}},"ast-content-background-meta":{"desktop":{"background-color":"var(--ast-global-color-5)","background-image":"","background-repeat":"repeat","background-position":"center center","background-size":"auto","background-attachment":"scroll","background-type":"","background-media":"","overlay-type":"","overlay-color":"","overlay-gradient":""},"tablet":{"background-color":"var(--ast-global-color-5)","background-image":"","background-repeat":"repeat","background-position":"center center","background-size":"auto","background-attachment":"scroll","background-type":"","background-media":"","overlay-type":"","overlay-color":"","overlay-gradient":""},"mobile":{"background-color":"var(--ast-global-color-5)","background-image":"","background-repeat":"repeat","background-position":"center center","background-size":"auto","background-attachment":"scroll","background-type":"","background-media":"","overlay-type":"","overlay-color":"","overlay-gradient":""}},"footnotes":""},"class_list":["post-54","page","type-page","status-publish","has-post-thumbnail","hentry"],"yoast_head":"<!-- This site is optimized with the Yoast SEO Premium plugin v22.4 (Yoast SEO v22.6) - https:\/\/yoast.com\/wordpress\/plugins\/seo\/ -->\n<title>LED Light Supplier In China LED Bulb Company | CYREE LED<\/title>\n<meta name=\"description\" content=\"Leading LED Light Supplier In China. Wholesale LED Flood Light, Street Light, RGB Light, Solar Light, Corn Bulb, High Bay Light, etc. Contact Us Now!\" \/>\n<meta name=\"robots\" content=\"index, follow, max-snippet:-1, max-image-preview:large, max-video-preview:-1\" \/>\n<link rel=\"canonical\" href=\"https:\/\/www.geramled.com\/sv\/om-oss\/\" \/>\n<meta property=\"og:locale\" content=\"sv_SE\" \/>\n<meta property=\"og:type\" content=\"article\" \/>\n<meta property=\"og:title\" content=\"LED Light Supplier In China LED Bulb Company | CYREE LED\" \/>\n<meta property=\"og:description\" content=\"Leading LED Light Supplier In China. Wholesale LED Flood Light, Street Light, RGB Light, Solar Light, Corn Bulb, High Bay Light, etc. Contact Us Now!\" \/>\n<meta property=\"og:url\" content=\"https:\/\/www.geramled.com\/sv\/om-oss\/\" \/>\n<meta property=\"og:site_name\" content=\"CYREE LED\" \/>\n<meta property=\"article:publisher\" content=\"https:\/\/www.facebook.com\/jerrygeram\" \/>\n<meta property=\"article:modified_time\" content=\"2024-10-31T09:30:26+00:00\" \/>\n<meta property=\"og:image\" content=\"https:\/\/www.geramled.com\/wp-content\/uploads\/2024\/10\/led-light-manufacturer-cyree-led.jpg\" \/>\n\t<meta property=\"og:image:width\" content=\"358\" \/>\n\t<meta property=\"og:image:height\" content=\"358\" \/>\n\t<meta property=\"og:image:type\" content=\"image\/jpeg\" \/>\n<meta name=\"twitter:card\" content=\"summary_large_image\" \/>\n<meta name=\"twitter:site\" content=\"@jerrygeram\" \/>\n<meta name=\"twitter:label1\" content=\"Est. reading time\" \/>\n\t<meta name=\"twitter:data1\" content=\"5 minutes\" \/>\n<script type=\"application\/ld+json\" class=\"yoast-schema-graph\">{\"@context\":\"https:\/\/schema.org\",\"@graph\":[{\"@type\":\"WebPage\",\"@id\":\"https:\/\/www.geramled.com\/about-us\/\",\"url\":\"https:\/\/www.geramled.com\/about-us\/\",\"name\":\"LED Light Supplier In China LED Bulb Company | CYREE LED\",\"isPartOf\":{\"@id\":\"https:\/\/www.geramled.com\/#website\"},\"primaryImageOfPage\":{\"@id\":\"https:\/\/www.geramled.com\/about-us\/#primaryimage\"},\"image\":{\"@id\":\"https:\/\/www.geramled.com\/about-us\/#primaryimage\"},\"thumbnailUrl\":\"https:\/\/www.geramled.com\/wp-content\/uploads\/2024\/10\/led-light-manufacturer-cyree-led.jpg\",\"datePublished\":\"2020-03-31T06:21:56+00:00\",\"dateModified\":\"2024-10-31T09:30:26+00:00\",\"description\":\"Leading LED Light Supplier In China. Wholesale LED Flood Light, Street Light, RGB Light, Solar Light, Corn Bulb, High Bay Light, etc. Contact Us Now!\",\"inLanguage\":\"sv-SE\",\"potentialAction\":[{\"@type\":\"ReadAction\",\"target\":[\"https:\/\/www.geramled.com\/about-us\/\"]}]},{\"@type\":\"ImageObject\",\"inLanguage\":\"sv-SE\",\"@id\":\"https:\/\/www.geramled.com\/about-us\/#primaryimage\",\"url\":\"https:\/\/www.geramled.com\/wp-content\/uploads\/2024\/10\/led-light-manufacturer-cyree-led.jpg\",\"contentUrl\":\"https:\/\/www.geramled.com\/wp-content\/uploads\/2024\/10\/led-light-manufacturer-cyree-led.jpg\",\"width\":358,\"height\":358,\"caption\":\"led light manufacturer - cyree led\"},{\"@type\":\"WebSite\",\"@id\":\"https:\/\/www.geramled.com\/#website\",\"url\":\"https:\/\/www.geramled.com\/\",\"name\":\"CYREE LED\",\"description\":\"Leading LED Light Manufacturer In China\",\"publisher\":{\"@id\":\"https:\/\/www.geramled.com\/#organization\"},\"potentialAction\":[{\"@type\":\"SearchAction\",\"target\":{\"@type\":\"EntryPoint\",\"urlTemplate\":\"https:\/\/www.geramled.com\/?s={search_term_string}\"},\"query-input\":\"required name=search_term_string\"}],\"inLanguage\":\"sv-SE\"},{\"@type\":\"Organization\",\"@id\":\"https:\/\/www.geramled.com\/#organization\",\"name\":\"CYREE LED\",\"url\":\"https:\/\/www.geramled.com\/\",\"logo\":{\"@type\":\"ImageObject\",\"inLanguage\":\"sv-SE\",\"@id\":\"https:\/\/www.geramled.com\/#\/schema\/logo\/image\/\",\"url\":\"https:\/\/www.geramled.com\/wp-content\/uploads\/2024\/10\/site-logo.png\",\"contentUrl\":\"https:\/\/www.geramled.com\/wp-content\/uploads\/2024\/10\/site-logo.png\",\"width\":193,\"height\":339,\"caption\":\"CYREE LED\"},\"image\":{\"@id\":\"https:\/\/www.geramled.com\/#\/schema\/logo\/image\/\"},\"sameAs\":[\"https:\/\/www.facebook.com\/jerrygeram\",\"https:\/\/x.com\/jerrygeram\",\"https:\/\/www.linkedin.com\/in\/jerrymo\/\",\"https:\/\/www.youtube.com\/channel\/UCYCYojuG_s19i5MDVysy2Dg\"]}]}<\/script>\n<!-- \/ Yoast SEO Premium plugin. -->","yoast_head_json":{"title":"LED Light Supplier In China LED Bulb Company | CYREE LED","description":"Leading LED Light Supplier In China. Wholesale LED Flood Light, Street Light, RGB Light, Solar Light, Corn Bulb, High Bay Light, etc. Contact Us Now!","robots":{"index":"index","follow":"follow","max-snippet":"max-snippet:-1","max-image-preview":"max-image-preview:large","max-video-preview":"max-video-preview:-1"},"canonical":"https:\/\/www.geramled.com\/sv\/om-oss\/","og_locale":"sv_SE","og_type":"article","og_title":"LED Light Supplier In China LED Bulb Company | CYREE LED","og_description":"Leading LED Light Supplier In China. Wholesale LED Flood Light, Street Light, RGB Light, Solar Light, Corn Bulb, High Bay Light, etc. Contact Us Now!","og_url":"https:\/\/www.geramled.com\/sv\/om-oss\/","og_site_name":"CYREE LED","article_publisher":"https:\/\/www.facebook.com\/jerrygeram","article_modified_time":"2024-10-31T09:30:26+00:00","og_image":[{"width":358,"height":358,"url":"https:\/\/www.geramled.com\/wp-content\/uploads\/2024\/10\/led-light-manufacturer-cyree-led.jpg","type":"image\/jpeg"}],"twitter_card":"summary_large_image","twitter_site":"@jerrygeram","twitter_misc":{"Est. reading time":"5 minutes"},"schema":{"@context":"https:\/\/schema.org","@graph":[{"@type":"WebPage","@id":"https:\/\/www.geramled.com\/about-us\/","url":"https:\/\/www.geramled.com\/about-us\/","name":"LED Light Supplier In China LED Bulb Company | CYREE LED","isPartOf":{"@id":"https:\/\/www.geramled.com\/#website"},"primaryImageOfPage":{"@id":"https:\/\/www.geramled.com\/about-us\/#primaryimage"},"image":{"@id":"https:\/\/www.geramled.com\/about-us\/#primaryimage"},"thumbnailUrl":"https:\/\/www.geramled.com\/wp-content\/uploads\/2024\/10\/led-light-manufacturer-cyree-led.jpg","datePublished":"2020-03-31T06:21:56+00:00","dateModified":"2024-10-31T09:30:26+00:00","description":"Leading LED Light Supplier In China. Wholesale LED Flood Light, Street Light, RGB Light, Solar Light, Corn Bulb, High Bay Light, etc. Contact Us Now!","inLanguage":"sv-SE","potentialAction":[{"@type":"ReadAction","target":["https:\/\/www.geramled.com\/about-us\/"]}]},{"@type":"ImageObject","inLanguage":"sv-SE","@id":"https:\/\/www.geramled.com\/about-us\/#primaryimage","url":"https:\/\/www.geramled.com\/wp-content\/uploads\/2024\/10\/led-light-manufacturer-cyree-led.jpg","contentUrl":"https:\/\/www.geramled.com\/wp-content\/uploads\/2024\/10\/led-light-manufacturer-cyree-led.jpg","width":358,"height":358,"caption":"led light manufacturer - cyree led"},{"@type":"WebSite","@id":"https:\/\/www.geramled.com\/#website","url":"https:\/\/www.geramled.com\/","name":"CYREE LED","description":"Leading LED Light Manufacturer In China","publisher":{"@id":"https:\/\/www.geramled.com\/#organization"},"potentialAction":[{"@type":"SearchAction","target":{"@type":"EntryPoint","urlTemplate":"https:\/\/www.geramled.com\/?s={search_term_string}"},"query-input":"required name=search_term_string"}],"inLanguage":"sv-SE"},{"@type":"Organization","@id":"https:\/\/www.geramled.com\/#organization","name":"CYREE LED","url":"https:\/\/www.geramled.com\/","logo":{"@type":"ImageObject","inLanguage":"sv-SE","@id":"https:\/\/www.geramled.com\/#\/schema\/logo\/image\/","url":"https:\/\/www.geramled.com\/wp-content\/uploads\/2024\/10\/site-logo.png","contentUrl":"https:\/\/www.geramled.com\/wp-content\/uploads\/2024\/10\/site-logo.png","width":193,"height":339,"caption":"CYREE LED"},"image":{"@id":"https:\/\/www.geramled.com\/#\/schema\/logo\/image\/"},"sameAs":["https:\/\/www.facebook.com\/jerrygeram","https:\/\/x.com\/jerrygeram","https:\/\/www.linkedin.com\/in\/jerrymo\/","https:\/\/www.youtube.com\/channel\/UCYCYojuG_s19i5MDVysy2Dg"]}]}},"_links":{"self":[{"href":"https:\/\/www.geramled.com\/sv\/wp-json\/wp\/v2\/pages\/54","targetHints":{"allow":["GET"]}}],"collection":[{"href":"https:\/\/www.geramled.com\/sv\/wp-json\/wp\/v2\/pages"}],"about":[{"href":"https:\/\/www.geramled.com\/sv\/wp-json\/wp\/v2\/types\/page"}],"author":[{"embeddable":true,"href":"https:\/\/www.geramled.com\/sv\/wp-json\/wp\/v2\/users\/1"}],"replies":[{"embeddable":true,"href":"https:\/\/www.geramled.com\/sv\/wp-json\/wp\/v2\/comments?post=54"}],"version-history":[{"count":0,"href":"https:\/\/www.geramled.com\/sv\/wp-json\/wp\/v2\/pages\/54\/revisions"}],"wp:featuredmedia":[{"embeddable":true,"href":"https:\/\/www.geramled.com\/sv\/wp-json\/wp\/v2\/media\/10575"}],"wp:attachment":[{"href":"https:\/\/www.geramled.com\/sv\/wp-json\/wp\/v2\/media?parent=54"}],"curies":[{"name":"wp","href":"https:\/\/api.w.org\/{rel}","templated":true}]}}