{"id":54,"date":"2020-03-31T06:21:56","date_gmt":"2020-03-31T06:21:56","guid":{"rendered":"https:\/\/www.geramled.com\/?page_id=54"},"modified":"2024-10-31T17:30:26","modified_gmt":"2024-10-31T09:30:26","slug":"about-us","status":"publish","type":"page","link":"https:\/\/www.geramled.com\/pt\/sobre-nos\/","title":{"rendered":"Sobre n\u00f3s"},"content":{"rendered":"<p><em>Fornecedor de luz LED na China, fabricante, atacadista e exportador<\/em><\/p>\n\t\t\t\t<img decoding=\"async\" src=\"https:\/\/www.geramled.com\/wp-content\/uploads\/2020\/05\/led-light-supplier-in-china-best-oem-factory.jpg\" alt=\"fornecedor de luz led na china melhor f\u00e1brica oem\" itemprop=\"image\" height=\"481\" width=\"1100\" title=\"fornecedor de luz led na china melhor f\u00e1brica oem\" onerror=\"this.style.display='none'\"  \/>\n\t\t\t\t<img decoding=\"async\" src=\"https:\/\/www.geramled.com\/wp-content\/uploads\/2024\/10\/led-light-factory-in-china-01.jpg\" alt=\"f\u00e1brica de luz led na china\" itemprop=\"image\" height=\"600\" width=\"800\" title=\"f\u00e1brica de luz led na china\" onerror=\"this.style.display='none'\"  \/>\n<h2><strong>CYREE LED<\/strong><\/h2>\n<h3>Localizada em Guangdong, China, \u00e9 um fornecedor, fabricante, atacadista e exportador l\u00edder de luz LED com cerca de 10 anos de experi\u00eancia em produ\u00e7\u00e3o. Nossa f\u00e1brica ocupa 20.000 metros quadrados e est\u00e1 bem equipada com cerca de 10 linhas de produ\u00e7\u00e3o e 5 m\u00e1quinas SMT. Somos especializados principalmente em <a href=\"https:\/\/www.geramled.com\/pt\/luz-led-rgb\/\" target=\"_blank\" rel=\"noopener\">Luz LED RGB<\/a>, <a href=\"https:\/\/www.geramled.com\/pt\/luz-de-led\/\" target=\"_blank\" rel=\"noopener\">Luz de LED<\/a>, <a href=\"https:\/\/www.geramled.com\/pt\/luz-de-rua-conduzida\/\" target=\"_blank\" rel=\"noopener\">Luz de rua LED<\/a>, <a href=\"https:\/\/www.geramled.com\/pt\/lampada-de-milho-led\/\" target=\"_blank\" rel=\"noopener\">L\u00e2mpada LED de milho<\/a> e <a href=\"https:\/\/www.geramled.com\/pt\/luz-solar-conduzida\/\" target=\"_blank\" rel=\"noopener\">luz LED solar<\/a>, etc. During recent years, we have obtained various kinds of certificates such as CE, ROHS, EMC, LVD, ERP, IEC, FCC, SAA, ISO900, etc. CYREE has strong ability in developing, production and sales. Till now our products have been exported to more than 50+ countries including USA, Germany, Italy, France, Thailand, Mexico, Saudi Arabia, UAE, Ghana, etc. We have helped many customers win lots of government projects and engineering lighting projects in the past.<\/h3>\n<h3>&#8220;Quality and service are always the first&#8221; is our value.<\/h3>\n\t<p>Temos uma arquitetura de empresa muito clara. H\u00e1 departamento de produ\u00e7\u00e3o, departamento de desenvolvimento, departamento de engenharia, departamento de vendas, departamento financeiro, departamento de administra\u00e7\u00e3o e departamento de RH em nossa empresa. Cada departamento \u00e9 respons\u00e1vel por trabalhos diferentes.<\/p>\n\t\t\t\t<img decoding=\"async\" src=\"https:\/\/www.geramled.com\/wp-content\/uploads\/2020\/05\/led-bulb-manufacturing-companies-light-fixture-manufacturers-china.jpg\" alt=\"empresas de fabrica\u00e7\u00e3o de l\u00e2mpadas led fabricantes de lumin\u00e1rias china\" itemprop=\"image\" height=\"263\" width=\"350\" title=\"empresas de fabrica\u00e7\u00e3o de l\u00e2mpadas led fabricantes de lumin\u00e1rias china\" onerror=\"this.style.display='none'\"  \/>\n<h2>\n\t\tF\u00e1brica\n\t<\/h2>\n\t<p>Nossa f\u00e1brica tem 2.000 metros quadrados com 10 linhas de produ\u00e7\u00e3o e 5 m\u00e1quinas SMD. Todos os nossos trabalhadores s\u00e3o bem treinados e temos regras de produ\u00e7\u00e3o muito r\u00edgidas.<\/p>\n\t\t\t\t<img decoding=\"async\" src=\"https:\/\/www.geramled.com\/wp-content\/uploads\/2020\/05\/commercial-lighting-supply-outdoor-led-light-manufacturers-china.jpg\" alt=\"fornecimento de ilumina\u00e7\u00e3o comercial fabricantes de luz led externa china\" itemprop=\"image\" height=\"263\" width=\"350\" title=\"fornecimento de ilumina\u00e7\u00e3o comercial fabricantes de luz led externa china\" onerror=\"this.style.display='none'\"  \/>\n<h2>\n\t\tEquipe de vendas\n\t<\/h2>\n\t<p>We have a passionate and hard-working sales team. &#8220;Quality and Service are always the first&#8221; is our value and we aim to cooperate with our customers for a long term.<\/p>\n\t\t\t\t<img decoding=\"async\" src=\"https:\/\/www.geramled.com\/wp-content\/uploads\/2020\/05\/all-in-one-solar-led-street-lights-manufacturers-china-suppliers.jpg\" alt=\"tudo em um fabricante de luzes de rua LED solares fornecedores da China\" itemprop=\"image\" height=\"263\" width=\"350\" title=\"tudo em um fabricante de luzes de rua LED solares fornecedores da China\" onerror=\"this.style.display='none'\"  \/>\n<h2>\n\t\tShowroom\n\t<\/h2>\n\t<p>Existem v\u00e1rios tipos de lumin\u00e1rias LED exibidas em nosso showroom, incluindo holofote LED, lumin\u00e1ria de rua LED, l\u00e2mpada LED de milho e lumin\u00e1ria LED de alto brilho, etc.<\/p>\n\t<p>Como fornecedor l\u00edder de luz LED na China, nossa f\u00e1brica est\u00e1 bem equipada. Existem v\u00e1rios tipos de m\u00e1quinas ou dispositivos em nossa f\u00e1brica, incluindo m\u00e1quina SMT, m\u00e1quina de teste de alta\/baixa temperatura, esfera de integra\u00e7\u00e3o, sala IES, impressora a laser, cama de teste \u00e0 prova d&#039;\u00e1gua, cama de teste de envelhecimento, etc.<\/p>\n\t\t\t\t\t<img decoding=\"async\" src=\"https:\/\/i.ytimg.com\/vi\/udwcRslG0OQ\/hqdefault.jpg\" alt=\"youtube-video-thumbnail\"\/>\n\t\t\t\t\t<img decoding=\"async\" src=\"https:\/\/i.ytimg.com\/vi\/X9kJsbZ-xhc\/hqdefault.jpg\" alt=\"youtube-video-thumbnail\"\/>\n\t\t\t\t\t<img decoding=\"async\" src=\"https:\/\/i.ytimg.com\/vi\/COR_wiARBEg\/hqdefault.jpg\" alt=\"youtube-video-thumbnail\"\/>\n\t<p>Todos os nossos trabalhadores s\u00e3o bem treinados e nossa f\u00e1brica \u00e9 dividida em v\u00e1rios distritos, incluindo distrito de materiais, distrito de soldagem, distrito de montagem, distrito de controle de qualidade, distrito de testes, distrito de embalagem e armaz\u00e9m.<\/p>\n\t\t\t\t<img decoding=\"async\" src=\"https:\/\/www.geramled.com\/wp-content\/uploads\/2020\/05\/outdoor-landscape-lighting-suppliers-top-lighting-manufacturers-china.jpg\" alt=\"fornecedores de ilumina\u00e7\u00e3o paisag\u00edstica externa principais fabricantes de ilumina\u00e7\u00e3o china\" itemprop=\"image\" height=\"606\" width=\"1212\" title=\"fornecedores de ilumina\u00e7\u00e3o paisag\u00edstica externa principais fabricantes de ilumina\u00e7\u00e3o china\" onerror=\"this.style.display='none'\"  \/>\n\t<p>Obtivemos muitos certificados para a maioria dos nossos produtos, como CE, EMC, LVD, RoHS, FCC, SAA, ERP, SASO, UL, etc.<\/p>\n\t\t\t\t<img decoding=\"async\" src=\"https:\/\/www.geramled.com\/wp-content\/uploads\/2024\/10\/ce-rohs-led-flood-light-01.jpg\" alt=\"ce rohs led flood light\" itemprop=\"image\" height=\"377\" width=\"800\" title=\"ce rohs led flood light\" onerror=\"this.style.display='none'\"  \/>\n\t<p>Participamos de algumas feiras de ilumina\u00e7\u00e3o todos os anos, como feira de ilumina\u00e7\u00e3o de Cant\u00e3o, feira de ilumina\u00e7\u00e3o de Hong Kong, feira de ilumina\u00e7\u00e3o americana, feira de ilumina\u00e7\u00e3o de Frankfurt, feira de ilumina\u00e7\u00e3o de Dubai, etc.<\/p>\n\t\t\t\t<img decoding=\"async\" src=\"https:\/\/www.geramled.com\/wp-content\/uploads\/2020\/05\/top-10-led-lighting-manufacturers-wholesale-lighting-suppliers-china.jpg\" alt=\"Os 10 principais fabricantes de ilumina\u00e7\u00e3o LED fornecedores de ilumina\u00e7\u00e3o no atacado na China\" itemprop=\"image\" height=\"300\" width=\"400\" title=\"Os 10 principais fabricantes de ilumina\u00e7\u00e3o LED fornecedores de ilumina\u00e7\u00e3o no atacado na China\" onerror=\"this.style.display='none'\"  \/>\n\t\t\t\t<img decoding=\"async\" src=\"https:\/\/www.geramled.com\/wp-content\/uploads\/2020\/05\/industrial-led-lighting-manufacturers-light-fitting-suppliers.jpg\" alt=\"fabricantes de ilumina\u00e7\u00e3o led industrial fornecedores de lumin\u00e1rias\" itemprop=\"image\" height=\"300\" width=\"400\" title=\"fabricantes de ilumina\u00e7\u00e3o led industrial fornecedores de lumin\u00e1rias\" onerror=\"this.style.display='none'\"  \/>\n\t\t\t\t<img decoding=\"async\" src=\"https:\/\/www.geramled.com\/wp-content\/uploads\/2020\/05\/led-flood-light-suppliers-led-bulbs-wholesale-suppliers-china.jpg\" alt=\"fornecedores de holofotes led l\u00e2mpadas led fornecedores atacadistas china\" itemprop=\"image\" height=\"300\" width=\"400\" title=\"fornecedores de holofotes led l\u00e2mpadas led fornecedores atacadistas china\" onerror=\"this.style.display='none'\"  \/>\n\t\t\t\t<img decoding=\"async\" src=\"https:\/\/www.geramled.com\/wp-content\/uploads\/2020\/05\/led-high-bay-light-manufacturer-warehouse-lighting-suppliers-china.jpg\" alt=\"fabricante de luz led high bay fornecedores de ilumina\u00e7\u00e3o de armaz\u00e9m china\" itemprop=\"image\" height=\"300\" width=\"400\" title=\"fabricante de luz led high bay fornecedores de ilumina\u00e7\u00e3o de armaz\u00e9m china\" onerror=\"this.style.display='none'\"  \/>\n\t<h2><em>Marca\u00e7\u00e3o:<a href=\"https:\/\/www.geramled.com\/pt\/led-light-supplier\/\"> Fornecedor de luz LED na China, fabricante, atacadista e exportador<\/a><\/em><\/h2>","protected":false},"excerpt":{"rendered":"<p>LED Light Supplier In China, Manufacturer, Wholesaler and Exporter CYREE LED Located in Guangdong, China, is a leading LED light supplier, manufacturer, wholesaler and exporter with about 10 years of experience in production. Our factory covers 20,000 square meters and is well-equipped with about 10 production lines and 5 SMT machines. We mainly specialize in [&hellip;]<\/p>","protected":false},"author":1,"featured_media":10575,"parent":0,"menu_order":1,"comment_status":"closed","ping_status":"closed","template":"","meta":{"site-sidebar-layout":"no-sidebar","site-content-layout":"page-builder","ast-site-content-layout":"full-width-container","site-content-style":"unboxed","site-sidebar-style":"unboxed","ast-global-header-display":"","ast-banner-title-visibility":"","ast-main-header-display":"","ast-hfb-above-header-display":"","ast-hfb-below-header-display":"","ast-hfb-mobile-header-display":"","site-post-title":"","ast-breadcrumbs-content":"","ast-featured-img":"","footer-sml-layout":"","theme-transparent-header-meta":"default","adv-header-id-meta":"","stick-header-meta":"default","header-above-stick-meta":"","header-main-stick-meta":"","header-below-stick-meta":"","astra-migrate-meta-layouts":"set","ast-page-background-enabled":"default","ast-page-background-meta":{"desktop":{"background-color":"var(--ast-global-color-4)","background-image":"","background-repeat":"repeat","background-position":"center center","background-size":"auto","background-attachment":"scroll","background-type":"","background-media":"","overlay-type":"","overlay-color":"","overlay-gradient":""},"tablet":{"background-color":"","background-image":"","background-repeat":"repeat","background-position":"center center","background-size":"auto","background-attachment":"scroll","background-type":"","background-media":"","overlay-type":"","overlay-color":"","overlay-gradient":""},"mobile":{"background-color":"","background-image":"","background-repeat":"repeat","background-position":"center center","background-size":"auto","background-attachment":"scroll","background-type":"","background-media":"","overlay-type":"","overlay-color":"","overlay-gradient":""}},"ast-content-background-meta":{"desktop":{"background-color":"var(--ast-global-color-5)","background-image":"","background-repeat":"repeat","background-position":"center center","background-size":"auto","background-attachment":"scroll","background-type":"","background-media":"","overlay-type":"","overlay-color":"","overlay-gradient":""},"tablet":{"background-color":"var(--ast-global-color-5)","background-image":"","background-repeat":"repeat","background-position":"center center","background-size":"auto","background-attachment":"scroll","background-type":"","background-media":"","overlay-type":"","overlay-color":"","overlay-gradient":""},"mobile":{"background-color":"var(--ast-global-color-5)","background-image":"","background-repeat":"repeat","background-position":"center center","background-size":"auto","background-attachment":"scroll","background-type":"","background-media":"","overlay-type":"","overlay-color":"","overlay-gradient":""}},"footnotes":""},"class_list":["post-54","page","type-page","status-publish","has-post-thumbnail","hentry"],"yoast_head":"<!-- This site is optimized with the Yoast SEO Premium plugin v22.4 (Yoast SEO v22.6) - https:\/\/yoast.com\/wordpress\/plugins\/seo\/ -->\n<title>LED Light Supplier In China LED Bulb Company | CYREE LED<\/title>\n<meta name=\"description\" content=\"Leading LED Light Supplier In China. Wholesale LED Flood Light, Street Light, RGB Light, Solar Light, Corn Bulb, High Bay Light, etc. Contact Us Now!\" \/>\n<meta name=\"robots\" content=\"index, follow, max-snippet:-1, max-image-preview:large, max-video-preview:-1\" \/>\n<link rel=\"canonical\" href=\"https:\/\/www.geramled.com\/pt\/sobre-nos\/\" \/>\n<meta property=\"og:locale\" content=\"pt_PT\" \/>\n<meta property=\"og:type\" content=\"article\" \/>\n<meta property=\"og:title\" content=\"LED Light Supplier In China LED Bulb Company | CYREE LED\" \/>\n<meta property=\"og:description\" content=\"Leading LED Light Supplier In China. Wholesale LED Flood Light, Street Light, RGB Light, Solar Light, Corn Bulb, High Bay Light, etc. Contact Us Now!\" \/>\n<meta property=\"og:url\" content=\"https:\/\/www.geramled.com\/pt\/sobre-nos\/\" \/>\n<meta property=\"og:site_name\" content=\"CYREE LED\" \/>\n<meta property=\"article:publisher\" content=\"https:\/\/www.facebook.com\/jerrygeram\" \/>\n<meta property=\"article:modified_time\" content=\"2024-10-31T09:30:26+00:00\" \/>\n<meta property=\"og:image\" content=\"https:\/\/www.geramled.com\/wp-content\/uploads\/2024\/10\/led-light-manufacturer-cyree-led.jpg\" \/>\n\t<meta property=\"og:image:width\" content=\"358\" \/>\n\t<meta property=\"og:image:height\" content=\"358\" \/>\n\t<meta property=\"og:image:type\" content=\"image\/jpeg\" \/>\n<meta name=\"twitter:card\" content=\"summary_large_image\" \/>\n<meta name=\"twitter:site\" content=\"@jerrygeram\" \/>\n<meta name=\"twitter:label1\" content=\"Est. reading time\" \/>\n\t<meta name=\"twitter:data1\" content=\"5 minutes\" \/>\n<script type=\"application\/ld+json\" class=\"yoast-schema-graph\">{\"@context\":\"https:\/\/schema.org\",\"@graph\":[{\"@type\":\"WebPage\",\"@id\":\"https:\/\/www.geramled.com\/about-us\/\",\"url\":\"https:\/\/www.geramled.com\/about-us\/\",\"name\":\"LED Light Supplier In China LED Bulb Company | CYREE LED\",\"isPartOf\":{\"@id\":\"https:\/\/www.geramled.com\/#website\"},\"primaryImageOfPage\":{\"@id\":\"https:\/\/www.geramled.com\/about-us\/#primaryimage\"},\"image\":{\"@id\":\"https:\/\/www.geramled.com\/about-us\/#primaryimage\"},\"thumbnailUrl\":\"https:\/\/www.geramled.com\/wp-content\/uploads\/2024\/10\/led-light-manufacturer-cyree-led.jpg\",\"datePublished\":\"2020-03-31T06:21:56+00:00\",\"dateModified\":\"2024-10-31T09:30:26+00:00\",\"description\":\"Leading LED Light Supplier In China. Wholesale LED Flood Light, Street Light, RGB Light, Solar Light, Corn Bulb, High Bay Light, etc. Contact Us Now!\",\"inLanguage\":\"pt-PT\",\"potentialAction\":[{\"@type\":\"ReadAction\",\"target\":[\"https:\/\/www.geramled.com\/about-us\/\"]}]},{\"@type\":\"ImageObject\",\"inLanguage\":\"pt-PT\",\"@id\":\"https:\/\/www.geramled.com\/about-us\/#primaryimage\",\"url\":\"https:\/\/www.geramled.com\/wp-content\/uploads\/2024\/10\/led-light-manufacturer-cyree-led.jpg\",\"contentUrl\":\"https:\/\/www.geramled.com\/wp-content\/uploads\/2024\/10\/led-light-manufacturer-cyree-led.jpg\",\"width\":358,\"height\":358,\"caption\":\"led light manufacturer - cyree led\"},{\"@type\":\"WebSite\",\"@id\":\"https:\/\/www.geramled.com\/#website\",\"url\":\"https:\/\/www.geramled.com\/\",\"name\":\"CYREE LED\",\"description\":\"Leading LED Light Manufacturer In China\",\"publisher\":{\"@id\":\"https:\/\/www.geramled.com\/#organization\"},\"potentialAction\":[{\"@type\":\"SearchAction\",\"target\":{\"@type\":\"EntryPoint\",\"urlTemplate\":\"https:\/\/www.geramled.com\/?s={search_term_string}\"},\"query-input\":\"required name=search_term_string\"}],\"inLanguage\":\"pt-PT\"},{\"@type\":\"Organization\",\"@id\":\"https:\/\/www.geramled.com\/#organization\",\"name\":\"CYREE LED\",\"url\":\"https:\/\/www.geramled.com\/\",\"logo\":{\"@type\":\"ImageObject\",\"inLanguage\":\"pt-PT\",\"@id\":\"https:\/\/www.geramled.com\/#\/schema\/logo\/image\/\",\"url\":\"https:\/\/www.geramled.com\/wp-content\/uploads\/2024\/10\/site-logo.png\",\"contentUrl\":\"https:\/\/www.geramled.com\/wp-content\/uploads\/2024\/10\/site-logo.png\",\"width\":193,\"height\":339,\"caption\":\"CYREE LED\"},\"image\":{\"@id\":\"https:\/\/www.geramled.com\/#\/schema\/logo\/image\/\"},\"sameAs\":[\"https:\/\/www.facebook.com\/jerrygeram\",\"https:\/\/x.com\/jerrygeram\",\"https:\/\/www.linkedin.com\/in\/jerrymo\/\",\"https:\/\/www.youtube.com\/channel\/UCYCYojuG_s19i5MDVysy2Dg\"]}]}<\/script>\n<!-- \/ Yoast SEO Premium plugin. -->","yoast_head_json":{"title":"LED Light Supplier In China LED Bulb Company | CYREE LED","description":"Leading LED Light Supplier In China. Wholesale LED Flood Light, Street Light, RGB Light, Solar Light, Corn Bulb, High Bay Light, etc. Contact Us Now!","robots":{"index":"index","follow":"follow","max-snippet":"max-snippet:-1","max-image-preview":"max-image-preview:large","max-video-preview":"max-video-preview:-1"},"canonical":"https:\/\/www.geramled.com\/pt\/sobre-nos\/","og_locale":"pt_PT","og_type":"article","og_title":"LED Light Supplier In China LED Bulb Company | CYREE LED","og_description":"Leading LED Light Supplier In China. Wholesale LED Flood Light, Street Light, RGB Light, Solar Light, Corn Bulb, High Bay Light, etc. Contact Us Now!","og_url":"https:\/\/www.geramled.com\/pt\/sobre-nos\/","og_site_name":"CYREE LED","article_publisher":"https:\/\/www.facebook.com\/jerrygeram","article_modified_time":"2024-10-31T09:30:26+00:00","og_image":[{"width":358,"height":358,"url":"https:\/\/www.geramled.com\/wp-content\/uploads\/2024\/10\/led-light-manufacturer-cyree-led.jpg","type":"image\/jpeg"}],"twitter_card":"summary_large_image","twitter_site":"@jerrygeram","twitter_misc":{"Est. reading time":"5 minutes"},"schema":{"@context":"https:\/\/schema.org","@graph":[{"@type":"WebPage","@id":"https:\/\/www.geramled.com\/about-us\/","url":"https:\/\/www.geramled.com\/about-us\/","name":"LED Light Supplier In China LED Bulb Company | CYREE LED","isPartOf":{"@id":"https:\/\/www.geramled.com\/#website"},"primaryImageOfPage":{"@id":"https:\/\/www.geramled.com\/about-us\/#primaryimage"},"image":{"@id":"https:\/\/www.geramled.com\/about-us\/#primaryimage"},"thumbnailUrl":"https:\/\/www.geramled.com\/wp-content\/uploads\/2024\/10\/led-light-manufacturer-cyree-led.jpg","datePublished":"2020-03-31T06:21:56+00:00","dateModified":"2024-10-31T09:30:26+00:00","description":"Leading LED Light Supplier In China. Wholesale LED Flood Light, Street Light, RGB Light, Solar Light, Corn Bulb, High Bay Light, etc. Contact Us Now!","inLanguage":"pt-PT","potentialAction":[{"@type":"ReadAction","target":["https:\/\/www.geramled.com\/about-us\/"]}]},{"@type":"ImageObject","inLanguage":"pt-PT","@id":"https:\/\/www.geramled.com\/about-us\/#primaryimage","url":"https:\/\/www.geramled.com\/wp-content\/uploads\/2024\/10\/led-light-manufacturer-cyree-led.jpg","contentUrl":"https:\/\/www.geramled.com\/wp-content\/uploads\/2024\/10\/led-light-manufacturer-cyree-led.jpg","width":358,"height":358,"caption":"led light manufacturer - cyree led"},{"@type":"WebSite","@id":"https:\/\/www.geramled.com\/#website","url":"https:\/\/www.geramled.com\/","name":"CYREE LED","description":"Leading LED Light Manufacturer In China","publisher":{"@id":"https:\/\/www.geramled.com\/#organization"},"potentialAction":[{"@type":"SearchAction","target":{"@type":"EntryPoint","urlTemplate":"https:\/\/www.geramled.com\/?s={search_term_string}"},"query-input":"required name=search_term_string"}],"inLanguage":"pt-PT"},{"@type":"Organization","@id":"https:\/\/www.geramled.com\/#organization","name":"CYREE LED","url":"https:\/\/www.geramled.com\/","logo":{"@type":"ImageObject","inLanguage":"pt-PT","@id":"https:\/\/www.geramled.com\/#\/schema\/logo\/image\/","url":"https:\/\/www.geramled.com\/wp-content\/uploads\/2024\/10\/site-logo.png","contentUrl":"https:\/\/www.geramled.com\/wp-content\/uploads\/2024\/10\/site-logo.png","width":193,"height":339,"caption":"CYREE LED"},"image":{"@id":"https:\/\/www.geramled.com\/#\/schema\/logo\/image\/"},"sameAs":["https:\/\/www.facebook.com\/jerrygeram","https:\/\/x.com\/jerrygeram","https:\/\/www.linkedin.com\/in\/jerrymo\/","https:\/\/www.youtube.com\/channel\/UCYCYojuG_s19i5MDVysy2Dg"]}]}},"_links":{"self":[{"href":"https:\/\/www.geramled.com\/pt\/wp-json\/wp\/v2\/pages\/54","targetHints":{"allow":["GET"]}}],"collection":[{"href":"https:\/\/www.geramled.com\/pt\/wp-json\/wp\/v2\/pages"}],"about":[{"href":"https:\/\/www.geramled.com\/pt\/wp-json\/wp\/v2\/types\/page"}],"author":[{"embeddable":true,"href":"https:\/\/www.geramled.com\/pt\/wp-json\/wp\/v2\/users\/1"}],"replies":[{"embeddable":true,"href":"https:\/\/www.geramled.com\/pt\/wp-json\/wp\/v2\/comments?post=54"}],"version-history":[{"count":0,"href":"https:\/\/www.geramled.com\/pt\/wp-json\/wp\/v2\/pages\/54\/revisions"}],"wp:featuredmedia":[{"embeddable":true,"href":"https:\/\/www.geramled.com\/pt\/wp-json\/wp\/v2\/media\/10575"}],"wp:attachment":[{"href":"https:\/\/www.geramled.com\/pt\/wp-json\/wp\/v2\/media?parent=54"}],"curies":[{"name":"wp","href":"https:\/\/api.w.org\/{rel}","templated":true}]}}