{"id":54,"date":"2020-03-31T06:21:56","date_gmt":"2020-03-31T06:21:56","guid":{"rendered":"https:\/\/www.geramled.com\/?page_id=54"},"modified":"2024-10-31T17:30:26","modified_gmt":"2024-10-31T09:30:26","slug":"about-us","status":"publish","type":"page","link":"https:\/\/www.geramled.com\/lt\/apie-mus\/","title":{"rendered":"Apie mus"},"content":{"rendered":"<p><em>LED \u0161viesos tiek\u0117jas Kinijoje, gamintojas, didmenininkas ir eksportuotojas<\/em><\/p>\n\t\t\t\t<img decoding=\"async\" src=\"https:\/\/www.geramled.com\/wp-content\/uploads\/2020\/05\/led-light-supplier-in-china-best-oem-factory.jpg\" alt=\"LED \u0161viesos tiek\u0117jas Kinijoje, geriausia OEM gamykla\" itemprop=\"image\" height=\"481\" width=\"1100\" title=\"LED \u0161viesos tiek\u0117jas Kinijoje, geriausia OEM gamykla\" onerror=\"this.style.display='none'\"  \/>\n\t\t\t\t<img decoding=\"async\" src=\"https:\/\/www.geramled.com\/wp-content\/uploads\/2024\/10\/led-light-factory-in-china-01.jpg\" alt=\"LED \u0161viestuv\u0173 gamykla Kinijoje\" itemprop=\"image\" height=\"600\" width=\"800\" title=\"LED \u0161viestuv\u0173 gamykla Kinijoje\" onerror=\"this.style.display='none'\"  \/>\n<h2><strong>CYREE LED<\/strong><\/h2>\n<h3>\u012esik\u016br\u0119s Guangdong mieste, Kinijoje, yra pirmaujantis LED \u0161viesos tiek\u0117jas, gamintojas, didmenininkas ir eksportuotojas, turintis apie 10 met\u0173 gamybos patirt\u012f. M\u016bs\u0173 gamykla u\u017eima 20 000 kvadratini\u0173 metr\u0173 ir yra gerai \u012frengta apie 10 gamybos linij\u0173 ir 5 SMT ma\u0161inos. Mes daugiausia specializuojam\u0117s <a href=\"https:\/\/www.geramled.com\/lt\/rgb-led-lempute\/\" target=\"_blank\" rel=\"noopener\">RGB LED lemput\u0117<\/a>, <a href=\"https:\/\/www.geramled.com\/lt\/led-prozektorius\/\" target=\"_blank\" rel=\"noopener\">LED pro\u017eektori\u0173 \u0161viesa<\/a>, <a href=\"https:\/\/www.geramled.com\/lt\/led-gatves-sviesa\/\" target=\"_blank\" rel=\"noopener\">LED gatv\u0117s \u0161viestuvas<\/a>, <a href=\"https:\/\/www.geramled.com\/lt\/led-kukuruzu-lempute\/\" target=\"_blank\" rel=\"noopener\">LED kukur\u016bz\u0173 lemput\u0117<\/a> ir <a href=\"https:\/\/www.geramled.com\/lt\/saules-led-lempute\/\" target=\"_blank\" rel=\"noopener\">saul\u0117s LED lemput\u0117<\/a>, etc. During recent years, we have obtained various kinds of certificates such as CE, ROHS, EMC, LVD, ERP, IEC, FCC, SAA, ISO900, etc. CYREE has strong ability in developing, production and sales. Till now our products have been exported to more than 50+ countries including USA, Germany, Italy, France, Thailand, Mexico, Saudi Arabia, UAE, Ghana, etc. We have helped many customers win lots of government projects and engineering lighting projects in the past.<\/h3>\n<h3>&#8220;Quality and service are always the first&#8221; is our value.<\/h3>\n\t<p>Turime labai ai\u0161ki\u0105 \u012fmon\u0117s architekt\u016br\u0105. M\u016bs\u0173 \u012fmon\u0117je yra gamybos skyrius, pl\u0117tros skyrius, in\u017einerijos skyrius, pardavimo skyrius, finans\u0173 skyrius, administravimo skyrius ir personalo skyrius. Kiekvienas skyrius yra atsakingas u\u017e skirtingus darbus.<\/p>\n\t\t\t\t<img decoding=\"async\" src=\"https:\/\/www.geramled.com\/wp-content\/uploads\/2020\/05\/led-bulb-manufacturing-companies-light-fixture-manufacturers-china.jpg\" alt=\"led lemputes gaminan\u010dios \u012fmon\u0117s \u0161viestuv\u0173 gamintojai Kinija\" itemprop=\"image\" height=\"263\" width=\"350\" title=\"led lemputes gaminan\u010dios \u012fmon\u0117s \u0161viestuv\u0173 gamintojai Kinija\" onerror=\"this.style.display='none'\"  \/>\n<h2>\n\t\tGamykla\n\t<\/h2>\n\t<p>M\u016bs\u0173 gamykla yra 2000 kvadratini\u0173 metr\u0173 su 10 gamybos linij\u0173 ir 5 SMD ma\u0161inomis. Visi m\u016bs\u0173 darbuotojai yra gerai apmokyti ir turime labai grie\u017etas gamybos taisykles.<\/p>\n\t\t\t\t<img decoding=\"async\" src=\"https:\/\/www.geramled.com\/wp-content\/uploads\/2020\/05\/commercial-lighting-supply-outdoor-led-light-manufacturers-china.jpg\" alt=\"komercinio ap\u0161vietimo tiekimas lauko LED \u0161viestuv\u0173 gamintojai Kinijoje\" itemprop=\"image\" height=\"263\" width=\"350\" title=\"komercinio ap\u0161vietimo tiekimas lauko LED \u0161viestuv\u0173 gamintojai Kinijoje\" onerror=\"this.style.display='none'\"  \/>\n<h2>\n\t\tPardavim\u0173 komanda\n\t<\/h2>\n\t<p>We have a passionate and hard-working sales team. &#8220;Quality and Service are always the first&#8221; is our value and we aim to cooperate with our customers for a long term.<\/p>\n\t\t\t\t<img decoding=\"async\" src=\"https:\/\/www.geramled.com\/wp-content\/uploads\/2020\/05\/all-in-one-solar-led-street-lights-manufacturers-china-suppliers.jpg\" alt=\"viskas viename saul\u0117s LED gatvi\u0173 \u017eibint\u0173 gamintojai Kinijos tiek\u0117jai\" itemprop=\"image\" height=\"263\" width=\"350\" title=\"viskas viename saul\u0117s LED gatvi\u0173 \u017eibint\u0173 gamintojai Kinijos tiek\u0117jai\" onerror=\"this.style.display='none'\"  \/>\n<h2>\n\t\tParod\u0173 sal\u0117\n\t<\/h2>\n\t<p>M\u016bs\u0173 salone rodomi \u012fvair\u016bs LED \u017eibintai, \u012fskaitant LED pro\u017eektori\u0173, LED gatvi\u0173 ap\u0161vietim\u0105, LED kukur\u016bz\u0173 lemput\u0119 ir LED auk\u0161t\u0105 \u0161vies\u0105 ir kt.<\/p>\n\t<p>Kaip pirmaujanti LED \u0161viesos tiek\u0117ja Kinijoje, m\u016bs\u0173 gamykla yra gerai \u012frengta. M\u016bs\u0173 gamykloje yra \u012fvairi\u0173 ma\u0161in\u0173 ar prietais\u0173, \u012fskaitant SMT ma\u0161in\u0105, auk\u0161tos \/ \u017eemos temperat\u016bros bandymo ma\u0161in\u0105, integruojan\u010di\u0105 sfer\u0105, IES kambar\u012f, lazerin\u012f spausdintuv\u0105, vandeniui atspari\u0105 bandymo lov\u0105, sen\u0117jimo bandymo lov\u0105 ir kt.<\/p>\n\t\t\t\t\t<img decoding=\"async\" src=\"https:\/\/i.ytimg.com\/vi\/udwcRslG0OQ\/hqdefault.jpg\" alt=\"youtube-video-thumbnail\"\/>\n\t\t\t\t\t<img decoding=\"async\" src=\"https:\/\/i.ytimg.com\/vi\/X9kJsbZ-xhc\/hqdefault.jpg\" alt=\"youtube-video-thumbnail\"\/>\n\t\t\t\t\t<img decoding=\"async\" src=\"https:\/\/i.ytimg.com\/vi\/COR_wiARBEg\/hqdefault.jpg\" alt=\"youtube-video-thumbnail\"\/>\n\t<p>Visi m\u016bs\u0173 darbuotojai yra gerai apmokyti, o m\u016bs\u0173 gamykla yra suskirstyta \u012f kelis rajonus, \u012fskaitant med\u017eiag\u0173 rajon\u0105, litavimo rajon\u0105, surinkimo rajon\u0105, QC rajon\u0105, bandym\u0173 rajon\u0105, pakavimo rajon\u0105 ir sand\u0117l\u012f.<\/p>\n\t\t\t\t<img decoding=\"async\" src=\"https:\/\/www.geramled.com\/wp-content\/uploads\/2020\/05\/outdoor-landscape-lighting-suppliers-top-lighting-manufacturers-china.jpg\" alt=\"Lauko kra\u0161tovaizd\u017eio ap\u0161vietimo tiek\u0117jai geriausi Kinijos ap\u0161vietimo gamintojai\" itemprop=\"image\" height=\"606\" width=\"1212\" title=\"Lauko kra\u0161tovaizd\u017eio ap\u0161vietimo tiek\u0117jai geriausi Kinijos ap\u0161vietimo gamintojai\" onerror=\"this.style.display='none'\"  \/>\n\t<p>Gavome daug sertifikat\u0173 daugumai m\u016bs\u0173 gamini\u0173, toki\u0173 kaip CE, EMC, LVD, RoHS, FCC, SAA, ERP, SASO, UL ir kt. Taip pat galime pad\u0117ti gauti sertifikatus pagal j\u016bs\u0173 reikalavimus.<\/p>\n\t\t\t\t<img decoding=\"async\" src=\"https:\/\/www.geramled.com\/wp-content\/uploads\/2024\/10\/ce-rohs-led-flood-light-01.jpg\" alt=\"ce rohs led flood light\" itemprop=\"image\" height=\"377\" width=\"800\" title=\"ce rohs led flood light\" onerror=\"this.style.display='none'\"  \/>\n\t<p>Kasmet dalyvaujame kai kuriose ap\u0161vietimo mug\u0117se, tokiose kaip Kantono ap\u0161vietimo mug\u0117, Honkongo ap\u0161vietimo mug\u0117, Amerikos ap\u0161vietimo mug\u0117, Frankfurto ap\u0161vietimo mug\u0117, Dubajaus ap\u0161vietimo mug\u0117 ir kt.<\/p>\n\t\t\t\t<img decoding=\"async\" src=\"https:\/\/www.geramled.com\/wp-content\/uploads\/2020\/05\/top-10-led-lighting-manufacturers-wholesale-lighting-suppliers-china.jpg\" alt=\"10 geriausi\u0173 LED ap\u0161vietimo gamintoj\u0173 didmenini\u0173 ap\u0161vietimo tiek\u0117j\u0173 Kinija\" itemprop=\"image\" height=\"300\" width=\"400\" title=\"10 geriausi\u0173 LED ap\u0161vietimo gamintoj\u0173 didmenini\u0173 ap\u0161vietimo tiek\u0117j\u0173 Kinija\" onerror=\"this.style.display='none'\"  \/>\n\t\t\t\t<img decoding=\"async\" src=\"https:\/\/www.geramled.com\/wp-content\/uploads\/2020\/05\/industrial-led-lighting-manufacturers-light-fitting-suppliers.jpg\" alt=\"pramonini\u0173 led ap\u0161vietimo gamintoj\u0173 \u0161viestuv\u0173 tiek\u0117jai\" itemprop=\"image\" height=\"300\" width=\"400\" title=\"pramonini\u0173 led ap\u0161vietimo gamintoj\u0173 \u0161viestuv\u0173 tiek\u0117jai\" onerror=\"this.style.display='none'\"  \/>\n\t\t\t\t<img decoding=\"async\" src=\"https:\/\/www.geramled.com\/wp-content\/uploads\/2020\/05\/led-flood-light-suppliers-led-bulbs-wholesale-suppliers-china.jpg\" alt=\"led flood light tiek\u0117jai led bulbs didmenini\u0173 tiek\u0117j\u0173 Kinija\" itemprop=\"image\" height=\"300\" width=\"400\" title=\"led flood light tiek\u0117jai led bulbs didmenini\u0173 tiek\u0117j\u0173 Kinija\" onerror=\"this.style.display='none'\"  \/>\n\t\t\t\t<img decoding=\"async\" src=\"https:\/\/www.geramled.com\/wp-content\/uploads\/2020\/05\/led-high-bay-light-manufacturer-warehouse-lighting-suppliers-china.jpg\" alt=\"LED auk\u0161tos \u012flankos \u0161viesos gamintojas sand\u0117lio ap\u0161vietimo tiek\u0117jas Kinijoje\" itemprop=\"image\" height=\"300\" width=\"400\" title=\"LED auk\u0161tos \u012flankos \u0161viesos gamintojas sand\u0117lio ap\u0161vietimo tiek\u0117jas Kinijoje\" onerror=\"this.style.display='none'\"  \/>\n\t<h2><em>\u017dyma:<a href=\"https:\/\/www.geramled.com\/lt\/led-light-supplier\/\"> LED \u0161viesos tiek\u0117jas Kinijoje, gamintojas, didmenininkas ir eksportuotojas<\/a><\/em><\/h2>","protected":false},"excerpt":{"rendered":"<p>LED Light Supplier In China, Manufacturer, Wholesaler and Exporter CYREE LED Located in Guangdong, China, is a leading LED light supplier, manufacturer, wholesaler and exporter with about 10 years of experience in production. Our factory covers 20,000 square meters and is well-equipped with about 10 production lines and 5 SMT machines. We mainly specialize in [&hellip;]<\/p>","protected":false},"author":1,"featured_media":10575,"parent":0,"menu_order":1,"comment_status":"closed","ping_status":"closed","template":"","meta":{"site-sidebar-layout":"no-sidebar","site-content-layout":"page-builder","ast-site-content-layout":"full-width-container","site-content-style":"unboxed","site-sidebar-style":"unboxed","ast-global-header-display":"","ast-banner-title-visibility":"","ast-main-header-display":"","ast-hfb-above-header-display":"","ast-hfb-below-header-display":"","ast-hfb-mobile-header-display":"","site-post-title":"","ast-breadcrumbs-content":"","ast-featured-img":"","footer-sml-layout":"","theme-transparent-header-meta":"default","adv-header-id-meta":"","stick-header-meta":"default","header-above-stick-meta":"","header-main-stick-meta":"","header-below-stick-meta":"","astra-migrate-meta-layouts":"set","ast-page-background-enabled":"default","ast-page-background-meta":{"desktop":{"background-color":"var(--ast-global-color-4)","background-image":"","background-repeat":"repeat","background-position":"center center","background-size":"auto","background-attachment":"scroll","background-type":"","background-media":"","overlay-type":"","overlay-color":"","overlay-gradient":""},"tablet":{"background-color":"","background-image":"","background-repeat":"repeat","background-position":"center center","background-size":"auto","background-attachment":"scroll","background-type":"","background-media":"","overlay-type":"","overlay-color":"","overlay-gradient":""},"mobile":{"background-color":"","background-image":"","background-repeat":"repeat","background-position":"center center","background-size":"auto","background-attachment":"scroll","background-type":"","background-media":"","overlay-type":"","overlay-color":"","overlay-gradient":""}},"ast-content-background-meta":{"desktop":{"background-color":"var(--ast-global-color-5)","background-image":"","background-repeat":"repeat","background-position":"center center","background-size":"auto","background-attachment":"scroll","background-type":"","background-media":"","overlay-type":"","overlay-color":"","overlay-gradient":""},"tablet":{"background-color":"var(--ast-global-color-5)","background-image":"","background-repeat":"repeat","background-position":"center center","background-size":"auto","background-attachment":"scroll","background-type":"","background-media":"","overlay-type":"","overlay-color":"","overlay-gradient":""},"mobile":{"background-color":"var(--ast-global-color-5)","background-image":"","background-repeat":"repeat","background-position":"center center","background-size":"auto","background-attachment":"scroll","background-type":"","background-media":"","overlay-type":"","overlay-color":"","overlay-gradient":""}},"footnotes":""},"class_list":["post-54","page","type-page","status-publish","has-post-thumbnail","hentry"],"yoast_head":"<!-- This site is optimized with the Yoast SEO Premium plugin v22.4 (Yoast SEO v22.6) - https:\/\/yoast.com\/wordpress\/plugins\/seo\/ -->\n<title>LED Light Supplier In China LED Bulb Company | CYREE LED<\/title>\n<meta name=\"description\" content=\"Leading LED Light Supplier In China. Wholesale LED Flood Light, Street Light, RGB Light, Solar Light, Corn Bulb, High Bay Light, etc. Contact Us Now!\" \/>\n<meta name=\"robots\" content=\"index, follow, max-snippet:-1, max-image-preview:large, max-video-preview:-1\" \/>\n<link rel=\"canonical\" href=\"https:\/\/www.geramled.com\/lt\/apie-mus\/\" \/>\n<meta property=\"og:locale\" content=\"lt_LT\" \/>\n<meta property=\"og:type\" content=\"article\" \/>\n<meta property=\"og:title\" content=\"LED Light Supplier In China LED Bulb Company | CYREE LED\" \/>\n<meta property=\"og:description\" content=\"Leading LED Light Supplier In China. Wholesale LED Flood Light, Street Light, RGB Light, Solar Light, Corn Bulb, High Bay Light, etc. Contact Us Now!\" \/>\n<meta property=\"og:url\" content=\"https:\/\/www.geramled.com\/lt\/apie-mus\/\" \/>\n<meta property=\"og:site_name\" content=\"CYREE LED\" \/>\n<meta property=\"article:publisher\" content=\"https:\/\/www.facebook.com\/jerrygeram\" \/>\n<meta property=\"article:modified_time\" content=\"2024-10-31T09:30:26+00:00\" \/>\n<meta property=\"og:image\" content=\"https:\/\/www.geramled.com\/wp-content\/uploads\/2024\/10\/led-light-manufacturer-cyree-led.jpg\" \/>\n\t<meta property=\"og:image:width\" content=\"358\" \/>\n\t<meta property=\"og:image:height\" content=\"358\" \/>\n\t<meta property=\"og:image:type\" content=\"image\/jpeg\" \/>\n<meta name=\"twitter:card\" content=\"summary_large_image\" \/>\n<meta name=\"twitter:site\" content=\"@jerrygeram\" \/>\n<meta name=\"twitter:label1\" content=\"Est. reading time\" \/>\n\t<meta name=\"twitter:data1\" content=\"5 minutes\" \/>\n<script type=\"application\/ld+json\" class=\"yoast-schema-graph\">{\"@context\":\"https:\/\/schema.org\",\"@graph\":[{\"@type\":\"WebPage\",\"@id\":\"https:\/\/www.geramled.com\/about-us\/\",\"url\":\"https:\/\/www.geramled.com\/about-us\/\",\"name\":\"LED Light Supplier In China LED Bulb Company | CYREE LED\",\"isPartOf\":{\"@id\":\"https:\/\/www.geramled.com\/#website\"},\"primaryImageOfPage\":{\"@id\":\"https:\/\/www.geramled.com\/about-us\/#primaryimage\"},\"image\":{\"@id\":\"https:\/\/www.geramled.com\/about-us\/#primaryimage\"},\"thumbnailUrl\":\"https:\/\/www.geramled.com\/wp-content\/uploads\/2024\/10\/led-light-manufacturer-cyree-led.jpg\",\"datePublished\":\"2020-03-31T06:21:56+00:00\",\"dateModified\":\"2024-10-31T09:30:26+00:00\",\"description\":\"Leading LED Light Supplier In China. Wholesale LED Flood Light, Street Light, RGB Light, Solar Light, Corn Bulb, High Bay Light, etc. Contact Us Now!\",\"inLanguage\":\"lt-LT\",\"potentialAction\":[{\"@type\":\"ReadAction\",\"target\":[\"https:\/\/www.geramled.com\/about-us\/\"]}]},{\"@type\":\"ImageObject\",\"inLanguage\":\"lt-LT\",\"@id\":\"https:\/\/www.geramled.com\/about-us\/#primaryimage\",\"url\":\"https:\/\/www.geramled.com\/wp-content\/uploads\/2024\/10\/led-light-manufacturer-cyree-led.jpg\",\"contentUrl\":\"https:\/\/www.geramled.com\/wp-content\/uploads\/2024\/10\/led-light-manufacturer-cyree-led.jpg\",\"width\":358,\"height\":358,\"caption\":\"led light manufacturer - cyree led\"},{\"@type\":\"WebSite\",\"@id\":\"https:\/\/www.geramled.com\/#website\",\"url\":\"https:\/\/www.geramled.com\/\",\"name\":\"CYREE LED\",\"description\":\"Leading LED Light Manufacturer In China\",\"publisher\":{\"@id\":\"https:\/\/www.geramled.com\/#organization\"},\"potentialAction\":[{\"@type\":\"SearchAction\",\"target\":{\"@type\":\"EntryPoint\",\"urlTemplate\":\"https:\/\/www.geramled.com\/?s={search_term_string}\"},\"query-input\":\"required name=search_term_string\"}],\"inLanguage\":\"lt-LT\"},{\"@type\":\"Organization\",\"@id\":\"https:\/\/www.geramled.com\/#organization\",\"name\":\"CYREE LED\",\"url\":\"https:\/\/www.geramled.com\/\",\"logo\":{\"@type\":\"ImageObject\",\"inLanguage\":\"lt-LT\",\"@id\":\"https:\/\/www.geramled.com\/#\/schema\/logo\/image\/\",\"url\":\"https:\/\/www.geramled.com\/wp-content\/uploads\/2024\/10\/site-logo.png\",\"contentUrl\":\"https:\/\/www.geramled.com\/wp-content\/uploads\/2024\/10\/site-logo.png\",\"width\":193,\"height\":339,\"caption\":\"CYREE LED\"},\"image\":{\"@id\":\"https:\/\/www.geramled.com\/#\/schema\/logo\/image\/\"},\"sameAs\":[\"https:\/\/www.facebook.com\/jerrygeram\",\"https:\/\/x.com\/jerrygeram\",\"https:\/\/www.linkedin.com\/in\/jerrymo\/\",\"https:\/\/www.youtube.com\/channel\/UCYCYojuG_s19i5MDVysy2Dg\"]}]}<\/script>\n<!-- \/ Yoast SEO Premium plugin. -->","yoast_head_json":{"title":"LED Light Supplier In China LED Bulb Company | CYREE LED","description":"Leading LED Light Supplier In China. Wholesale LED Flood Light, Street Light, RGB Light, Solar Light, Corn Bulb, High Bay Light, etc. Contact Us Now!","robots":{"index":"index","follow":"follow","max-snippet":"max-snippet:-1","max-image-preview":"max-image-preview:large","max-video-preview":"max-video-preview:-1"},"canonical":"https:\/\/www.geramled.com\/lt\/apie-mus\/","og_locale":"lt_LT","og_type":"article","og_title":"LED Light Supplier In China LED Bulb Company | CYREE LED","og_description":"Leading LED Light Supplier In China. Wholesale LED Flood Light, Street Light, RGB Light, Solar Light, Corn Bulb, High Bay Light, etc. Contact Us Now!","og_url":"https:\/\/www.geramled.com\/lt\/apie-mus\/","og_site_name":"CYREE LED","article_publisher":"https:\/\/www.facebook.com\/jerrygeram","article_modified_time":"2024-10-31T09:30:26+00:00","og_image":[{"width":358,"height":358,"url":"https:\/\/www.geramled.com\/wp-content\/uploads\/2024\/10\/led-light-manufacturer-cyree-led.jpg","type":"image\/jpeg"}],"twitter_card":"summary_large_image","twitter_site":"@jerrygeram","twitter_misc":{"Est. reading time":"5 minutes"},"schema":{"@context":"https:\/\/schema.org","@graph":[{"@type":"WebPage","@id":"https:\/\/www.geramled.com\/about-us\/","url":"https:\/\/www.geramled.com\/about-us\/","name":"LED Light Supplier In China LED Bulb Company | CYREE LED","isPartOf":{"@id":"https:\/\/www.geramled.com\/#website"},"primaryImageOfPage":{"@id":"https:\/\/www.geramled.com\/about-us\/#primaryimage"},"image":{"@id":"https:\/\/www.geramled.com\/about-us\/#primaryimage"},"thumbnailUrl":"https:\/\/www.geramled.com\/wp-content\/uploads\/2024\/10\/led-light-manufacturer-cyree-led.jpg","datePublished":"2020-03-31T06:21:56+00:00","dateModified":"2024-10-31T09:30:26+00:00","description":"Leading LED Light Supplier In China. Wholesale LED Flood Light, Street Light, RGB Light, Solar Light, Corn Bulb, High Bay Light, etc. Contact Us Now!","inLanguage":"lt-LT","potentialAction":[{"@type":"ReadAction","target":["https:\/\/www.geramled.com\/about-us\/"]}]},{"@type":"ImageObject","inLanguage":"lt-LT","@id":"https:\/\/www.geramled.com\/about-us\/#primaryimage","url":"https:\/\/www.geramled.com\/wp-content\/uploads\/2024\/10\/led-light-manufacturer-cyree-led.jpg","contentUrl":"https:\/\/www.geramled.com\/wp-content\/uploads\/2024\/10\/led-light-manufacturer-cyree-led.jpg","width":358,"height":358,"caption":"led light manufacturer - cyree led"},{"@type":"WebSite","@id":"https:\/\/www.geramled.com\/#website","url":"https:\/\/www.geramled.com\/","name":"CYREE LED","description":"Leading LED Light Manufacturer In China","publisher":{"@id":"https:\/\/www.geramled.com\/#organization"},"potentialAction":[{"@type":"SearchAction","target":{"@type":"EntryPoint","urlTemplate":"https:\/\/www.geramled.com\/?s={search_term_string}"},"query-input":"required name=search_term_string"}],"inLanguage":"lt-LT"},{"@type":"Organization","@id":"https:\/\/www.geramled.com\/#organization","name":"CYREE LED","url":"https:\/\/www.geramled.com\/","logo":{"@type":"ImageObject","inLanguage":"lt-LT","@id":"https:\/\/www.geramled.com\/#\/schema\/logo\/image\/","url":"https:\/\/www.geramled.com\/wp-content\/uploads\/2024\/10\/site-logo.png","contentUrl":"https:\/\/www.geramled.com\/wp-content\/uploads\/2024\/10\/site-logo.png","width":193,"height":339,"caption":"CYREE LED"},"image":{"@id":"https:\/\/www.geramled.com\/#\/schema\/logo\/image\/"},"sameAs":["https:\/\/www.facebook.com\/jerrygeram","https:\/\/x.com\/jerrygeram","https:\/\/www.linkedin.com\/in\/jerrymo\/","https:\/\/www.youtube.com\/channel\/UCYCYojuG_s19i5MDVysy2Dg"]}]}},"_links":{"self":[{"href":"https:\/\/www.geramled.com\/lt\/wp-json\/wp\/v2\/pages\/54","targetHints":{"allow":["GET"]}}],"collection":[{"href":"https:\/\/www.geramled.com\/lt\/wp-json\/wp\/v2\/pages"}],"about":[{"href":"https:\/\/www.geramled.com\/lt\/wp-json\/wp\/v2\/types\/page"}],"author":[{"embeddable":true,"href":"https:\/\/www.geramled.com\/lt\/wp-json\/wp\/v2\/users\/1"}],"replies":[{"embeddable":true,"href":"https:\/\/www.geramled.com\/lt\/wp-json\/wp\/v2\/comments?post=54"}],"version-history":[{"count":0,"href":"https:\/\/www.geramled.com\/lt\/wp-json\/wp\/v2\/pages\/54\/revisions"}],"wp:featuredmedia":[{"embeddable":true,"href":"https:\/\/www.geramled.com\/lt\/wp-json\/wp\/v2\/media\/10575"}],"wp:attachment":[{"href":"https:\/\/www.geramled.com\/lt\/wp-json\/wp\/v2\/media?parent=54"}],"curies":[{"name":"wp","href":"https:\/\/api.w.org\/{rel}","templated":true}]}}