{"id":3037,"date":"2020-07-02T04:15:19","date_gmt":"2020-07-02T04:15:19","guid":{"rendered":"https:\/\/www.geramled.com\/?page_id=3037"},"modified":"2020-07-02T04:19:49","modified_gmt":"2020-07-02T04:19:49","slug":"faq","status":"publish","type":"page","link":"https:\/\/www.geramled.com\/lt\/faq\/","title":{"rendered":"FAQ For Regular Questions"},"content":{"rendered":"<h2>Da\u017eniausiai u\u017eduodamas klausimas<\/h2>\t\t\t\n\t\t\t\t\t\t<h4>Kur esate ir kaip \u012fsigyti savo gamini\u0173?<\/h4>\n\t\t\t<p>Esame pirmaujantis LED \u0161viestuv\u0173 gamintojas, \u012fsik\u016br\u0119s Guangdonge. Kinija, galite lengvai nusipirkti m\u016bs\u0173 gamini\u0173, nesvarbu, kur esate. Pirma, atsi\u0173skite mums u\u017eklaus\u0105 ir papasakokite apie savo reikalavimus m\u016bs\u0173 svetain\u0117je arba el. pa\u0161tu, \u201eWhatsApp\u201c, \u201eSkype\u201c ir tt Tada atsi\u0173sime jums atsiliepim\u0105 su pasi\u016blymu, produktais ir citata. J\u016bs\u0173 bus papra\u0161yta atsi\u0173sti mums mok\u0117jim\u0105 po m\u016bs\u0173 sandorio. O kai ateis apmok\u0117jimas, suorganizuosime gamyb\u0105 ir atsi\u0173sime prekes oru arba j\u016bra.<\/p>\n\t\t\t\t\t\t<h4>What&#8217;s your payment term and how can I make the payment?<\/h4>\n\t\t\t<p>Paprastai m\u016bs\u0173 mok\u0117jimo terminas yra T\/T 30% u\u017estatas ir likutis prie\u0161 i\u0161siuntim\u0105. U\u017e nedidel\u0119 sum\u0105 (pvz., ma\u017eiau nei 500 USD) galite sumok\u0117ti per Paypal, Western Union arba MoneyGram. Ta\u010diau u\u017e didesn\u0119 sum\u0105 priimsime banko pavedim\u0105. Priimame \u012fvairi\u0173 r\u016b\u0161i\u0173 valiutas, \u012fskaitant USD, eurus, GBP, RMB, HKD, jenas ir kt.<\/p>\n\t\t\t\t\t\t<h4>What&#8217;s your delivery time and the way of shipment?<\/h4>\n\t\t\t<p>Paprastai m\u016bs\u0173 pavyzd\u017eio pristatymo laikas yra 1-3 dienos, o \u012fprastas u\u017esakymas yra 5-15 dien\u0173, priklausomai nuo faktinio j\u016bs\u0173 u\u017esakymo kiekio. Mes suorganizuosime siunt\u0105 greituoju oro transportu (nuo dur\u0173 iki dur\u0173), \u012fprastu oro transportu (\u012f vietin\u012f oro uost\u0105), j\u016br\u0173 krovini\u0173 gabenim\u0105 (\u012f vietin\u012f j\u016br\u0173 uost\u0105) arba kai kuriais specialiais gabenimo b\u016bdais su muitais pagal faktin\u0119 situacij\u0105.<\/p>\n\t\t\t\t\t\t<h4>What&#8217;s the lifespan of your products?<\/h4>\n\t\t\t<p>The lifespan of our LED lights can reach 50,000 hours in theory. But the actual lifespan will be influenced by the actual environment temperature, humidity and the using habit of the end user. According to our experience, our LED lights can be used from 6 to 10 years or more.<\/p>\n\t\t\t\t\t\t<h4>Kiek met\u0173 suteikiate garantij\u0105 ir kokios yra j\u016bs\u0173 garantijos politikos s\u0105lygos? <\/h4>\n\t\t\t<p>Paprastai mes suteikiame 3 arba 5 met\u0173 garantij\u0105. Garantiniu laikotarpiu atsi\u0173sime jums naujus gaminius ar naujas dalis, kad pakeistum\u0117te, jei bus koki\u0173 nors gedim\u0173. Galite ateiti pas mus, kai tik i\u0161kyla koki\u0173 nors problem\u0173.<\/p>\n<h3>\n\t\tFor Further Questions, Please Feel Free To Contact Us.\n\t<\/h3>\n\t<div role=\"form\" class=\"wpcf7\" id=\"wpcf7-f1176-o1\" lang=\"en-US\" dir=\"ltr\">\n<div class=\"screen-reader-response\"><\/div>\n<form action=\"\/lt\/wp-json\/wp\/v2\/pages\/3037#wpcf7-f1176-o1\" method=\"post\" class=\"wpcf7-form\" novalidate=\"novalidate\" data-trp-original-action=\"\/lt\/wp-json\/wp\/v2\/pages\/3037#wpcf7-f1176-o1\">\n<div style=\"display: none;\">\n<input type=\"hidden\" name=\"_wpcf7\" value=\"1176\" \/>\n<input type=\"hidden\" name=\"_wpcf7_version\" value=\"5.1.7\" \/>\n<input type=\"hidden\" name=\"_wpcf7_locale\" value=\"en_US\" \/>\n<input type=\"hidden\" name=\"_wpcf7_unit_tag\" value=\"wpcf7-f1176-o1\" \/>\n<input type=\"hidden\" name=\"_wpcf7_container_post\" value=\"0\" \/>\n<\/div>\n<p><label> J\u016bs\u0173 vardas (b\u016btina)<br \/>\n    <span class=\"wpcf7-form-control-wrap your-name\"><input type=\"text\" name=\"your-name\" value=\"\" size=\"40\" class=\"wpcf7-form-control wpcf7-text wpcf7-validates-as-required\" aria-required=\"true\" aria-invalid=\"false\" \/><\/span> <\/label><\/p>\n<p><label> J\u016bs\u0173 el. pa\u0161tas (b\u016btina)<br \/>\n    <span class=\"wpcf7-form-control-wrap your-email\"><input type=\"email\" name=\"your-email\" value=\"\" size=\"40\" class=\"wpcf7-form-control wpcf7-text wpcf7-email wpcf7-validates-as-required wpcf7-validates-as-email\" aria-required=\"true\" aria-invalid=\"false\" \/><\/span> <\/label><\/p>\n<p><label> J\u016bs\u0173 telefonas (palikite savo telefono arba whatsapp numer\u012f, jei nepavykt\u0173 su jumis susisiekti el. pa\u0161tu)<br \/>\n    <span class=\"wpcf7-form-control-wrap your-phone\"><input type=\"tel\" name=\"your-phone\" value=\"\" size=\"40\" class=\"wpcf7-form-control wpcf7-text wpcf7-tel wpcf7-validates-as-tel\" aria-invalid=\"false\" \/><\/span> <\/label><\/p>\n<p><label> Tema<br \/>\n    <span class=\"wpcf7-form-control-wrap your-subject\"><input type=\"text\" name=\"your-subject\" value=\"\" size=\"40\" class=\"wpcf7-form-control wpcf7-text\" aria-invalid=\"false\" \/><\/span> <\/label><\/p>\n<p><label> Tavo \u017einut\u0117<br \/>\n    <span class=\"wpcf7-form-control-wrap your-message\"><textarea name=\"your-message\" cols=\"40\" rows=\"10\" class=\"wpcf7-form-control wpcf7-textarea\" aria-invalid=\"false\"><\/textarea><\/span> <\/label><\/p>\n<p><input type=\"submit\" value=\"Si\u0173sti\" class=\"wpcf7-form-control wpcf7-submit\" \/><\/p>\n<p style=\"display: none !important;\" class=\"akismet-fields-container\" data-prefix=\"_wpcf7_ak_\"><label>&#916;<textarea name=\"_wpcf7_ak_hp_textarea\" cols=\"45\" rows=\"8\" maxlength=\"100\"><\/textarea><\/label><input type=\"hidden\" id=\"ak_js_1\" name=\"_wpcf7_ak_js\" value=\"40\"\/><script>document.getElementById( \"ak_js_1\" ).setAttribute( \"value\", ( new Date() ).getTime() );<\/script><\/p><div class=\"wpcf7-response-output wpcf7-display-none\"><\/div><input type=\"hidden\" name=\"trp-form-language\" value=\"lt\"\/><\/form><\/div>","protected":false},"excerpt":{"rendered":"<p>Frequently Asked Question Where are you located and how to buy your products? We are a leading LED light manufacturer located in Guangdong. China, You can easily buy our products no matter where you are. Firstly, please send us an inquiry to tell us your requirement on our website or through email, whatsapp or skype, [&hellip;]<\/p>","protected":false},"author":1,"featured_media":0,"parent":0,"menu_order":6,"comment_status":"closed","ping_status":"closed","template":"","meta":{"site-sidebar-layout":"no-sidebar","site-content-layout":"default","ast-site-content-layout":"","site-content-style":"default","site-sidebar-style":"default","ast-global-header-display":"","ast-banner-title-visibility":"","ast-main-header-display":"","ast-hfb-above-header-display":"","ast-hfb-below-header-display":"","ast-hfb-mobile-header-display":"","site-post-title":"","ast-breadcrumbs-content":"","ast-featured-img":"","footer-sml-layout":"","theme-transparent-header-meta":"default","adv-header-id-meta":"","stick-header-meta":"default","header-above-stick-meta":"","header-main-stick-meta":"","header-below-stick-meta":"","astra-migrate-meta-layouts":"default","ast-page-background-enabled":"default","ast-page-background-meta":{"desktop":{"background-color":"var(--ast-global-color-4)","background-image":"","background-repeat":"repeat","background-position":"center center","background-size":"auto","background-attachment":"scroll","background-type":"","background-media":"","overlay-type":"","overlay-color":"","overlay-gradient":""},"tablet":{"background-color":"","background-image":"","background-repeat":"repeat","background-position":"center center","background-size":"auto","background-attachment":"scroll","background-type":"","background-media":"","overlay-type":"","overlay-color":"","overlay-gradient":""},"mobile":{"background-color":"","background-image":"","background-repeat":"repeat","background-position":"center center","background-size":"auto","background-attachment":"scroll","background-type":"","background-media":"","overlay-type":"","overlay-color":"","overlay-gradient":""}},"ast-content-background-meta":{"desktop":{"background-color":"var(--ast-global-color-5)","background-image":"","background-repeat":"repeat","background-position":"center center","background-size":"auto","background-attachment":"scroll","background-type":"","background-media":"","overlay-type":"","overlay-color":"","overlay-gradient":""},"tablet":{"background-color":"var(--ast-global-color-5)","background-image":"","background-repeat":"repeat","background-position":"center center","background-size":"auto","background-attachment":"scroll","background-type":"","background-media":"","overlay-type":"","overlay-color":"","overlay-gradient":""},"mobile":{"background-color":"var(--ast-global-color-5)","background-image":"","background-repeat":"repeat","background-position":"center center","background-size":"auto","background-attachment":"scroll","background-type":"","background-media":"","overlay-type":"","overlay-color":"","overlay-gradient":""}},"footnotes":""},"class_list":["post-3037","page","type-page","status-publish","hentry"],"yoast_head":"<!-- This site is optimized with the Yoast SEO Premium plugin v22.4 (Yoast SEO v22.6) - https:\/\/yoast.com\/wordpress\/plugins\/seo\/ -->\n<title>FAQ For Regular Questions - CYREE LED<\/title>\n<meta name=\"description\" content=\"FAQ For Regular Questions About The Process of Buying Our LED Lights. For Further Support, Please Contact Us By Email.\" \/>\n<meta name=\"robots\" content=\"index, follow, max-snippet:-1, max-image-preview:large, max-video-preview:-1\" \/>\n<link rel=\"canonical\" href=\"https:\/\/www.geramled.com\/lt\/faq\/\" \/>\n<meta property=\"og:locale\" content=\"lt_LT\" \/>\n<meta property=\"og:type\" content=\"article\" \/>\n<meta property=\"og:title\" content=\"FAQ For Regular Questions - CYREE LED\" \/>\n<meta property=\"og:description\" content=\"FAQ For Regular Questions About The Process of Buying Our LED Lights. For Further Support, Please Contact Us By Email.\" \/>\n<meta property=\"og:url\" content=\"https:\/\/www.geramled.com\/lt\/faq\/\" \/>\n<meta property=\"og:site_name\" content=\"CYREE LED\" \/>\n<meta property=\"article:publisher\" content=\"https:\/\/www.facebook.com\/jerrygeram\" \/>\n<meta property=\"article:modified_time\" content=\"2020-07-02T04:19:49+00:00\" \/>\n<meta name=\"twitter:card\" content=\"summary_large_image\" \/>\n<meta name=\"twitter:site\" content=\"@jerrygeram\" \/>\n<meta name=\"twitter:label1\" content=\"Est. reading time\" \/>\n\t<meta name=\"twitter:data1\" content=\"2 minutes\" \/>\n<script type=\"application\/ld+json\" class=\"yoast-schema-graph\">{\"@context\":\"https:\/\/schema.org\",\"@graph\":[{\"@type\":\"WebPage\",\"@id\":\"https:\/\/www.geramled.com\/ko\/faq\/\",\"url\":\"https:\/\/www.geramled.com\/ko\/faq\/\",\"name\":\"FAQ For Regular Questions - CYREE LED\",\"isPartOf\":{\"@id\":\"https:\/\/www.geramled.com\/#website\"},\"datePublished\":\"2020-07-02T04:15:19+00:00\",\"dateModified\":\"2020-07-02T04:19:49+00:00\",\"description\":\"FAQ For Regular Questions About The Process of Buying Our LED Lights. For Further Support, Please Contact Us By Email.\",\"inLanguage\":\"lt-LT\",\"potentialAction\":[{\"@type\":\"ReadAction\",\"target\":[\"https:\/\/www.geramled.com\/ko\/faq\/\"]}]},{\"@type\":\"WebSite\",\"@id\":\"https:\/\/www.geramled.com\/#website\",\"url\":\"https:\/\/www.geramled.com\/\",\"name\":\"CYREE LED\",\"description\":\"Leading LED Light Manufacturer In China\",\"publisher\":{\"@id\":\"https:\/\/www.geramled.com\/#organization\"},\"potentialAction\":[{\"@type\":\"SearchAction\",\"target\":{\"@type\":\"EntryPoint\",\"urlTemplate\":\"https:\/\/www.geramled.com\/?s={search_term_string}\"},\"query-input\":\"required name=search_term_string\"}],\"inLanguage\":\"lt-LT\"},{\"@type\":\"Organization\",\"@id\":\"https:\/\/www.geramled.com\/#organization\",\"name\":\"CYREE LED\",\"url\":\"https:\/\/www.geramled.com\/\",\"logo\":{\"@type\":\"ImageObject\",\"inLanguage\":\"lt-LT\",\"@id\":\"https:\/\/www.geramled.com\/#\/schema\/logo\/image\/\",\"url\":\"https:\/\/www.geramled.com\/wp-content\/uploads\/2024\/10\/site-logo.png\",\"contentUrl\":\"https:\/\/www.geramled.com\/wp-content\/uploads\/2024\/10\/site-logo.png\",\"width\":193,\"height\":339,\"caption\":\"CYREE LED\"},\"image\":{\"@id\":\"https:\/\/www.geramled.com\/#\/schema\/logo\/image\/\"},\"sameAs\":[\"https:\/\/www.facebook.com\/jerrygeram\",\"https:\/\/x.com\/jerrygeram\",\"https:\/\/www.linkedin.com\/in\/jerrymo\/\",\"https:\/\/www.youtube.com\/channel\/UCYCYojuG_s19i5MDVysy2Dg\"]}]}<\/script>\n<!-- \/ Yoast SEO Premium plugin. -->","yoast_head_json":{"title":"FAQ For Regular Questions - CYREE LED","description":"FAQ For Regular Questions About The Process of Buying Our LED Lights. For Further Support, Please Contact Us By Email.","robots":{"index":"index","follow":"follow","max-snippet":"max-snippet:-1","max-image-preview":"max-image-preview:large","max-video-preview":"max-video-preview:-1"},"canonical":"https:\/\/www.geramled.com\/lt\/faq\/","og_locale":"lt_LT","og_type":"article","og_title":"FAQ For Regular Questions - CYREE LED","og_description":"FAQ For Regular Questions About The Process of Buying Our LED Lights. For Further Support, Please Contact Us By Email.","og_url":"https:\/\/www.geramled.com\/lt\/faq\/","og_site_name":"CYREE LED","article_publisher":"https:\/\/www.facebook.com\/jerrygeram","article_modified_time":"2020-07-02T04:19:49+00:00","twitter_card":"summary_large_image","twitter_site":"@jerrygeram","twitter_misc":{"Est. reading time":"2 minutes"},"schema":{"@context":"https:\/\/schema.org","@graph":[{"@type":"WebPage","@id":"https:\/\/www.geramled.com\/ko\/faq\/","url":"https:\/\/www.geramled.com\/ko\/faq\/","name":"FAQ For Regular Questions - CYREE LED","isPartOf":{"@id":"https:\/\/www.geramled.com\/#website"},"datePublished":"2020-07-02T04:15:19+00:00","dateModified":"2020-07-02T04:19:49+00:00","description":"FAQ For Regular Questions About The Process of Buying Our LED Lights. For Further Support, Please Contact Us By Email.","inLanguage":"lt-LT","potentialAction":[{"@type":"ReadAction","target":["https:\/\/www.geramled.com\/ko\/faq\/"]}]},{"@type":"WebSite","@id":"https:\/\/www.geramled.com\/#website","url":"https:\/\/www.geramled.com\/","name":"CYREE LED","description":"Leading LED Light Manufacturer In China","publisher":{"@id":"https:\/\/www.geramled.com\/#organization"},"potentialAction":[{"@type":"SearchAction","target":{"@type":"EntryPoint","urlTemplate":"https:\/\/www.geramled.com\/?s={search_term_string}"},"query-input":"required name=search_term_string"}],"inLanguage":"lt-LT"},{"@type":"Organization","@id":"https:\/\/www.geramled.com\/#organization","name":"CYREE LED","url":"https:\/\/www.geramled.com\/","logo":{"@type":"ImageObject","inLanguage":"lt-LT","@id":"https:\/\/www.geramled.com\/#\/schema\/logo\/image\/","url":"https:\/\/www.geramled.com\/wp-content\/uploads\/2024\/10\/site-logo.png","contentUrl":"https:\/\/www.geramled.com\/wp-content\/uploads\/2024\/10\/site-logo.png","width":193,"height":339,"caption":"CYREE LED"},"image":{"@id":"https:\/\/www.geramled.com\/#\/schema\/logo\/image\/"},"sameAs":["https:\/\/www.facebook.com\/jerrygeram","https:\/\/x.com\/jerrygeram","https:\/\/www.linkedin.com\/in\/jerrymo\/","https:\/\/www.youtube.com\/channel\/UCYCYojuG_s19i5MDVysy2Dg"]}]}},"_links":{"self":[{"href":"https:\/\/www.geramled.com\/lt\/wp-json\/wp\/v2\/pages\/3037","targetHints":{"allow":["GET"]}}],"collection":[{"href":"https:\/\/www.geramled.com\/lt\/wp-json\/wp\/v2\/pages"}],"about":[{"href":"https:\/\/www.geramled.com\/lt\/wp-json\/wp\/v2\/types\/page"}],"author":[{"embeddable":true,"href":"https:\/\/www.geramled.com\/lt\/wp-json\/wp\/v2\/users\/1"}],"replies":[{"embeddable":true,"href":"https:\/\/www.geramled.com\/lt\/wp-json\/wp\/v2\/comments?post=3037"}],"version-history":[{"count":0,"href":"https:\/\/www.geramled.com\/lt\/wp-json\/wp\/v2\/pages\/3037\/revisions"}],"wp:attachment":[{"href":"https:\/\/www.geramled.com\/lt\/wp-json\/wp\/v2\/media?parent=3037"}],"curies":[{"name":"wp","href":"https:\/\/api.w.org\/{rel}","templated":true}]}}