{"id":54,"date":"2020-03-31T06:21:56","date_gmt":"2020-03-31T06:21:56","guid":{"rendered":"https:\/\/www.geramled.com\/?page_id=54"},"modified":"2024-10-31T17:30:26","modified_gmt":"2024-10-31T09:30:26","slug":"about-us","status":"publish","type":"page","link":"https:\/\/www.geramled.com\/fr\/a-propos-de-nous\/","title":{"rendered":"\u00c0 propos de nous"},"content":{"rendered":"<p><em>Fournisseur de lumi\u00e8re LED en Chine, fabricant, grossiste et exportateur<\/em><\/p>\n\t\t\t\t<img loading=\"lazy\" decoding=\"async\" src=\"https:\/\/www.geramled.com\/wp-content\/uploads\/2020\/05\/led-light-supplier-in-china-best-oem-factory.jpg\" alt=\"fournisseur de lumi\u00e8re LED en Chine meilleure usine OEM\" itemprop=\"image\" height=\"481\" width=\"1100\" title=\"fournisseur de lumi\u00e8re LED en Chine meilleure usine OEM\" onerror=\"this.style.display='none'\"  \/>\n\t\t\t\t<img loading=\"lazy\" decoding=\"async\" src=\"https:\/\/www.geramled.com\/wp-content\/uploads\/2024\/10\/led-light-factory-in-china-01.jpg\" alt=\"usine de lumi\u00e8re LED en Chine\" itemprop=\"image\" height=\"600\" width=\"800\" title=\"usine de lumi\u00e8re LED en Chine\" onerror=\"this.style.display='none'\"  \/>\n<h2><strong>CYREE LED<\/strong><\/h2>\n<h3>Situ\u00e9 \u00e0 Guangdong, en Chine, est l&#039;un des principaux fournisseurs, fabricants, grossistes et exportateurs de luminaires LED avec environ 10 ans d&#039;exp\u00e9rience dans la production. Notre usine couvre 20 000 m\u00e8tres carr\u00e9s et est bien \u00e9quip\u00e9e avec environ 10 lignes de production et 5 machines SMT. Nous sommes principalement sp\u00e9cialis\u00e9s dans <a href=\"https:\/\/www.geramled.com\/fr\/lumiere-led-rvb\/\" target=\"_blank\" rel=\"noopener\">Lumi\u00e8re LED RVB<\/a>, <a href=\"https:\/\/www.geramled.com\/fr\/projecteur-led\/\" target=\"_blank\" rel=\"noopener\">Projecteur LED<\/a>, <a href=\"https:\/\/www.geramled.com\/fr\/lampadaire-mene\/\" target=\"_blank\" rel=\"noopener\">Lampadaire LED<\/a>, <a href=\"https:\/\/www.geramled.com\/fr\/ampoule-de-mais-menee\/\" target=\"_blank\" rel=\"noopener\">Ampoule LED ma\u00efs<\/a> et <a href=\"https:\/\/www.geramled.com\/fr\/lumiere-solaire-menee\/\" target=\"_blank\" rel=\"noopener\">lumi\u00e8re LED solaire<\/a>, etc. During recent years, we have obtained various kinds of certificates such as CE, ROHS, EMC, LVD, ERP, IEC, FCC, SAA, ISO900, etc. CYREE has strong ability in developing, production and sales. Till now our products have been exported to more than 50+ countries including USA, Germany, Italy, France, Thailand, Mexico, Saudi Arabia, UAE, Ghana, etc. We have helped many customers win lots of government projects and engineering lighting projects in the past.<\/h3>\n<h3>&#8220;Quality and service are always the first&#8221; is our value.<\/h3>\n\t<p>Nous avons une architecture d\u2019entreprise tr\u00e8s claire. Il existe un service de production, un service de d\u00e9veloppement, un service d&#039;ing\u00e9nierie, un service commercial, un service financier, un service administratif et un service RH dans notre entreprise. Chaque d\u00e9partement est en charge de t\u00e2ches diff\u00e9rentes.<\/p>\n\t\t\t\t<img loading=\"lazy\" decoding=\"async\" src=\"https:\/\/www.geramled.com\/wp-content\/uploads\/2020\/05\/led-bulb-manufacturing-companies-light-fixture-manufacturers-china.jpg\" alt=\"entreprises de fabrication d&#039;ampoules LED fabricants de luminaires Chine\" itemprop=\"image\" height=\"263\" width=\"350\" title=\"entreprises de fabrication d&#039;ampoules LED fabricants de luminaires Chine\" onerror=\"this.style.display='none'\"  \/>\n<h2>\n\t\tUsine\n\t<\/h2>\n\t<p>Notre usine s&#039;\u00e9tend sur 2 000 m\u00e8tres carr\u00e9s avec 10 lignes de production et 5 machines SMD. Tous nos travailleurs sont bien form\u00e9s et nous avons des r\u00e8gles de production tr\u00e8s strictes.<\/p>\n\t\t\t\t<img loading=\"lazy\" decoding=\"async\" src=\"https:\/\/www.geramled.com\/wp-content\/uploads\/2020\/05\/commercial-lighting-supply-outdoor-led-light-manufacturers-china.jpg\" alt=\"fourniture d&#039;\u00e9clairage commercial fabricants de lumi\u00e8re LED ext\u00e9rieure Chine\" itemprop=\"image\" height=\"263\" width=\"350\" title=\"fourniture d&#039;\u00e9clairage commercial fabricants de lumi\u00e8re LED ext\u00e9rieure Chine\" onerror=\"this.style.display='none'\"  \/>\n<h2>\n\t\t\u00c9quipe de vente\n\t<\/h2>\n\t<p>We have a passionate and hard-working sales team. &#8220;Quality and Service are always the first&#8221; is our value and we aim to cooperate with our customers for a long term.<\/p>\n\t\t\t\t<img loading=\"lazy\" decoding=\"async\" src=\"https:\/\/www.geramled.com\/wp-content\/uploads\/2020\/05\/all-in-one-solar-led-street-lights-manufacturers-china-suppliers.jpg\" alt=\"fabricants de lampadaires \u00e0 LED solaires tout-en-un fournisseurs de Chine\" itemprop=\"image\" height=\"263\" width=\"350\" title=\"fabricants de lampadaires \u00e0 LED solaires tout-en-un fournisseurs de Chine\" onerror=\"this.style.display='none'\"  \/>\n<h2>\n\t\tSalle d&#039;exposition\n\t<\/h2>\n\t<p>Il existe diff\u00e9rents types de luminaires \u00e0 LED expos\u00e9s dans notre salle d&#039;exposition, notamment le projecteur \u00e0 LED, le lampadaire \u00e0 LED, l&#039;ampoule de ma\u00efs \u00e0 LED et le luminaire \u00e0 grande hauteur \u00e0 LED, etc.<\/p>\n\t<p>En tant que principal fournisseur de luminaires LED en Chine, notre usine est bien \u00e9quip\u00e9e. Il existe diff\u00e9rents types de machines ou d&#039;appareils dans notre usine, notamment la machine SMT, la machine d&#039;essai haute\/basse temp\u00e9rature, la sph\u00e8re d&#039;int\u00e9gration, la salle IES, l&#039;imprimante laser, le banc d&#039;essai \u00e9tanche, le lit d&#039;essai de vieillissement, etc.<\/p>\n\t\t\t\t\t<img decoding=\"async\" src=\"https:\/\/i.ytimg.com\/vi\/udwcRslG0OQ\/hqdefault.jpg\" alt=\"youtube-video-thumbnail\"\/>\n\t\t\t\t\t<img decoding=\"async\" src=\"https:\/\/i.ytimg.com\/vi\/X9kJsbZ-xhc\/hqdefault.jpg\" alt=\"youtube-video-thumbnail\"\/>\n\t\t\t\t\t<img decoding=\"async\" src=\"https:\/\/i.ytimg.com\/vi\/COR_wiARBEg\/hqdefault.jpg\" alt=\"youtube-video-thumbnail\"\/>\n\t<p>Tous nos travailleurs sont bien form\u00e9s et notre usine est divis\u00e9e en plusieurs districts, notamment le district des mat\u00e9riaux, le district de soudure, le district d&#039;assemblage, le district de QC, le district de test, le district d&#039;emballage et l&#039;entrep\u00f4t.<\/p>\n\t\t\t\t<img loading=\"lazy\" decoding=\"async\" src=\"https:\/\/www.geramled.com\/wp-content\/uploads\/2020\/05\/outdoor-landscape-lighting-suppliers-top-lighting-manufacturers-china.jpg\" alt=\"fournisseurs d&#039;\u00e9clairage paysager ext\u00e9rieur meilleurs fabricants d&#039;\u00e9clairage Chine\" itemprop=\"image\" height=\"606\" width=\"1212\" title=\"fournisseurs d&#039;\u00e9clairage paysager ext\u00e9rieur meilleurs fabricants d&#039;\u00e9clairage Chine\" onerror=\"this.style.display='none'\"  \/>\n\t<p>Nous avons obtenu de nombreux certificats pour la plupart de nos produits, tels que CE, EMC, LVD, RoHS, FCC, SAA, ERP, SASO, UL, etc. Nous pouvons \u00e9galement vous aider \u00e0 obtenir des certificats selon vos besoins.<\/p>\n\t\t\t\t<img loading=\"lazy\" decoding=\"async\" src=\"https:\/\/www.geramled.com\/wp-content\/uploads\/2024\/10\/ce-rohs-led-flood-light-01.jpg\" alt=\"ce rohs led flood light\" itemprop=\"image\" height=\"377\" width=\"800\" title=\"ce rohs led flood light\" onerror=\"this.style.display='none'\"  \/>\n\t<p>Nous participons chaque ann\u00e9e \u00e0 certains salons de l&#039;\u00e9clairage, tels que le salon de l&#039;\u00e9clairage de Canton, le salon de l&#039;\u00e9clairage de Hong Kong, le salon de l&#039;\u00e9clairage am\u00e9ricain, le salon de l&#039;\u00e9clairage de Francfort, le salon de l&#039;\u00e9clairage de Duba\u00ef, etc.<\/p>\n\t\t\t\t<img loading=\"lazy\" decoding=\"async\" src=\"https:\/\/www.geramled.com\/wp-content\/uploads\/2020\/05\/top-10-led-lighting-manufacturers-wholesale-lighting-suppliers-china.jpg\" alt=\"top 10 des fabricants d&#039;\u00e9clairage LED fournisseurs d&#039;\u00e9clairage en gros Chine\" itemprop=\"image\" height=\"300\" width=\"400\" title=\"top 10 des fabricants d&#039;\u00e9clairage LED fournisseurs d&#039;\u00e9clairage en gros Chine\" onerror=\"this.style.display='none'\"  \/>\n\t\t\t\t<img loading=\"lazy\" decoding=\"async\" src=\"https:\/\/www.geramled.com\/wp-content\/uploads\/2020\/05\/industrial-led-lighting-manufacturers-light-fitting-suppliers.jpg\" alt=\"fabricants d&#039;\u00e9clairage LED industriels fournisseurs de luminaires\" itemprop=\"image\" height=\"300\" width=\"400\" title=\"fabricants d&#039;\u00e9clairage LED industriels fournisseurs de luminaires\" onerror=\"this.style.display='none'\"  \/>\n\t\t\t\t<img loading=\"lazy\" decoding=\"async\" src=\"https:\/\/www.geramled.com\/wp-content\/uploads\/2020\/05\/led-flood-light-suppliers-led-bulbs-wholesale-suppliers-china.jpg\" alt=\"fournisseurs de projecteurs LED ampoules LED fournisseurs en gros Chine\" itemprop=\"image\" height=\"300\" width=\"400\" title=\"fournisseurs de projecteurs LED ampoules LED fournisseurs en gros Chine\" onerror=\"this.style.display='none'\"  \/>\n\t\t\t\t<img loading=\"lazy\" decoding=\"async\" src=\"https:\/\/www.geramled.com\/wp-content\/uploads\/2020\/05\/led-high-bay-light-manufacturer-warehouse-lighting-suppliers-china.jpg\" alt=\"fabricant de lumi\u00e8re LED pour grande hauteur, fournisseurs d&#039;\u00e9clairage d&#039;entrep\u00f4t, Chine\" itemprop=\"image\" height=\"300\" width=\"400\" title=\"fabricant de lumi\u00e8re LED pour grande hauteur, fournisseurs d&#039;\u00e9clairage d&#039;entrep\u00f4t, Chine\" onerror=\"this.style.display='none'\"  \/>\n\t<h2><em>\u00c9tiqueter:<a href=\"https:\/\/www.geramled.com\/fr\/led-light-supplier\/\"> Fournisseur de lumi\u00e8re LED en Chine, fabricant, grossiste et exportateur<\/a><\/em><\/h2>","protected":false},"excerpt":{"rendered":"<p>LED Light Supplier In China, Manufacturer, Wholesaler and Exporter CYREE LED Located in Guangdong, China, is a leading LED light supplier, manufacturer, wholesaler and exporter with about 10 years of experience in production. Our factory covers 20,000 square meters and is well-equipped with about 10 production lines and 5 SMT machines. We mainly specialize in [&hellip;]<\/p>","protected":false},"author":1,"featured_media":10575,"parent":0,"menu_order":1,"comment_status":"closed","ping_status":"closed","template":"","meta":{"site-sidebar-layout":"no-sidebar","site-content-layout":"page-builder","ast-site-content-layout":"full-width-container","site-content-style":"unboxed","site-sidebar-style":"unboxed","ast-global-header-display":"","ast-banner-title-visibility":"","ast-main-header-display":"","ast-hfb-above-header-display":"","ast-hfb-below-header-display":"","ast-hfb-mobile-header-display":"","site-post-title":"","ast-breadcrumbs-content":"","ast-featured-img":"","footer-sml-layout":"","theme-transparent-header-meta":"default","adv-header-id-meta":"","stick-header-meta":"default","header-above-stick-meta":"","header-main-stick-meta":"","header-below-stick-meta":"","astra-migrate-meta-layouts":"set","ast-page-background-enabled":"default","ast-page-background-meta":{"desktop":{"background-color":"var(--ast-global-color-4)","background-image":"","background-repeat":"repeat","background-position":"center center","background-size":"auto","background-attachment":"scroll","background-type":"","background-media":"","overlay-type":"","overlay-color":"","overlay-gradient":""},"tablet":{"background-color":"","background-image":"","background-repeat":"repeat","background-position":"center center","background-size":"auto","background-attachment":"scroll","background-type":"","background-media":"","overlay-type":"","overlay-color":"","overlay-gradient":""},"mobile":{"background-color":"","background-image":"","background-repeat":"repeat","background-position":"center center","background-size":"auto","background-attachment":"scroll","background-type":"","background-media":"","overlay-type":"","overlay-color":"","overlay-gradient":""}},"ast-content-background-meta":{"desktop":{"background-color":"var(--ast-global-color-5)","background-image":"","background-repeat":"repeat","background-position":"center center","background-size":"auto","background-attachment":"scroll","background-type":"","background-media":"","overlay-type":"","overlay-color":"","overlay-gradient":""},"tablet":{"background-color":"var(--ast-global-color-5)","background-image":"","background-repeat":"repeat","background-position":"center center","background-size":"auto","background-attachment":"scroll","background-type":"","background-media":"","overlay-type":"","overlay-color":"","overlay-gradient":""},"mobile":{"background-color":"var(--ast-global-color-5)","background-image":"","background-repeat":"repeat","background-position":"center center","background-size":"auto","background-attachment":"scroll","background-type":"","background-media":"","overlay-type":"","overlay-color":"","overlay-gradient":""}},"footnotes":""},"class_list":["post-54","page","type-page","status-publish","has-post-thumbnail","hentry"],"yoast_head":"<!-- This site is optimized with the Yoast SEO Premium plugin v22.4 (Yoast SEO v22.6) - https:\/\/yoast.com\/wordpress\/plugins\/seo\/ -->\n<title>LED Light Supplier In China LED Bulb Company | CYREE LED<\/title>\n<meta name=\"description\" content=\"Leading LED Light Supplier In China. Wholesale LED Flood Light, Street Light, RGB Light, Solar Light, Corn Bulb, High Bay Light, etc. Contact Us Now!\" \/>\n<meta name=\"robots\" content=\"index, follow, max-snippet:-1, max-image-preview:large, max-video-preview:-1\" \/>\n<link rel=\"canonical\" href=\"https:\/\/www.geramled.com\/fr\/a-propos-de-nous\/\" \/>\n<meta property=\"og:locale\" content=\"fr_FR\" \/>\n<meta property=\"og:type\" content=\"article\" \/>\n<meta property=\"og:title\" content=\"LED Light Supplier In China LED Bulb Company | CYREE LED\" \/>\n<meta property=\"og:description\" content=\"Leading LED Light Supplier In China. Wholesale LED Flood Light, Street Light, RGB Light, Solar Light, Corn Bulb, High Bay Light, etc. Contact Us Now!\" \/>\n<meta property=\"og:url\" content=\"https:\/\/www.geramled.com\/fr\/a-propos-de-nous\/\" \/>\n<meta property=\"og:site_name\" content=\"CYREE LED\" \/>\n<meta property=\"article:publisher\" content=\"https:\/\/www.facebook.com\/jerrygeram\" \/>\n<meta property=\"article:modified_time\" content=\"2024-10-31T09:30:26+00:00\" \/>\n<meta property=\"og:image\" content=\"https:\/\/www.geramled.com\/wp-content\/uploads\/2024\/10\/led-light-manufacturer-cyree-led.jpg\" \/>\n\t<meta property=\"og:image:width\" content=\"358\" \/>\n\t<meta property=\"og:image:height\" content=\"358\" \/>\n\t<meta property=\"og:image:type\" content=\"image\/jpeg\" \/>\n<meta name=\"twitter:card\" content=\"summary_large_image\" \/>\n<meta name=\"twitter:site\" content=\"@jerrygeram\" \/>\n<meta name=\"twitter:label1\" content=\"Est. reading time\" \/>\n\t<meta name=\"twitter:data1\" content=\"5 minutes\" \/>\n<script type=\"application\/ld+json\" class=\"yoast-schema-graph\">{\"@context\":\"https:\/\/schema.org\",\"@graph\":[{\"@type\":\"WebPage\",\"@id\":\"https:\/\/www.geramled.com\/about-us\/\",\"url\":\"https:\/\/www.geramled.com\/about-us\/\",\"name\":\"LED Light Supplier In China LED Bulb Company | CYREE LED\",\"isPartOf\":{\"@id\":\"https:\/\/www.geramled.com\/#website\"},\"primaryImageOfPage\":{\"@id\":\"https:\/\/www.geramled.com\/about-us\/#primaryimage\"},\"image\":{\"@id\":\"https:\/\/www.geramled.com\/about-us\/#primaryimage\"},\"thumbnailUrl\":\"https:\/\/www.geramled.com\/wp-content\/uploads\/2024\/10\/led-light-manufacturer-cyree-led.jpg\",\"datePublished\":\"2020-03-31T06:21:56+00:00\",\"dateModified\":\"2024-10-31T09:30:26+00:00\",\"description\":\"Leading LED Light Supplier In China. Wholesale LED Flood Light, Street Light, RGB Light, Solar Light, Corn Bulb, High Bay Light, etc. Contact Us Now!\",\"inLanguage\":\"fr-FR\",\"potentialAction\":[{\"@type\":\"ReadAction\",\"target\":[\"https:\/\/www.geramled.com\/about-us\/\"]}]},{\"@type\":\"ImageObject\",\"inLanguage\":\"fr-FR\",\"@id\":\"https:\/\/www.geramled.com\/about-us\/#primaryimage\",\"url\":\"https:\/\/www.geramled.com\/wp-content\/uploads\/2024\/10\/led-light-manufacturer-cyree-led.jpg\",\"contentUrl\":\"https:\/\/www.geramled.com\/wp-content\/uploads\/2024\/10\/led-light-manufacturer-cyree-led.jpg\",\"width\":358,\"height\":358,\"caption\":\"led light manufacturer - cyree led\"},{\"@type\":\"WebSite\",\"@id\":\"https:\/\/www.geramled.com\/#website\",\"url\":\"https:\/\/www.geramled.com\/\",\"name\":\"CYREE LED\",\"description\":\"Leading LED Light Manufacturer In China\",\"publisher\":{\"@id\":\"https:\/\/www.geramled.com\/#organization\"},\"potentialAction\":[{\"@type\":\"SearchAction\",\"target\":{\"@type\":\"EntryPoint\",\"urlTemplate\":\"https:\/\/www.geramled.com\/?s={search_term_string}\"},\"query-input\":\"required name=search_term_string\"}],\"inLanguage\":\"fr-FR\"},{\"@type\":\"Organization\",\"@id\":\"https:\/\/www.geramled.com\/#organization\",\"name\":\"CYREE LED\",\"url\":\"https:\/\/www.geramled.com\/\",\"logo\":{\"@type\":\"ImageObject\",\"inLanguage\":\"fr-FR\",\"@id\":\"https:\/\/www.geramled.com\/#\/schema\/logo\/image\/\",\"url\":\"https:\/\/www.geramled.com\/wp-content\/uploads\/2024\/10\/site-logo.png\",\"contentUrl\":\"https:\/\/www.geramled.com\/wp-content\/uploads\/2024\/10\/site-logo.png\",\"width\":193,\"height\":339,\"caption\":\"CYREE LED\"},\"image\":{\"@id\":\"https:\/\/www.geramled.com\/#\/schema\/logo\/image\/\"},\"sameAs\":[\"https:\/\/www.facebook.com\/jerrygeram\",\"https:\/\/x.com\/jerrygeram\",\"https:\/\/www.linkedin.com\/in\/jerrymo\/\",\"https:\/\/www.youtube.com\/channel\/UCYCYojuG_s19i5MDVysy2Dg\"]}]}<\/script>\n<!-- \/ Yoast SEO Premium plugin. -->","yoast_head_json":{"title":"LED Light Supplier In China LED Bulb Company | CYREE LED","description":"Leading LED Light Supplier In China. Wholesale LED Flood Light, Street Light, RGB Light, Solar Light, Corn Bulb, High Bay Light, etc. Contact Us Now!","robots":{"index":"index","follow":"follow","max-snippet":"max-snippet:-1","max-image-preview":"max-image-preview:large","max-video-preview":"max-video-preview:-1"},"canonical":"https:\/\/www.geramled.com\/fr\/a-propos-de-nous\/","og_locale":"fr_FR","og_type":"article","og_title":"LED Light Supplier In China LED Bulb Company | CYREE LED","og_description":"Leading LED Light Supplier In China. Wholesale LED Flood Light, Street Light, RGB Light, Solar Light, Corn Bulb, High Bay Light, etc. Contact Us Now!","og_url":"https:\/\/www.geramled.com\/fr\/a-propos-de-nous\/","og_site_name":"CYREE LED","article_publisher":"https:\/\/www.facebook.com\/jerrygeram","article_modified_time":"2024-10-31T09:30:26+00:00","og_image":[{"width":358,"height":358,"url":"https:\/\/www.geramled.com\/wp-content\/uploads\/2024\/10\/led-light-manufacturer-cyree-led.jpg","type":"image\/jpeg"}],"twitter_card":"summary_large_image","twitter_site":"@jerrygeram","twitter_misc":{"Est. reading time":"5 minutes"},"schema":{"@context":"https:\/\/schema.org","@graph":[{"@type":"WebPage","@id":"https:\/\/www.geramled.com\/about-us\/","url":"https:\/\/www.geramled.com\/about-us\/","name":"LED Light Supplier In China LED Bulb Company | CYREE LED","isPartOf":{"@id":"https:\/\/www.geramled.com\/#website"},"primaryImageOfPage":{"@id":"https:\/\/www.geramled.com\/about-us\/#primaryimage"},"image":{"@id":"https:\/\/www.geramled.com\/about-us\/#primaryimage"},"thumbnailUrl":"https:\/\/www.geramled.com\/wp-content\/uploads\/2024\/10\/led-light-manufacturer-cyree-led.jpg","datePublished":"2020-03-31T06:21:56+00:00","dateModified":"2024-10-31T09:30:26+00:00","description":"Leading LED Light Supplier In China. Wholesale LED Flood Light, Street Light, RGB Light, Solar Light, Corn Bulb, High Bay Light, etc. Contact Us Now!","inLanguage":"fr-FR","potentialAction":[{"@type":"ReadAction","target":["https:\/\/www.geramled.com\/about-us\/"]}]},{"@type":"ImageObject","inLanguage":"fr-FR","@id":"https:\/\/www.geramled.com\/about-us\/#primaryimage","url":"https:\/\/www.geramled.com\/wp-content\/uploads\/2024\/10\/led-light-manufacturer-cyree-led.jpg","contentUrl":"https:\/\/www.geramled.com\/wp-content\/uploads\/2024\/10\/led-light-manufacturer-cyree-led.jpg","width":358,"height":358,"caption":"led light manufacturer - cyree led"},{"@type":"WebSite","@id":"https:\/\/www.geramled.com\/#website","url":"https:\/\/www.geramled.com\/","name":"CYREE LED","description":"Leading LED Light Manufacturer In China","publisher":{"@id":"https:\/\/www.geramled.com\/#organization"},"potentialAction":[{"@type":"SearchAction","target":{"@type":"EntryPoint","urlTemplate":"https:\/\/www.geramled.com\/?s={search_term_string}"},"query-input":"required name=search_term_string"}],"inLanguage":"fr-FR"},{"@type":"Organization","@id":"https:\/\/www.geramled.com\/#organization","name":"CYREE LED","url":"https:\/\/www.geramled.com\/","logo":{"@type":"ImageObject","inLanguage":"fr-FR","@id":"https:\/\/www.geramled.com\/#\/schema\/logo\/image\/","url":"https:\/\/www.geramled.com\/wp-content\/uploads\/2024\/10\/site-logo.png","contentUrl":"https:\/\/www.geramled.com\/wp-content\/uploads\/2024\/10\/site-logo.png","width":193,"height":339,"caption":"CYREE LED"},"image":{"@id":"https:\/\/www.geramled.com\/#\/schema\/logo\/image\/"},"sameAs":["https:\/\/www.facebook.com\/jerrygeram","https:\/\/x.com\/jerrygeram","https:\/\/www.linkedin.com\/in\/jerrymo\/","https:\/\/www.youtube.com\/channel\/UCYCYojuG_s19i5MDVysy2Dg"]}]}},"_links":{"self":[{"href":"https:\/\/www.geramled.com\/fr\/wp-json\/wp\/v2\/pages\/54","targetHints":{"allow":["GET"]}}],"collection":[{"href":"https:\/\/www.geramled.com\/fr\/wp-json\/wp\/v2\/pages"}],"about":[{"href":"https:\/\/www.geramled.com\/fr\/wp-json\/wp\/v2\/types\/page"}],"author":[{"embeddable":true,"href":"https:\/\/www.geramled.com\/fr\/wp-json\/wp\/v2\/users\/1"}],"replies":[{"embeddable":true,"href":"https:\/\/www.geramled.com\/fr\/wp-json\/wp\/v2\/comments?post=54"}],"version-history":[{"count":0,"href":"https:\/\/www.geramled.com\/fr\/wp-json\/wp\/v2\/pages\/54\/revisions"}],"wp:featuredmedia":[{"embeddable":true,"href":"https:\/\/www.geramled.com\/fr\/wp-json\/wp\/v2\/media\/10575"}],"wp:attachment":[{"href":"https:\/\/www.geramled.com\/fr\/wp-json\/wp\/v2\/media?parent=54"}],"curies":[{"name":"wp","href":"https:\/\/api.w.org\/{rel}","templated":true}]}}