{"id":1419,"date":"2020-05-15T10:04:06","date_gmt":"2020-05-15T10:04:06","guid":{"rendered":"https:\/\/www.geramled.com\/?page_id=1419"},"modified":"2022-09-27T15:40:51","modified_gmt":"2022-09-27T07:40:51","slug":"led-street-light","status":"publish","type":"page","link":"https:\/\/www.geramled.com\/fr\/lampadaire-mene\/","title":{"rendered":"R\u00e9verb\u00e8re LED"},"content":{"rendered":"<p><a title=\"Commercial Outdoor LED Street Lights For Sale 50W to 300W\" href=\"https:\/\/www.geramled.com\/fr\/lampadaires-led-exterieurs-commerciaux-a-vendre\/\" target=\"_self\" rel=\"noopener noreferrer\"> <img decoding=\"async\" src=\"https:\/\/www.geramled.com\/wp-content\/uploads\/2020\/06\/high-power-led-street-light.jpg\" alt=\"r\u00e9verb\u00e8re men\u00e9 par puissance \u00e9lev\u00e9e\" \/> <\/a><\/p>\r\n<h3><a tabindex=\"0\" title=\"Commercial Outdoor LED Street Lights For Sale 50W to 300W\" href=\"https:\/\/www.geramled.com\/fr\/lampadaires-led-exterieurs-commerciaux-a-vendre\/\">Commercial Outdoor LED Street Lights For Sale 50W to 300W<\/a><\/h3>\r\n<p>Commercial Outdoor LED Street Lights For Sale 50W to 300W Brief Description \u272a Using Philips 3030 LED chips, &#8230; <a href=\"https:\/\/www.geramled.com\/fr\/lampadaires-led-exterieurs-commerciaux-a-vendre\/\" target=\"_self\" rel=\"noopener noreferrer\">Read More &gt;&gt; \u2192<\/a> <a title=\"R\u00e9verb\u00e8res industriels \u00e0 LED IP65 \u00e9tanches 80W \u00e0 200W\" href=\"https:\/\/www.geramled.com\/fr\/industrial-led-street-lights-ip65-waterproof\/\" target=\"_self\" rel=\"noopener noreferrer\"> <img decoding=\"async\" src=\"https:\/\/www.geramled.com\/wp-content\/uploads\/2020\/06\/3000k-led-street-light.jpg\" alt=\"r\u00e9verb\u00e8re men\u00e9 par 3000k\" \/> <\/a><\/p>\r\n<h3><a tabindex=\"0\" title=\"R\u00e9verb\u00e8res industriels \u00e0 LED IP65 \u00e9tanches 80W \u00e0 200W\" href=\"https:\/\/www.geramled.com\/fr\/industrial-led-street-lights-ip65-waterproof\/\">R\u00e9verb\u00e8res industriels \u00e0 LED IP65 \u00e9tanches 80W \u00e0 200W<\/a><\/h3>\r\n<p>Industrial LED Street Lights IP65 Waterproof 80W to 200W Brief Description \u272a Using Philips 3030 LED chips, high &#8230; <a href=\"https:\/\/www.geramled.com\/fr\/industrial-led-street-lights-ip65-waterproof\/\" target=\"_self\" rel=\"noopener noreferrer\">Read More &gt;&gt; \u2192<\/a> <a title=\"R\u00e9verb\u00e8re LED 45W avec puce COB haute luminosit\u00e9\" href=\"https:\/\/www.geramled.com\/fr\/reverbere-mene-par-45w\/\" target=\"_self\" rel=\"noopener noreferrer\"> <img decoding=\"async\" src=\"https:\/\/www.geramled.com\/wp-content\/uploads\/2020\/07\/45w-led-street-light-100.jpg\" alt=\"r\u00e9verb\u00e8re men\u00e9 par 45w\" \/> <\/a><\/p>\r\n<h3><a tabindex=\"0\" title=\"R\u00e9verb\u00e8re LED 45W avec puce COB haute luminosit\u00e9\" href=\"https:\/\/www.geramled.com\/fr\/reverbere-mene-par-45w\/\">R\u00e9verb\u00e8re LED 45W avec puce COB haute luminosit\u00e9<\/a><\/h3>\r\n<p>45W LED Street Light With High Brightness COB Chip Brief Description \u272a Power: 45W. \u272a Using Epistar COB &#8230; <a href=\"https:\/\/www.geramled.com\/fr\/reverbere-mene-par-45w\/\" target=\"_self\" rel=\"noopener noreferrer\">Read More &gt;&gt; \u2192<\/a> <a title=\"R\u00e9verb\u00e8re LED 25W pour jardin, route de campagne et \u00e9cole\" href=\"https:\/\/www.geramled.com\/fr\/reverbere-mene-par-25w\/\" target=\"_self\" rel=\"noopener noreferrer\"> <img decoding=\"async\" src=\"https:\/\/www.geramled.com\/wp-content\/uploads\/2020\/07\/25w-led-street-light.jpg\" alt=\"r\u00e9verb\u00e8re men\u00e9 par 25w\" \/> <\/a><\/p>\r\n<h3><a tabindex=\"0\" title=\"R\u00e9verb\u00e8re LED 25W pour jardin, route de campagne et \u00e9cole\" href=\"https:\/\/www.geramled.com\/fr\/reverbere-mene-par-25w\/\">25W LED Street Light For Garden, Country Road &amp; School<\/a><\/h3>\r\n<p>25W LED Street Light For Garden, Country Road &amp; School Brief Description \u272a Power: 25W. \u272a Using Philips &#8230; <a href=\"https:\/\/www.geramled.com\/fr\/reverbere-mene-par-25w\/\" target=\"_self\" rel=\"noopener noreferrer\">Read More &gt;&gt; \u2192<\/a> <a title=\"Lampadaire LED 70W avec le meilleur prix d&#039;usine\" href=\"https:\/\/www.geramled.com\/fr\/reverbere-mene-par-70w\/\" target=\"_self\" rel=\"noopener noreferrer\"> <img decoding=\"async\" src=\"https:\/\/www.geramled.com\/wp-content\/uploads\/2020\/07\/70w-led-street-light-in-china.jpg\" alt=\"r\u00e9verb\u00e8re men\u00e9 par 70w\" \/> <\/a><\/p>\r\n<h3><a tabindex=\"0\" title=\"Lampadaire LED 70W avec le meilleur prix d&#039;usine\" href=\"https:\/\/www.geramled.com\/fr\/reverbere-mene-par-70w\/\">Lampadaire LED 70W avec le meilleur prix d&#039;usine<\/a><\/h3>\r\n<p>70W LED Street Light With Best Factory Price Brief Description \u272a Power: 70W. \u272a Using Epistar brand COB &#8230; <a href=\"https:\/\/www.geramled.com\/fr\/reverbere-mene-par-70w\/\" target=\"_self\" rel=\"noopener noreferrer\">Read More &gt;&gt; \u2192<\/a> <a title=\"Lampadaire LED 200 W \u2013 Conception de puces LED modulaires\" href=\"https:\/\/www.geramled.com\/fr\/reverbere-mene-par-200w\/\" target=\"_self\" rel=\"noopener noreferrer\"> <img decoding=\"async\" src=\"https:\/\/www.geramled.com\/wp-content\/uploads\/2020\/07\/200w-led-street-light-in-china.jpg\" alt=\"r\u00e9verb\u00e8re men\u00e9 par 200w\" \/> <\/a><\/p>\r\n<h3><a tabindex=\"0\" title=\"Lampadaire LED 200 W \u2013 Conception de puces LED modulaires\" href=\"https:\/\/www.geramled.com\/fr\/reverbere-mene-par-200w\/\">Lampadaire LED 200 W \u2013 Conception de puces LED modulaires<\/a><\/h3>\r\n<p>200W LED Street Light &#8211; Modular LED Chips Design Brief Description \u272a Power: 200W. \u272a Using Philips brand &#8230; <a href=\"https:\/\/www.geramled.com\/fr\/reverbere-mene-par-200w\/\" target=\"_self\" rel=\"noopener noreferrer\">Read More &gt;&gt; \u2192<\/a> <a title=\"Prix le moins cher 85-265V 20W lampadaire LED pour la campagne\" href=\"https:\/\/www.geramled.com\/fr\/reverbere-mene-par-20w\/\" target=\"_self\" rel=\"noopener noreferrer\"> <img decoding=\"async\" src=\"https:\/\/www.geramled.com\/wp-content\/uploads\/2020\/11\/20w-led-street-light-0.jpg\" alt=\"r\u00e9verb\u00e8re men\u00e9 par 20w\" \/> <\/a><\/p>\r\n<h3><a tabindex=\"0\" title=\"Prix le moins cher 85-265V 20W lampadaire LED pour la campagne\" href=\"https:\/\/www.geramled.com\/fr\/reverbere-mene-par-20w\/\">Prix le moins cher 85-265V 20W lampadaire LED pour la campagne<\/a><\/h3>\r\n<p>Cheapest Price 85-265V 20W LED Street Light For Countryside Brief Description \u272a Power: 20W.\u272a Using Philips brand 3030 &#8230; <a href=\"https:\/\/www.geramled.com\/fr\/reverbere-mene-par-20w\/\" target=\"_self\" rel=\"noopener noreferrer\">Read More &gt;&gt; \u2192<\/a> <a title=\"R\u00e9verb\u00e8re ext\u00e9rieur imperm\u00e9able \u00e0 LED de PF \u00e9lev\u00e9 SMD3030 30W\" href=\"https:\/\/www.geramled.com\/fr\/reverbere-mene-par-30w\/\" target=\"_self\" rel=\"noopener noreferrer\"> <img decoding=\"async\" src=\"https:\/\/www.geramled.com\/wp-content\/uploads\/2020\/11\/30w-led-street-light-0.jpg\" alt=\"r\u00e9verb\u00e8re men\u00e9 par 30w\" \/> <\/a><\/p>\r\n<h3><a tabindex=\"0\" title=\"R\u00e9verb\u00e8re ext\u00e9rieur imperm\u00e9able \u00e0 LED de PF \u00e9lev\u00e9 SMD3030 30W\" href=\"https:\/\/www.geramled.com\/fr\/reverbere-mene-par-30w\/\">R\u00e9verb\u00e8re ext\u00e9rieur imperm\u00e9able \u00e0 LED de PF \u00e9lev\u00e9 SMD3030 30W<\/a><\/h3>\r\n<p>Outdoor Waterproof High PF SMD3030 30W LED Street Light Brief Description \u272a Power: 30W. \u272a Using Philips brand &#8230; <a href=\"https:\/\/www.geramled.com\/fr\/reverbere-mene-par-30w\/\" target=\"_self\" rel=\"noopener noreferrer\">Read More &gt;&gt; \u2192<\/a> <a title=\"Hot Sale aluminium 3000K 6000K COB 50W lampadaire LED\" href=\"https:\/\/www.geramled.com\/fr\/reverbere-mene-par-50w\/\" target=\"_self\" rel=\"noopener noreferrer\"> <img decoding=\"async\" src=\"https:\/\/www.geramled.com\/wp-content\/uploads\/2020\/12\/50w-led-street-light-0.jpg\" alt=\"r\u00e9verb\u00e8re men\u00e9 par 50w\" \/> <\/a><\/p>\r\n<h3><a tabindex=\"0\" title=\"Hot Sale aluminium 3000K 6000K COB 50W lampadaire LED\" href=\"https:\/\/www.geramled.com\/fr\/reverbere-mene-par-50w\/\">Hot Sale aluminium 3000K 6000K COB 50W lampadaire LED<\/a><\/h3>\r\n<p>Hot Sale Aluminum 3000K 6000K COB 50W LED Street Light Brief Description \u272a Power: 50W. \u272a Using Epistar &#8230; <a href=\"https:\/\/www.geramled.com\/fr\/reverbere-mene-par-50w\/\" target=\"_self\" rel=\"noopener noreferrer\">Read More &gt;&gt; \u2192<\/a> <a title=\"Luminaires LED de 10 W \u00e0 400 W pour l&#039;\u00e9clairage routier et public\" href=\"https:\/\/www.geramled.com\/fr\/luminaires-a-led-pour-leclairage-routier-et-public\/\" target=\"_self\" rel=\"noopener noreferrer\"> <img decoding=\"async\" src=\"https:\/\/www.geramled.com\/wp-content\/uploads\/2020\/12\/led-luminaires-for-road-and-street-lighting-0.jpg\" alt=\"luminaires \u00e0 LED pour l&#039;\u00e9clairage routier et public\" \/> <\/a><\/p>\r\n<h3><a tabindex=\"0\" title=\"Luminaires LED de 10 W \u00e0 400 W pour l&#039;\u00e9clairage routier et public\" href=\"https:\/\/www.geramled.com\/fr\/luminaires-a-led-pour-leclairage-routier-et-public\/\">Luminaires LED de 10 W \u00e0 400 W pour l&#039;\u00e9clairage routier et public<\/a><\/h3>\r\n<p>10W To 400W LED Luminaires For Road And Street Lighting Brief Description \u272a Power: 10W-400W. \u272a Using excellent &#8230; <a href=\"https:\/\/www.geramled.com\/fr\/luminaires-a-led-pour-leclairage-routier-et-public\/\" target=\"_self\" rel=\"noopener noreferrer\">Read More &gt;&gt; \u2192<\/a><\/p>","protected":false},"excerpt":{"rendered":"<p>Commercial Outdoor LED Street Lights For Sale 50W to 300W Commercial Outdoor LED Street Lights For Sale 50W to 300W Brief Description \u272a Using Philips 3030 LED chips, &#8230; Read More &gt;&gt; \u2192 Industrial LED Street Lights IP65 Waterproof 80W to 200W Industrial LED Street Lights IP65 Waterproof 80W to 200W Brief Description \u272a Using [&hellip;]<\/p>","protected":false},"author":1,"featured_media":2762,"parent":0,"menu_order":13,"comment_status":"closed","ping_status":"closed","template":"","meta":{"site-sidebar-layout":"default","site-content-layout":"default","ast-site-content-layout":"","site-content-style":"default","site-sidebar-style":"default","ast-global-header-display":"","ast-banner-title-visibility":"","ast-main-header-display":"","ast-hfb-above-header-display":"","ast-hfb-below-header-display":"","ast-hfb-mobile-header-display":"","site-post-title":"","ast-breadcrumbs-content":"","ast-featured-img":"","footer-sml-layout":"","theme-transparent-header-meta":"default","adv-header-id-meta":"","stick-header-meta":"default","header-above-stick-meta":"","header-main-stick-meta":"","header-below-stick-meta":"","astra-migrate-meta-layouts":"default","ast-page-background-enabled":"default","ast-page-background-meta":{"desktop":{"background-color":"var(--ast-global-color-4)","background-image":"","background-repeat":"repeat","background-position":"center center","background-size":"auto","background-attachment":"scroll","background-type":"","background-media":"","overlay-type":"","overlay-color":"","overlay-gradient":""},"tablet":{"background-color":"","background-image":"","background-repeat":"repeat","background-position":"center center","background-size":"auto","background-attachment":"scroll","background-type":"","background-media":"","overlay-type":"","overlay-color":"","overlay-gradient":""},"mobile":{"background-color":"","background-image":"","background-repeat":"repeat","background-position":"center center","background-size":"auto","background-attachment":"scroll","background-type":"","background-media":"","overlay-type":"","overlay-color":"","overlay-gradient":""}},"ast-content-background-meta":{"desktop":{"background-color":"var(--ast-global-color-5)","background-image":"","background-repeat":"repeat","background-position":"center center","background-size":"auto","background-attachment":"scroll","background-type":"","background-media":"","overlay-type":"","overlay-color":"","overlay-gradient":""},"tablet":{"background-color":"var(--ast-global-color-5)","background-image":"","background-repeat":"repeat","background-position":"center center","background-size":"auto","background-attachment":"scroll","background-type":"","background-media":"","overlay-type":"","overlay-color":"","overlay-gradient":""},"mobile":{"background-color":"var(--ast-global-color-5)","background-image":"","background-repeat":"repeat","background-position":"center center","background-size":"auto","background-attachment":"scroll","background-type":"","background-media":"","overlay-type":"","overlay-color":"","overlay-gradient":""}},"footnotes":""},"class_list":["post-1419","page","type-page","status-publish","has-post-thumbnail","hentry"],"yoast_head":"<!-- This site is optimized with the Yoast SEO Premium plugin v22.4 (Yoast SEO v22.6) - https:\/\/yoast.com\/wordpress\/plugins\/seo\/ -->\n<title>Outdoor LED Street Lights 50W 100W 150W 200W 300W<\/title>\n<meta name=\"description\" content=\"Factory direct sale outdoor LED street lights of 50W, 100W, 150W, 200W, 300W, used for commercial projects such as highways, roads, campuses, bridges, etc.\" \/>\n<meta name=\"robots\" content=\"index, follow, max-snippet:-1, max-image-preview:large, max-video-preview:-1\" \/>\n<link rel=\"canonical\" href=\"https:\/\/www.geramled.com\/fr\/\uc9c0\ub3c4\ub41c-\uac00\ub85c\ub4f1\/\" \/>\n<meta property=\"og:locale\" content=\"fr_FR\" \/>\n<meta property=\"og:type\" content=\"article\" \/>\n<meta property=\"og:title\" content=\"Outdoor LED Street Lights 50W 100W 150W 200W 300W\" \/>\n<meta property=\"og:description\" content=\"Factory direct sale outdoor LED street lights of 50W, 100W, 150W, 200W, 300W, used for commercial projects such as highways, roads, campuses, bridges, etc.\" \/>\n<meta property=\"og:url\" content=\"https:\/\/www.geramled.com\/fr\/\uc9c0\ub3c4\ub41c-\uac00\ub85c\ub4f1\/\" \/>\n<meta property=\"og:site_name\" content=\"CYREE LED\" \/>\n<meta property=\"article:publisher\" content=\"https:\/\/www.facebook.com\/jerrygeram\" \/>\n<meta property=\"article:modified_time\" content=\"2022-09-27T07:40:51+00:00\" \/>\n<meta property=\"og:image\" content=\"https:\/\/www.geramled.com\/wp-content\/uploads\/2020\/06\/led-street-light-manufacturers-suppliers-companies-factory-in-china-1.jpg\" \/>\n\t<meta property=\"og:image:width\" content=\"250\" \/>\n\t<meta property=\"og:image:height\" content=\"250\" \/>\n\t<meta property=\"og:image:type\" content=\"image\/jpeg\" \/>\n<meta name=\"twitter:card\" content=\"summary_large_image\" \/>\n<meta name=\"twitter:site\" content=\"@jerrygeram\" \/>\n<meta name=\"twitter:label1\" content=\"Est. reading time\" \/>\n\t<meta name=\"twitter:data1\" content=\"1 minute\" \/>\n<script type=\"application\/ld+json\" class=\"yoast-schema-graph\">{\"@context\":\"https:\/\/schema.org\",\"@graph\":[{\"@type\":\"WebPage\",\"@id\":\"https:\/\/www.geramled.com\/ko\/\uc9c0\ub3c4\ub41c-\uac00\ub85c\ub4f1\/\",\"url\":\"https:\/\/www.geramled.com\/ko\/\uc9c0\ub3c4\ub41c-\uac00\ub85c\ub4f1\/\",\"name\":\"Outdoor LED Street Lights 50W 100W 150W 200W 300W\",\"isPartOf\":{\"@id\":\"https:\/\/www.geramled.com\/#website\"},\"primaryImageOfPage\":{\"@id\":\"https:\/\/www.geramled.com\/ko\/\uc9c0\ub3c4\ub41c-\uac00\ub85c\ub4f1\/#primaryimage\"},\"image\":{\"@id\":\"https:\/\/www.geramled.com\/ko\/\uc9c0\ub3c4\ub41c-\uac00\ub85c\ub4f1\/#primaryimage\"},\"thumbnailUrl\":\"https:\/\/www.geramled.com\/wp-content\/uploads\/2020\/06\/led-street-light-manufacturers-suppliers-companies-factory-in-china-1.jpg\",\"datePublished\":\"2020-05-15T10:04:06+00:00\",\"dateModified\":\"2022-09-27T07:40:51+00:00\",\"description\":\"Factory direct sale outdoor LED street lights of 50W, 100W, 150W, 200W, 300W, used for commercial projects such as highways, roads, campuses, bridges, etc.\",\"inLanguage\":\"fr-FR\",\"potentialAction\":[{\"@type\":\"ReadAction\",\"target\":[\"https:\/\/www.geramled.com\/ko\/\uc9c0\ub3c4\ub41c-\uac00\ub85c\ub4f1\/\"]}]},{\"@type\":\"ImageObject\",\"inLanguage\":\"fr-FR\",\"@id\":\"https:\/\/www.geramled.com\/ko\/\uc9c0\ub3c4\ub41c-\uac00\ub85c\ub4f1\/#primaryimage\",\"url\":\"https:\/\/www.geramled.com\/wp-content\/uploads\/2020\/06\/led-street-light-manufacturers-suppliers-companies-factory-in-china-1.jpg\",\"contentUrl\":\"https:\/\/www.geramled.com\/wp-content\/uploads\/2020\/06\/led-street-light-manufacturers-suppliers-companies-factory-in-china-1.jpg\",\"width\":250,\"height\":250,\"caption\":\"led street light manufacturers suppliers companies factory in china\"},{\"@type\":\"WebSite\",\"@id\":\"https:\/\/www.geramled.com\/#website\",\"url\":\"https:\/\/www.geramled.com\/\",\"name\":\"CYREE LED\",\"description\":\"Leading LED Light Manufacturer In China\",\"publisher\":{\"@id\":\"https:\/\/www.geramled.com\/#organization\"},\"potentialAction\":[{\"@type\":\"SearchAction\",\"target\":{\"@type\":\"EntryPoint\",\"urlTemplate\":\"https:\/\/www.geramled.com\/?s={search_term_string}\"},\"query-input\":\"required name=search_term_string\"}],\"inLanguage\":\"fr-FR\"},{\"@type\":\"Organization\",\"@id\":\"https:\/\/www.geramled.com\/#organization\",\"name\":\"CYREE LED\",\"url\":\"https:\/\/www.geramled.com\/\",\"logo\":{\"@type\":\"ImageObject\",\"inLanguage\":\"fr-FR\",\"@id\":\"https:\/\/www.geramled.com\/#\/schema\/logo\/image\/\",\"url\":\"https:\/\/www.geramled.com\/wp-content\/uploads\/2024\/10\/site-logo.png\",\"contentUrl\":\"https:\/\/www.geramled.com\/wp-content\/uploads\/2024\/10\/site-logo.png\",\"width\":193,\"height\":339,\"caption\":\"CYREE LED\"},\"image\":{\"@id\":\"https:\/\/www.geramled.com\/#\/schema\/logo\/image\/\"},\"sameAs\":[\"https:\/\/www.facebook.com\/jerrygeram\",\"https:\/\/x.com\/jerrygeram\",\"https:\/\/www.linkedin.com\/in\/jerrymo\/\",\"https:\/\/www.youtube.com\/channel\/UCYCYojuG_s19i5MDVysy2Dg\"]}]}<\/script>\n<!-- \/ Yoast SEO Premium plugin. -->","yoast_head_json":{"title":"Outdoor LED Street Lights 50W 100W 150W 200W 300W","description":"Factory direct sale outdoor LED street lights of 50W, 100W, 150W, 200W, 300W, used for commercial projects such as highways, roads, campuses, bridges, etc.","robots":{"index":"index","follow":"follow","max-snippet":"max-snippet:-1","max-image-preview":"max-image-preview:large","max-video-preview":"max-video-preview:-1"},"canonical":"https:\/\/www.geramled.com\/fr\/\uc9c0\ub3c4\ub41c-\uac00\ub85c\ub4f1\/","og_locale":"fr_FR","og_type":"article","og_title":"Outdoor LED Street Lights 50W 100W 150W 200W 300W","og_description":"Factory direct sale outdoor LED street lights of 50W, 100W, 150W, 200W, 300W, used for commercial projects such as highways, roads, campuses, bridges, etc.","og_url":"https:\/\/www.geramled.com\/fr\/\uc9c0\ub3c4\ub41c-\uac00\ub85c\ub4f1\/","og_site_name":"CYREE LED","article_publisher":"https:\/\/www.facebook.com\/jerrygeram","article_modified_time":"2022-09-27T07:40:51+00:00","og_image":[{"width":250,"height":250,"url":"https:\/\/www.geramled.com\/wp-content\/uploads\/2020\/06\/led-street-light-manufacturers-suppliers-companies-factory-in-china-1.jpg","type":"image\/jpeg"}],"twitter_card":"summary_large_image","twitter_site":"@jerrygeram","twitter_misc":{"Est. reading time":"1 minute"},"schema":{"@context":"https:\/\/schema.org","@graph":[{"@type":"WebPage","@id":"https:\/\/www.geramled.com\/ko\/\uc9c0\ub3c4\ub41c-\uac00\ub85c\ub4f1\/","url":"https:\/\/www.geramled.com\/ko\/\uc9c0\ub3c4\ub41c-\uac00\ub85c\ub4f1\/","name":"Outdoor LED Street Lights 50W 100W 150W 200W 300W","isPartOf":{"@id":"https:\/\/www.geramled.com\/#website"},"primaryImageOfPage":{"@id":"https:\/\/www.geramled.com\/ko\/\uc9c0\ub3c4\ub41c-\uac00\ub85c\ub4f1\/#primaryimage"},"image":{"@id":"https:\/\/www.geramled.com\/ko\/\uc9c0\ub3c4\ub41c-\uac00\ub85c\ub4f1\/#primaryimage"},"thumbnailUrl":"https:\/\/www.geramled.com\/wp-content\/uploads\/2020\/06\/led-street-light-manufacturers-suppliers-companies-factory-in-china-1.jpg","datePublished":"2020-05-15T10:04:06+00:00","dateModified":"2022-09-27T07:40:51+00:00","description":"Factory direct sale outdoor LED street lights of 50W, 100W, 150W, 200W, 300W, used for commercial projects such as highways, roads, campuses, bridges, etc.","inLanguage":"fr-FR","potentialAction":[{"@type":"ReadAction","target":["https:\/\/www.geramled.com\/ko\/\uc9c0\ub3c4\ub41c-\uac00\ub85c\ub4f1\/"]}]},{"@type":"ImageObject","inLanguage":"fr-FR","@id":"https:\/\/www.geramled.com\/ko\/\uc9c0\ub3c4\ub41c-\uac00\ub85c\ub4f1\/#primaryimage","url":"https:\/\/www.geramled.com\/wp-content\/uploads\/2020\/06\/led-street-light-manufacturers-suppliers-companies-factory-in-china-1.jpg","contentUrl":"https:\/\/www.geramled.com\/wp-content\/uploads\/2020\/06\/led-street-light-manufacturers-suppliers-companies-factory-in-china-1.jpg","width":250,"height":250,"caption":"led street light manufacturers suppliers companies factory in china"},{"@type":"WebSite","@id":"https:\/\/www.geramled.com\/#website","url":"https:\/\/www.geramled.com\/","name":"CYREE LED","description":"Leading LED Light Manufacturer In China","publisher":{"@id":"https:\/\/www.geramled.com\/#organization"},"potentialAction":[{"@type":"SearchAction","target":{"@type":"EntryPoint","urlTemplate":"https:\/\/www.geramled.com\/?s={search_term_string}"},"query-input":"required name=search_term_string"}],"inLanguage":"fr-FR"},{"@type":"Organization","@id":"https:\/\/www.geramled.com\/#organization","name":"CYREE LED","url":"https:\/\/www.geramled.com\/","logo":{"@type":"ImageObject","inLanguage":"fr-FR","@id":"https:\/\/www.geramled.com\/#\/schema\/logo\/image\/","url":"https:\/\/www.geramled.com\/wp-content\/uploads\/2024\/10\/site-logo.png","contentUrl":"https:\/\/www.geramled.com\/wp-content\/uploads\/2024\/10\/site-logo.png","width":193,"height":339,"caption":"CYREE LED"},"image":{"@id":"https:\/\/www.geramled.com\/#\/schema\/logo\/image\/"},"sameAs":["https:\/\/www.facebook.com\/jerrygeram","https:\/\/x.com\/jerrygeram","https:\/\/www.linkedin.com\/in\/jerrymo\/","https:\/\/www.youtube.com\/channel\/UCYCYojuG_s19i5MDVysy2Dg"]}]}},"_links":{"self":[{"href":"https:\/\/www.geramled.com\/fr\/wp-json\/wp\/v2\/pages\/1419","targetHints":{"allow":["GET"]}}],"collection":[{"href":"https:\/\/www.geramled.com\/fr\/wp-json\/wp\/v2\/pages"}],"about":[{"href":"https:\/\/www.geramled.com\/fr\/wp-json\/wp\/v2\/types\/page"}],"author":[{"embeddable":true,"href":"https:\/\/www.geramled.com\/fr\/wp-json\/wp\/v2\/users\/1"}],"replies":[{"embeddable":true,"href":"https:\/\/www.geramled.com\/fr\/wp-json\/wp\/v2\/comments?post=1419"}],"version-history":[{"count":0,"href":"https:\/\/www.geramled.com\/fr\/wp-json\/wp\/v2\/pages\/1419\/revisions"}],"wp:featuredmedia":[{"embeddable":true,"href":"https:\/\/www.geramled.com\/fr\/wp-json\/wp\/v2\/media\/2762"}],"wp:attachment":[{"href":"https:\/\/www.geramled.com\/fr\/wp-json\/wp\/v2\/media?parent=1419"}],"curies":[{"name":"wp","href":"https:\/\/api.w.org\/{rel}","templated":true}]}}