{"id":54,"date":"2020-03-31T06:21:56","date_gmt":"2020-03-31T06:21:56","guid":{"rendered":"https:\/\/www.geramled.com\/?page_id=54"},"modified":"2024-10-31T17:30:26","modified_gmt":"2024-10-31T09:30:26","slug":"about-us","status":"publish","type":"page","link":"https:\/\/www.geramled.com\/es\/sobre-nosotros\/","title":{"rendered":"Sobre nosotros"},"content":{"rendered":"<p><em>Proveedor de luz LED en China, fabricante, mayorista y exportador<\/em><\/p>\n\t\t\t\t<img loading=\"lazy\" decoding=\"async\" src=\"https:\/\/www.geramled.com\/wp-content\/uploads\/2020\/05\/led-light-supplier-in-china-best-oem-factory.jpg\" alt=\"Proveedor de luz LED en la mejor f\u00e1brica OEM de China\" itemprop=\"image\" height=\"481\" width=\"1100\" title=\"Proveedor de luz LED en la mejor f\u00e1brica OEM de China\" onerror=\"this.style.display='none'\"  \/>\n\t\t\t\t<img loading=\"lazy\" decoding=\"async\" src=\"https:\/\/www.geramled.com\/wp-content\/uploads\/2024\/10\/led-light-factory-in-china-01.jpg\" alt=\"f\u00e1brica de luces LED en China\" itemprop=\"image\" height=\"600\" width=\"800\" title=\"f\u00e1brica de luces LED en China\" onerror=\"this.style.display='none'\"  \/>\n<h2><strong>CYREE LED<\/strong><\/h2>\n<h3>Ubicado en Guangdong, China, es un proveedor, fabricante, mayorista y exportador l\u00edder de luces LED con aproximadamente 10 a\u00f1os de experiencia en producci\u00f3n. Nuestra f\u00e1brica tiene una superficie de 20.000 metros cuadrados y est\u00e1 bien equipada con aproximadamente 10 l\u00edneas de producci\u00f3n y 5 m\u00e1quinas SMT. Nos especializamos principalmente en <a href=\"https:\/\/www.geramled.com\/es\/luz-led-rgb\/\" target=\"_blank\" rel=\"noopener\">luz LED RGB<\/a>, <a href=\"https:\/\/www.geramled.com\/es\/luz-de-led-fluorescente\/\" target=\"_blank\" rel=\"noopener\">Luz de LED fluorescente<\/a>, <a href=\"https:\/\/www.geramled.com\/es\/farola-llevada\/\" target=\"_blank\" rel=\"noopener\">farola LED<\/a>, <a href=\"https:\/\/www.geramled.com\/es\/bombilla-de-maiz-llevada\/\" target=\"_blank\" rel=\"noopener\">bombilla LED de ma\u00edz<\/a> y <a href=\"https:\/\/www.geramled.com\/es\/luz-llevada-solar\/\" target=\"_blank\" rel=\"noopener\">luz LED solar<\/a>, etc. During recent years, we have obtained various kinds of certificates such as CE, ROHS, EMC, LVD, ERP, IEC, FCC, SAA, ISO900, etc. CYREE has strong ability in developing, production and sales. Till now our products have been exported to more than 50+ countries including USA, Germany, Italy, France, Thailand, Mexico, Saudi Arabia, UAE, Ghana, etc. We have helped many customers win lots of government projects and engineering lighting projects in the past.<\/h3>\n<h3>&#8220;Quality and service are always the first&#8221; is our value.<\/h3>\n\t<p>Tenemos una arquitectura empresarial muy clara. Nuestra empresa cuenta con departamento de producci\u00f3n, departamento de desarrollo, departamento de ingenier\u00eda, departamento de ventas, departamento financiero, departamento de administraci\u00f3n y departamento de recursos humanos. Cada departamento est\u00e1 a cargo de diferentes trabajos.<\/p>\n\t\t\t\t<img loading=\"lazy\" decoding=\"async\" src=\"https:\/\/www.geramled.com\/wp-content\/uploads\/2020\/05\/led-bulb-manufacturing-companies-light-fixture-manufacturers-china.jpg\" alt=\"empresas de fabricaci\u00f3n de bombillas LED fabricantes de accesorios de iluminaci\u00f3n china\" itemprop=\"image\" height=\"263\" width=\"350\" title=\"empresas de fabricaci\u00f3n de bombillas LED fabricantes de accesorios de iluminaci\u00f3n china\" onerror=\"this.style.display='none'\"  \/>\n<h2>\n\t\tF\u00e1brica\n\t<\/h2>\n\t<p>Nuestra f\u00e1brica tiene 2.000 metros cuadrados con 10 l\u00edneas de producci\u00f3n y 5 m\u00e1quinas SMD. Todos nuestros trabajadores est\u00e1n bien capacitados y tenemos reglas de producci\u00f3n muy estrictas.<\/p>\n\t\t\t\t<img loading=\"lazy\" decoding=\"async\" src=\"https:\/\/www.geramled.com\/wp-content\/uploads\/2020\/05\/commercial-lighting-supply-outdoor-led-light-manufacturers-china.jpg\" alt=\"suministro de iluminaci\u00f3n comercial fabricantes de luces LED para exteriores china\" itemprop=\"image\" height=\"263\" width=\"350\" title=\"suministro de iluminaci\u00f3n comercial fabricantes de luces LED para exteriores china\" onerror=\"this.style.display='none'\"  \/>\n<h2>\n\t\tEquipo de ventas\n\t<\/h2>\n\t<p>We have a passionate and hard-working sales team. &#8220;Quality and Service are always the first&#8221; is our value and we aim to cooperate with our customers for a long term.<\/p>\n\t\t\t\t<img loading=\"lazy\" decoding=\"async\" src=\"https:\/\/www.geramled.com\/wp-content\/uploads\/2020\/05\/all-in-one-solar-led-street-lights-manufacturers-china-suppliers.jpg\" alt=\"Fabricantes de farolas LED solares todo en uno. Proveedores de China.\" itemprop=\"image\" height=\"263\" width=\"350\" title=\"Fabricantes de farolas LED solares todo en uno. Proveedores de China.\" onerror=\"this.style.display='none'\"  \/>\n<h2>\n\t\tSala de exposici\u00f3n\n\t<\/h2>\n\t<p>Hay varios tipos de luces LED exhibidas en nuestra sala de exposici\u00f3n, incluyendo reflectores LED, farolas LED, bombillas LED de ma\u00edz y luces LED de gran altura, etc.<\/p>\n\t<p>Como proveedor l\u00edder de luces LED en China, nuestra f\u00e1brica est\u00e1 bien equipada. Hay varios tipos de m\u00e1quinas o dispositivos en nuestra f\u00e1brica, incluyendo m\u00e1quinas SMT, m\u00e1quinas de pruebas de alta\/baja temperatura, esferas integradoras, salas IES, impresoras l\u00e1ser, bancos de pruebas impermeables, bancos de pruebas de envejecimiento, etc.<\/p>\n\t\t\t\t\t<img decoding=\"async\" src=\"https:\/\/i.ytimg.com\/vi\/udwcRslG0OQ\/hqdefault.jpg\" alt=\"youtube-video-thumbnail\"\/>\n\t\t\t\t\t<img decoding=\"async\" src=\"https:\/\/i.ytimg.com\/vi\/X9kJsbZ-xhc\/hqdefault.jpg\" alt=\"youtube-video-thumbnail\"\/>\n\t\t\t\t\t<img decoding=\"async\" src=\"https:\/\/i.ytimg.com\/vi\/COR_wiARBEg\/hqdefault.jpg\" alt=\"youtube-video-thumbnail\"\/>\n\t<p>Todos nuestros trabajadores est\u00e1n bien capacitados y nuestra f\u00e1brica est\u00e1 dividida en distritos m\u00faltiples que incluyen distrito de materiales, distrito de soldadura, distrito de ensamblaje, distrito de control de calidad, distrito de pruebas, distrito de embalaje y almac\u00e9n.<\/p>\n\t\t\t\t<img loading=\"lazy\" decoding=\"async\" src=\"https:\/\/www.geramled.com\/wp-content\/uploads\/2020\/05\/outdoor-landscape-lighting-suppliers-top-lighting-manufacturers-china.jpg\" alt=\"Proveedores de iluminaci\u00f3n para exteriores, principales fabricantes de iluminaci\u00f3n, China\" itemprop=\"image\" height=\"606\" width=\"1212\" title=\"Proveedores de iluminaci\u00f3n para exteriores, principales fabricantes de iluminaci\u00f3n, China\" onerror=\"this.style.display='none'\"  \/>\n\t<p>Hemos obtenido muchos certificados para la mayor\u00eda de nuestros productos, como CE, EMC, LVD, RoHS, FCC, SAA, ERP, SASO, UL, etc. Tambi\u00e9n podemos ayudarlo a obtener certificados seg\u00fan sus requisitos.<\/p>\n\t\t\t\t<img loading=\"lazy\" decoding=\"async\" src=\"https:\/\/www.geramled.com\/wp-content\/uploads\/2024\/10\/ce-rohs-led-flood-light-01.jpg\" alt=\"ce rohs led flood light\" itemprop=\"image\" height=\"377\" width=\"800\" title=\"ce rohs led flood light\" onerror=\"this.style.display='none'\"  \/>\n\t<p>Asistimos a algunas ferias de iluminaci\u00f3n cada a\u00f1o, como la feria de iluminaci\u00f3n de Cant\u00f3n, la feria de iluminaci\u00f3n de Hong Kong, la feria de iluminaci\u00f3n estadounidense, la feria de iluminaci\u00f3n de Frankfurt, la feria de iluminaci\u00f3n de Dubai, etc.<\/p>\n\t\t\t\t<img loading=\"lazy\" decoding=\"async\" src=\"https:\/\/www.geramled.com\/wp-content\/uploads\/2020\/05\/top-10-led-lighting-manufacturers-wholesale-lighting-suppliers-china.jpg\" alt=\"Los 10 principales fabricantes de iluminaci\u00f3n LED proveedores de iluminaci\u00f3n al por mayor de China\" itemprop=\"image\" height=\"300\" width=\"400\" title=\"Los 10 principales fabricantes de iluminaci\u00f3n LED proveedores de iluminaci\u00f3n al por mayor de China\" onerror=\"this.style.display='none'\"  \/>\n\t\t\t\t<img loading=\"lazy\" decoding=\"async\" src=\"https:\/\/www.geramled.com\/wp-content\/uploads\/2020\/05\/industrial-led-lighting-manufacturers-light-fitting-suppliers.jpg\" alt=\"fabricantes de iluminaci\u00f3n led industrial proveedores de accesorios de iluminaci\u00f3n\" itemprop=\"image\" height=\"300\" width=\"400\" title=\"fabricantes de iluminaci\u00f3n led industrial proveedores de accesorios de iluminaci\u00f3n\" onerror=\"this.style.display='none'\"  \/>\n\t\t\t\t<img loading=\"lazy\" decoding=\"async\" src=\"https:\/\/www.geramled.com\/wp-content\/uploads\/2020\/05\/led-flood-light-suppliers-led-bulbs-wholesale-suppliers-china.jpg\" alt=\"proveedores de luz de inundaci\u00f3n LED bombillas LED proveedores mayoristas de China\" itemprop=\"image\" height=\"300\" width=\"400\" title=\"proveedores de luz de inundaci\u00f3n LED bombillas LED proveedores mayoristas de China\" onerror=\"this.style.display='none'\"  \/>\n\t\t\t\t<img loading=\"lazy\" decoding=\"async\" src=\"https:\/\/www.geramled.com\/wp-content\/uploads\/2020\/05\/led-high-bay-light-manufacturer-warehouse-lighting-suppliers-china.jpg\" alt=\"Fabricante de luces LED de gran altura, proveedores de iluminaci\u00f3n de almac\u00e9n, China\" itemprop=\"image\" height=\"300\" width=\"400\" title=\"Fabricante de luces LED de gran altura, proveedores de iluminaci\u00f3n de almac\u00e9n, China\" onerror=\"this.style.display='none'\"  \/>\n\t<h2><em>Etiqueta:<a href=\"https:\/\/www.geramled.com\/es\/led-light-supplier\/\"> Proveedor de luz LED en China, fabricante, mayorista y exportador<\/a><\/em><\/h2>","protected":false},"excerpt":{"rendered":"<p>LED Light Supplier In China, Manufacturer, Wholesaler and Exporter CYREE LED Located in Guangdong, China, is a leading LED light supplier, manufacturer, wholesaler and exporter with about 10 years of experience in production. Our factory covers 20,000 square meters and is well-equipped with about 10 production lines and 5 SMT machines. We mainly specialize in [&hellip;]<\/p>","protected":false},"author":1,"featured_media":10575,"parent":0,"menu_order":1,"comment_status":"closed","ping_status":"closed","template":"","meta":{"site-sidebar-layout":"no-sidebar","site-content-layout":"page-builder","ast-site-content-layout":"full-width-container","site-content-style":"unboxed","site-sidebar-style":"unboxed","ast-global-header-display":"","ast-banner-title-visibility":"","ast-main-header-display":"","ast-hfb-above-header-display":"","ast-hfb-below-header-display":"","ast-hfb-mobile-header-display":"","site-post-title":"","ast-breadcrumbs-content":"","ast-featured-img":"","footer-sml-layout":"","theme-transparent-header-meta":"default","adv-header-id-meta":"","stick-header-meta":"default","header-above-stick-meta":"","header-main-stick-meta":"","header-below-stick-meta":"","astra-migrate-meta-layouts":"set","ast-page-background-enabled":"default","ast-page-background-meta":{"desktop":{"background-color":"var(--ast-global-color-4)","background-image":"","background-repeat":"repeat","background-position":"center center","background-size":"auto","background-attachment":"scroll","background-type":"","background-media":"","overlay-type":"","overlay-color":"","overlay-gradient":""},"tablet":{"background-color":"","background-image":"","background-repeat":"repeat","background-position":"center center","background-size":"auto","background-attachment":"scroll","background-type":"","background-media":"","overlay-type":"","overlay-color":"","overlay-gradient":""},"mobile":{"background-color":"","background-image":"","background-repeat":"repeat","background-position":"center center","background-size":"auto","background-attachment":"scroll","background-type":"","background-media":"","overlay-type":"","overlay-color":"","overlay-gradient":""}},"ast-content-background-meta":{"desktop":{"background-color":"var(--ast-global-color-5)","background-image":"","background-repeat":"repeat","background-position":"center center","background-size":"auto","background-attachment":"scroll","background-type":"","background-media":"","overlay-type":"","overlay-color":"","overlay-gradient":""},"tablet":{"background-color":"var(--ast-global-color-5)","background-image":"","background-repeat":"repeat","background-position":"center center","background-size":"auto","background-attachment":"scroll","background-type":"","background-media":"","overlay-type":"","overlay-color":"","overlay-gradient":""},"mobile":{"background-color":"var(--ast-global-color-5)","background-image":"","background-repeat":"repeat","background-position":"center center","background-size":"auto","background-attachment":"scroll","background-type":"","background-media":"","overlay-type":"","overlay-color":"","overlay-gradient":""}},"footnotes":""},"class_list":["post-54","page","type-page","status-publish","has-post-thumbnail","hentry"],"yoast_head":"<!-- This site is optimized with the Yoast SEO Premium plugin v22.4 (Yoast SEO v22.6) - https:\/\/yoast.com\/wordpress\/plugins\/seo\/ -->\n<title>LED Light Supplier In China LED Bulb Company | CYREE LED<\/title>\n<meta name=\"description\" content=\"Leading LED Light Supplier In China. Wholesale LED Flood Light, Street Light, RGB Light, Solar Light, Corn Bulb, High Bay Light, etc. Contact Us Now!\" \/>\n<meta name=\"robots\" content=\"index, follow, max-snippet:-1, max-image-preview:large, max-video-preview:-1\" \/>\n<link rel=\"canonical\" href=\"https:\/\/www.geramled.com\/es\/sobre-nosotros\/\" \/>\n<meta property=\"og:locale\" content=\"es_ES\" \/>\n<meta property=\"og:type\" content=\"article\" \/>\n<meta property=\"og:title\" content=\"LED Light Supplier In China LED Bulb Company | CYREE LED\" \/>\n<meta property=\"og:description\" content=\"Leading LED Light Supplier In China. Wholesale LED Flood Light, Street Light, RGB Light, Solar Light, Corn Bulb, High Bay Light, etc. Contact Us Now!\" \/>\n<meta property=\"og:url\" content=\"https:\/\/www.geramled.com\/es\/sobre-nosotros\/\" \/>\n<meta property=\"og:site_name\" content=\"CYREE LED\" \/>\n<meta property=\"article:publisher\" content=\"https:\/\/www.facebook.com\/jerrygeram\" \/>\n<meta property=\"article:modified_time\" content=\"2024-10-31T09:30:26+00:00\" \/>\n<meta property=\"og:image\" content=\"https:\/\/www.geramled.com\/wp-content\/uploads\/2024\/10\/led-light-manufacturer-cyree-led.jpg\" \/>\n\t<meta property=\"og:image:width\" content=\"358\" \/>\n\t<meta property=\"og:image:height\" content=\"358\" \/>\n\t<meta property=\"og:image:type\" content=\"image\/jpeg\" \/>\n<meta name=\"twitter:card\" content=\"summary_large_image\" \/>\n<meta name=\"twitter:site\" content=\"@jerrygeram\" \/>\n<meta name=\"twitter:label1\" content=\"Est. reading time\" \/>\n\t<meta name=\"twitter:data1\" content=\"5 minutes\" \/>\n<script type=\"application\/ld+json\" class=\"yoast-schema-graph\">{\"@context\":\"https:\/\/schema.org\",\"@graph\":[{\"@type\":\"WebPage\",\"@id\":\"https:\/\/www.geramled.com\/about-us\/\",\"url\":\"https:\/\/www.geramled.com\/about-us\/\",\"name\":\"LED Light Supplier In China LED Bulb Company | CYREE LED\",\"isPartOf\":{\"@id\":\"https:\/\/www.geramled.com\/#website\"},\"primaryImageOfPage\":{\"@id\":\"https:\/\/www.geramled.com\/about-us\/#primaryimage\"},\"image\":{\"@id\":\"https:\/\/www.geramled.com\/about-us\/#primaryimage\"},\"thumbnailUrl\":\"https:\/\/www.geramled.com\/wp-content\/uploads\/2024\/10\/led-light-manufacturer-cyree-led.jpg\",\"datePublished\":\"2020-03-31T06:21:56+00:00\",\"dateModified\":\"2024-10-31T09:30:26+00:00\",\"description\":\"Leading LED Light Supplier In China. Wholesale LED Flood Light, Street Light, RGB Light, Solar Light, Corn Bulb, High Bay Light, etc. Contact Us Now!\",\"inLanguage\":\"es-ES\",\"potentialAction\":[{\"@type\":\"ReadAction\",\"target\":[\"https:\/\/www.geramled.com\/about-us\/\"]}]},{\"@type\":\"ImageObject\",\"inLanguage\":\"es-ES\",\"@id\":\"https:\/\/www.geramled.com\/about-us\/#primaryimage\",\"url\":\"https:\/\/www.geramled.com\/wp-content\/uploads\/2024\/10\/led-light-manufacturer-cyree-led.jpg\",\"contentUrl\":\"https:\/\/www.geramled.com\/wp-content\/uploads\/2024\/10\/led-light-manufacturer-cyree-led.jpg\",\"width\":358,\"height\":358,\"caption\":\"led light manufacturer - cyree led\"},{\"@type\":\"WebSite\",\"@id\":\"https:\/\/www.geramled.com\/#website\",\"url\":\"https:\/\/www.geramled.com\/\",\"name\":\"CYREE LED\",\"description\":\"Leading LED Light Manufacturer In China\",\"publisher\":{\"@id\":\"https:\/\/www.geramled.com\/#organization\"},\"potentialAction\":[{\"@type\":\"SearchAction\",\"target\":{\"@type\":\"EntryPoint\",\"urlTemplate\":\"https:\/\/www.geramled.com\/?s={search_term_string}\"},\"query-input\":\"required name=search_term_string\"}],\"inLanguage\":\"es-ES\"},{\"@type\":\"Organization\",\"@id\":\"https:\/\/www.geramled.com\/#organization\",\"name\":\"CYREE LED\",\"url\":\"https:\/\/www.geramled.com\/\",\"logo\":{\"@type\":\"ImageObject\",\"inLanguage\":\"es-ES\",\"@id\":\"https:\/\/www.geramled.com\/#\/schema\/logo\/image\/\",\"url\":\"https:\/\/www.geramled.com\/wp-content\/uploads\/2024\/10\/site-logo.png\",\"contentUrl\":\"https:\/\/www.geramled.com\/wp-content\/uploads\/2024\/10\/site-logo.png\",\"width\":193,\"height\":339,\"caption\":\"CYREE LED\"},\"image\":{\"@id\":\"https:\/\/www.geramled.com\/#\/schema\/logo\/image\/\"},\"sameAs\":[\"https:\/\/www.facebook.com\/jerrygeram\",\"https:\/\/x.com\/jerrygeram\",\"https:\/\/www.linkedin.com\/in\/jerrymo\/\",\"https:\/\/www.youtube.com\/channel\/UCYCYojuG_s19i5MDVysy2Dg\"]}]}<\/script>\n<!-- \/ Yoast SEO Premium plugin. -->","yoast_head_json":{"title":"LED Light Supplier In China LED Bulb Company | CYREE LED","description":"Leading LED Light Supplier In China. Wholesale LED Flood Light, Street Light, RGB Light, Solar Light, Corn Bulb, High Bay Light, etc. Contact Us Now!","robots":{"index":"index","follow":"follow","max-snippet":"max-snippet:-1","max-image-preview":"max-image-preview:large","max-video-preview":"max-video-preview:-1"},"canonical":"https:\/\/www.geramled.com\/es\/sobre-nosotros\/","og_locale":"es_ES","og_type":"article","og_title":"LED Light Supplier In China LED Bulb Company | CYREE LED","og_description":"Leading LED Light Supplier In China. Wholesale LED Flood Light, Street Light, RGB Light, Solar Light, Corn Bulb, High Bay Light, etc. Contact Us Now!","og_url":"https:\/\/www.geramled.com\/es\/sobre-nosotros\/","og_site_name":"CYREE LED","article_publisher":"https:\/\/www.facebook.com\/jerrygeram","article_modified_time":"2024-10-31T09:30:26+00:00","og_image":[{"width":358,"height":358,"url":"https:\/\/www.geramled.com\/wp-content\/uploads\/2024\/10\/led-light-manufacturer-cyree-led.jpg","type":"image\/jpeg"}],"twitter_card":"summary_large_image","twitter_site":"@jerrygeram","twitter_misc":{"Est. reading time":"5 minutes"},"schema":{"@context":"https:\/\/schema.org","@graph":[{"@type":"WebPage","@id":"https:\/\/www.geramled.com\/about-us\/","url":"https:\/\/www.geramled.com\/about-us\/","name":"LED Light Supplier In China LED Bulb Company | CYREE LED","isPartOf":{"@id":"https:\/\/www.geramled.com\/#website"},"primaryImageOfPage":{"@id":"https:\/\/www.geramled.com\/about-us\/#primaryimage"},"image":{"@id":"https:\/\/www.geramled.com\/about-us\/#primaryimage"},"thumbnailUrl":"https:\/\/www.geramled.com\/wp-content\/uploads\/2024\/10\/led-light-manufacturer-cyree-led.jpg","datePublished":"2020-03-31T06:21:56+00:00","dateModified":"2024-10-31T09:30:26+00:00","description":"Leading LED Light Supplier In China. Wholesale LED Flood Light, Street Light, RGB Light, Solar Light, Corn Bulb, High Bay Light, etc. Contact Us Now!","inLanguage":"es-ES","potentialAction":[{"@type":"ReadAction","target":["https:\/\/www.geramled.com\/about-us\/"]}]},{"@type":"ImageObject","inLanguage":"es-ES","@id":"https:\/\/www.geramled.com\/about-us\/#primaryimage","url":"https:\/\/www.geramled.com\/wp-content\/uploads\/2024\/10\/led-light-manufacturer-cyree-led.jpg","contentUrl":"https:\/\/www.geramled.com\/wp-content\/uploads\/2024\/10\/led-light-manufacturer-cyree-led.jpg","width":358,"height":358,"caption":"led light manufacturer - cyree led"},{"@type":"WebSite","@id":"https:\/\/www.geramled.com\/#website","url":"https:\/\/www.geramled.com\/","name":"CYREE LED","description":"Leading LED Light Manufacturer In China","publisher":{"@id":"https:\/\/www.geramled.com\/#organization"},"potentialAction":[{"@type":"SearchAction","target":{"@type":"EntryPoint","urlTemplate":"https:\/\/www.geramled.com\/?s={search_term_string}"},"query-input":"required name=search_term_string"}],"inLanguage":"es-ES"},{"@type":"Organization","@id":"https:\/\/www.geramled.com\/#organization","name":"CYREE LED","url":"https:\/\/www.geramled.com\/","logo":{"@type":"ImageObject","inLanguage":"es-ES","@id":"https:\/\/www.geramled.com\/#\/schema\/logo\/image\/","url":"https:\/\/www.geramled.com\/wp-content\/uploads\/2024\/10\/site-logo.png","contentUrl":"https:\/\/www.geramled.com\/wp-content\/uploads\/2024\/10\/site-logo.png","width":193,"height":339,"caption":"CYREE LED"},"image":{"@id":"https:\/\/www.geramled.com\/#\/schema\/logo\/image\/"},"sameAs":["https:\/\/www.facebook.com\/jerrygeram","https:\/\/x.com\/jerrygeram","https:\/\/www.linkedin.com\/in\/jerrymo\/","https:\/\/www.youtube.com\/channel\/UCYCYojuG_s19i5MDVysy2Dg"]}]}},"_links":{"self":[{"href":"https:\/\/www.geramled.com\/es\/wp-json\/wp\/v2\/pages\/54","targetHints":{"allow":["GET"]}}],"collection":[{"href":"https:\/\/www.geramled.com\/es\/wp-json\/wp\/v2\/pages"}],"about":[{"href":"https:\/\/www.geramled.com\/es\/wp-json\/wp\/v2\/types\/page"}],"author":[{"embeddable":true,"href":"https:\/\/www.geramled.com\/es\/wp-json\/wp\/v2\/users\/1"}],"replies":[{"embeddable":true,"href":"https:\/\/www.geramled.com\/es\/wp-json\/wp\/v2\/comments?post=54"}],"version-history":[{"count":0,"href":"https:\/\/www.geramled.com\/es\/wp-json\/wp\/v2\/pages\/54\/revisions"}],"wp:featuredmedia":[{"embeddable":true,"href":"https:\/\/www.geramled.com\/es\/wp-json\/wp\/v2\/media\/10575"}],"wp:attachment":[{"href":"https:\/\/www.geramled.com\/es\/wp-json\/wp\/v2\/media?parent=54"}],"curies":[{"name":"wp","href":"https:\/\/api.w.org\/{rel}","templated":true}]}}