{"id":57,"date":"2020-03-31T06:22:13","date_gmt":"2020-03-31T06:22:13","guid":{"rendered":"https:\/\/www.geramled.com\/?page_id=57"},"modified":"2022-09-26T16:48:07","modified_gmt":"2022-09-26T08:48:07","slug":"led-lights","status":"publish","type":"page","link":"https:\/\/www.geramled.com\/de\/led-lichter\/","title":{"rendered":"LED Lichter"},"content":{"rendered":"<p><a title=\"Hellste hochwertige LED-Flutlichter f\u00fcr den Au\u00dfenbereich, 50 W bis 200 W\" href=\"https:\/\/www.geramled.com\/de\/hellste-hochwertige-led-flutlichter-fur-den-ausenbereich\/\" target=\"_self\" rel=\"noopener noreferrer\"> <img decoding=\"async\" src=\"https:\/\/www.geramled.com\/wp-content\/uploads\/2020\/06\/best-outdoor-flood-light-fixtures.jpg\" alt=\"Die besten Flutlichtleuchten f\u00fcr den Au\u00dfenbereich\" \/> <\/a><\/p>\r\n<h3><a tabindex=\"0\" title=\"Hellste hochwertige LED-Flutlichter f\u00fcr den Au\u00dfenbereich, 50 W bis 200 W\" href=\"https:\/\/www.geramled.com\/de\/hellste-hochwertige-led-flutlichter-fur-den-ausenbereich\/\">Hellste hochwertige LED-Flutlichter f\u00fcr den Au\u00dfenbereich, 50 W bis 200 W<\/a><\/h3>\r\n<p>Brightest High Quality Outdoor LED Flood Lights 50W to 200W Brief Description \u272a Power: 50W\/100W\/150W\/200W. \u272a Using Philips &#8230; <a href=\"https:\/\/www.geramled.com\/de\/hellste-hochwertige-led-flutlichter-fur-den-ausenbereich\/\" target=\"_self\" rel=\"noopener noreferrer\">Read More &gt;&gt; \u2192<\/a> <a title=\"High Mast LED Flood Light LED Tunnel Light 50W to 1000W\" href=\"https:\/\/www.geramled.com\/de\/high-mast-led-flood-light-led-tunnel-light\/\" target=\"_self\" rel=\"noopener noreferrer\"> <img decoding=\"async\" src=\"https:\/\/www.geramled.com\/wp-content\/uploads\/2020\/06\/led-flood-lights-outdoor-high-power.jpg\" alt=\"led flood lights outdoor high power\" \/> <\/a><\/p>\r\n<h3><a tabindex=\"0\" title=\"High Mast LED Flood Light LED Tunnel Light 50W to 1000W\" href=\"https:\/\/www.geramled.com\/de\/high-mast-led-flood-light-led-tunnel-light\/\">High Mast LED Flood Light LED Tunnel Light 50W to 1000W<\/a><\/h3>\r\n<p>High Mast LED Flood Light LED Tunnel Light 50W to 1000W Brief Description \u272a The maximum power can &#8230; <a href=\"https:\/\/www.geramled.com\/de\/high-mast-led-flood-light-led-tunnel-light\/\" target=\"_self\" rel=\"noopener noreferrer\">Read More &gt;&gt; \u2192<\/a> <a title=\"Stadion-Hochleistungs-LED-Flutlicht mit hohem Lumen, 100 W bis 500 W\" href=\"https:\/\/www.geramled.com\/de\/stadium-high-power-high-lumen-led-flood-light\/\" target=\"_self\" rel=\"noopener noreferrer\"> <img decoding=\"async\" src=\"https:\/\/www.geramled.com\/wp-content\/uploads\/2020\/06\/20000-lumen-led-flood-light.jpg\" alt=\"20000 Lumen LED-Flutlicht\" \/> <\/a><\/p>\r\n<h3><a tabindex=\"0\" title=\"Stadion-Hochleistungs-LED-Flutlicht mit hohem Lumen, 100 W bis 500 W\" href=\"https:\/\/www.geramled.com\/de\/stadium-high-power-high-lumen-led-flood-light\/\">Stadion-Hochleistungs-LED-Flutlicht mit hohem Lumen, 100 W bis 500 W<\/a><\/h3>\r\n<p>Stadium High Power High Lumen LED Flood Light 100W to 500W Brief Description \u272a Using Philips 3030 LED &#8230; <a href=\"https:\/\/www.geramled.com\/de\/stadium-high-power-high-lumen-led-flood-light\/\" target=\"_self\" rel=\"noopener noreferrer\">Read More &gt;&gt; \u2192<\/a> <a title=\"Commercial Outdoor LED Street Lights For Sale 50W to 300W\" href=\"https:\/\/www.geramled.com\/de\/commercial-outdoor-led-street-lights-for-sale\/\" target=\"_self\" rel=\"noopener noreferrer\"> <img decoding=\"async\" src=\"https:\/\/www.geramled.com\/wp-content\/uploads\/2020\/06\/high-power-led-street-light.jpg\" alt=\"Hochleistungs-LED-Stra\u00dfenlaterne\" \/> <\/a><\/p>\r\n<h3><a tabindex=\"0\" title=\"Commercial Outdoor LED Street Lights For Sale 50W to 300W\" href=\"https:\/\/www.geramled.com\/de\/commercial-outdoor-led-street-lights-for-sale\/\">Commercial Outdoor LED Street Lights For Sale 50W to 300W<\/a><\/h3>\r\n<p>Commercial Outdoor LED Street Lights For Sale 50W to 300W Brief Description \u272a Using Philips 3030 LED chips, &#8230; <a href=\"https:\/\/www.geramled.com\/de\/commercial-outdoor-led-street-lights-for-sale\/\" target=\"_self\" rel=\"noopener noreferrer\">Read More &gt;&gt; \u2192<\/a> <a title=\"Industrielle LED-Stra\u00dfenlaternen, IP65, wasserdicht, 80 W bis 200 W\" href=\"https:\/\/www.geramled.com\/de\/industrial-led-street-lights-ip65-waterproof\/\" target=\"_self\" rel=\"noopener noreferrer\"> <img decoding=\"async\" src=\"https:\/\/www.geramled.com\/wp-content\/uploads\/2020\/06\/3000k-led-street-light.jpg\" alt=\"3000k LED-Stra\u00dfenlaterne\" \/> <\/a><\/p>\r\n<h3><a tabindex=\"0\" title=\"Industrielle LED-Stra\u00dfenlaternen, IP65, wasserdicht, 80 W bis 200 W\" href=\"https:\/\/www.geramled.com\/de\/industrial-led-street-lights-ip65-waterproof\/\">Industrielle LED-Stra\u00dfenlaternen, IP65, wasserdicht, 80 W bis 200 W<\/a><\/h3>\r\n<p>Industrial LED Street Lights IP65 Waterproof 80W to 200W Brief Description \u272a Using Philips 3030 LED chips, high &#8230; <a href=\"https:\/\/www.geramled.com\/de\/industrial-led-street-lights-ip65-waterproof\/\" target=\"_self\" rel=\"noopener noreferrer\">Read More &gt;&gt; \u2192<\/a> <a title=\"45W LED-Stra\u00dfenlaterne mit hochhellem COB-Chip\" href=\"https:\/\/www.geramled.com\/de\/45w-led-strasenlaterne\/\" target=\"_self\" rel=\"noopener noreferrer\"> <img decoding=\"async\" src=\"https:\/\/www.geramled.com\/wp-content\/uploads\/2020\/07\/45w-led-street-light-100.jpg\" alt=\"45w LED-Stra\u00dfenlaterne\" \/> <\/a><\/p>\r\n<h3><a tabindex=\"0\" title=\"45W LED-Stra\u00dfenlaterne mit hochhellem COB-Chip\" href=\"https:\/\/www.geramled.com\/de\/45w-led-strasenlaterne\/\">45W LED-Stra\u00dfenlaterne mit hochhellem COB-Chip<\/a><\/h3>\r\n<p>45W LED Street Light With High Brightness COB Chip Brief Description \u272a Power: 45W. \u272a Using Epistar COB &#8230; <a href=\"https:\/\/www.geramled.com\/de\/45w-led-strasenlaterne\/\" target=\"_self\" rel=\"noopener noreferrer\">Read More &gt;&gt; \u2192<\/a> <a title=\"DMX-RGB-LED-Flutlicht 100 W 200 W 300 W 500 W 800 W 1000 W\" href=\"https:\/\/www.geramled.com\/de\/dmx-rgb-led-flutlicht-2\/\" target=\"_self\" rel=\"noopener noreferrer\"> <img decoding=\"async\" src=\"https:\/\/www.geramled.com\/wp-content\/uploads\/2020\/08\/dmx-rgb-led-flood-light-1.jpg\" alt=\"DMX-RGB-LED-Flutlicht\" \/> <\/a><\/p>\r\n<h3><a tabindex=\"0\" title=\"DMX-RGB-LED-Flutlicht 100 W 200 W 300 W 500 W 800 W 1000 W\" href=\"https:\/\/www.geramled.com\/de\/dmx-rgb-led-flutlicht-2\/\">DMX-RGB-LED-Flutlicht 100 W 200 W 300 W 500 W 800 W 1000 W<\/a><\/h3>\r\n<p>DMX RGB LED Flood Light 100W 200W 300W 500W 800W 1000W Brief Description \u272a Support DMX (DMX512) controlled. &#8230; <a href=\"https:\/\/www.geramled.com\/de\/dmx-rgb-led-flutlicht-2\/\" target=\"_self\" rel=\"noopener noreferrer\">Read More &gt;&gt; \u2192<\/a> <a title=\"Beste LED-Flutlichter mit Farbwechsel f\u00fcr den Au\u00dfenbereich\" href=\"https:\/\/www.geramled.com\/de\/outdoor-color-changing-led-flood-lights\/\" target=\"_self\" rel=\"noopener noreferrer\"> <img decoding=\"async\" src=\"https:\/\/www.geramled.com\/wp-content\/uploads\/2020\/06\/multi-color-led-flood-lights-1.jpg\" alt=\"Mehrfarbige LED-Flutlichter\" \/> <\/a><\/p>\r\n<h3><a tabindex=\"0\" title=\"Beste LED-Flutlichter mit Farbwechsel f\u00fcr den Au\u00dfenbereich\" href=\"https:\/\/www.geramled.com\/de\/outdoor-color-changing-led-flood-lights\/\">Beste LED-Flutlichter mit Farbwechsel f\u00fcr den Au\u00dfenbereich<\/a><\/h3>\r\n<p>Best Outdoor Color Changing LED Flood Lights Brief Description \u272a Support multiple color changing effects: Flash, Strobe, Jumping, &#8230; <a href=\"https:\/\/www.geramled.com\/de\/outdoor-color-changing-led-flood-lights\/\" target=\"_self\" rel=\"noopener noreferrer\">Read More &gt;&gt; \u2192<\/a> <a title=\"Farbwechselndes IP65 DMX512 50 Watt RGBW LED-Flutlicht\" href=\"https:\/\/www.geramled.com\/de\/50-watt-rgbw-led-flutlicht\/\" target=\"_self\" rel=\"noopener noreferrer\"> <img decoding=\"async\" src=\"https:\/\/www.geramled.com\/wp-content\/uploads\/2020\/08\/50-watt-rgbw-led-flood-light-0.jpg\" alt=\"50 Watt RGBW-LED-Flutlicht\" \/> <\/a><\/p>\r\n<h3><a tabindex=\"0\" title=\"Farbwechselndes IP65 DMX512 50 Watt RGBW LED-Flutlicht\" href=\"https:\/\/www.geramled.com\/de\/50-watt-rgbw-led-flutlicht\/\">Farbwechselndes IP65 DMX512 50 Watt RGBW LED-Flutlicht<\/a><\/h3>\r\n<p>Color Changing IP65 DMX512 50 Watt RGBW LED Flood Light Brief Description \u272a Power: 50 Watt. \u272a Using &#8230; <a href=\"https:\/\/www.geramled.com\/de\/50-watt-rgbw-led-flutlicht\/\" target=\"_self\" rel=\"noopener noreferrer\">Read More &gt;&gt; \u2192<\/a> <a title=\"480-V-LED-Flutlicht f\u00fcr industrielle Beleuchtungsanwendungen\" href=\"https:\/\/www.geramled.com\/de\/480v-led-flutlicht\/\" target=\"_self\" rel=\"noopener noreferrer\"> <img decoding=\"async\" src=\"https:\/\/www.geramled.com\/wp-content\/uploads\/2020\/07\/480v-led-flood-light-100.jpg\" alt=\"480V LED-Flutlicht\" \/> <\/a><\/p>\r\n<h3><a tabindex=\"0\" title=\"480-V-LED-Flutlicht f\u00fcr industrielle Beleuchtungsanwendungen\" href=\"https:\/\/www.geramled.com\/de\/480v-led-flutlicht\/\">480-V-LED-Flutlicht f\u00fcr industrielle Beleuchtungsanwendungen<\/a><\/h3>\r\n<p>480V LED Flood Light For Industrial Lighting Applications Brief Description \u272a Input Voltage: 480V (180~528VAC). \u272a Using best &#8230; <a href=\"https:\/\/www.geramled.com\/de\/480v-led-flutlicht\/\" target=\"_self\" rel=\"noopener noreferrer\">Read More &gt;&gt; \u2192<\/a> <a title=\"25W LED Stra\u00dfenlaterne f\u00fcr Garten, Landstra\u00dfe und Schule\" href=\"https:\/\/www.geramled.com\/de\/25w-led-strasenlaterne\/\" target=\"_self\" rel=\"noopener noreferrer\"> <img decoding=\"async\" src=\"https:\/\/www.geramled.com\/wp-content\/uploads\/2020\/07\/25w-led-street-light.jpg\" alt=\"25w LED-Stra\u00dfenlaterne\" \/> <\/a><\/p>\r\n<h3><a tabindex=\"0\" title=\"25W LED Stra\u00dfenlaterne f\u00fcr Garten, Landstra\u00dfe und Schule\" href=\"https:\/\/www.geramled.com\/de\/25w-led-strasenlaterne\/\">25W LED Street Light For Garden, Country Road &amp; School<\/a><\/h3>\r\n<p>25W LED Street Light For Garden, Country Road &amp; School Brief Description \u272a Power: 25W. \u272a Using Philips &#8230; <a href=\"https:\/\/www.geramled.com\/de\/25w-led-strasenlaterne\/\" target=\"_self\" rel=\"noopener noreferrer\">Read More &gt;&gt; \u2192<\/a> <a title=\"Hochwertiges DMX-gesteuertes 500-Watt-RGBW-LED-Flutlicht\" href=\"https:\/\/www.geramled.com\/de\/500-watt-rgbw-led-flutlicht\/\" target=\"_self\" rel=\"noopener noreferrer\"> <img decoding=\"async\" src=\"https:\/\/www.geramled.com\/wp-content\/uploads\/2020\/08\/500-watt-rgbw-led-flood-light-0.jpg\" alt=\"500 Watt RGBW-LED-Flutlicht\" \/> <\/a><\/p>\r\n<h3><a tabindex=\"0\" title=\"Hochwertiges DMX-gesteuertes 500-Watt-RGBW-LED-Flutlicht\" href=\"https:\/\/www.geramled.com\/de\/500-watt-rgbw-led-flutlicht\/\">Hochwertiges DMX-gesteuertes 500-Watt-RGBW-LED-Flutlicht<\/a><\/h3>\r\n<p>Best Quality DMX Controlled 500 Watt RGBW LED Flood Light Brief Description \u272a Power: 500 watt. \u272a Using &#8230; <a href=\"https:\/\/www.geramled.com\/de\/500-watt-rgbw-led-flutlicht\/\" target=\"_self\" rel=\"noopener noreferrer\">Read More &gt;&gt; \u2192<\/a> <a title=\"2200K LED-Flutlicht: Verleihen Sie Ihrer Szene eine besondere Farbe\" href=\"https:\/\/www.geramled.com\/de\/2200k-led-flutlicht\/\" target=\"_self\" rel=\"noopener noreferrer\"> <img decoding=\"async\" src=\"https:\/\/www.geramled.com\/wp-content\/uploads\/2020\/07\/2200k-led-flood-light-100.jpg\" alt=\"2200k LED-Flutlicht\" \/> <\/a><\/p>\r\n<h3><a tabindex=\"0\" title=\"2200K LED-Flutlicht: Verleihen Sie Ihrer Szene eine besondere Farbe\" href=\"https:\/\/www.geramled.com\/de\/2200k-led-flutlicht\/\">2200K LED-Flutlicht: Verleihen Sie Ihrer Szene eine besondere Farbe<\/a><\/h3>\r\n<p>2200K LED Flood Light: Make Special Color For Your Scene Brief Description \u272a 2200K Color Temperature. \u272a Outdoor &#8230; <a href=\"https:\/\/www.geramled.com\/de\/2200k-led-flutlicht\/\" target=\"_self\" rel=\"noopener noreferrer\">Read More &gt;&gt; \u2192<\/a> <a title=\"70W LED-Stra\u00dfenlaterne zum besten Fabrikpreis\" href=\"https:\/\/www.geramled.com\/de\/70w-led-strasenlaterne\/\" target=\"_self\" rel=\"noopener noreferrer\"> <img decoding=\"async\" src=\"https:\/\/www.geramled.com\/wp-content\/uploads\/2020\/07\/70w-led-street-light-in-china.jpg\" alt=\"70W LED-Stra\u00dfenlaterne\" \/> <\/a><\/p>\r\n<h3><a tabindex=\"0\" title=\"70W LED-Stra\u00dfenlaterne zum besten Fabrikpreis\" href=\"https:\/\/www.geramled.com\/de\/70w-led-strasenlaterne\/\">70W LED-Stra\u00dfenlaterne zum besten Fabrikpreis<\/a><\/h3>\r\n<p>70W LED Street Light With Best Factory Price Brief Description \u272a Power: 70W. \u272a Using Epistar brand COB &#8230; <a href=\"https:\/\/www.geramled.com\/de\/70w-led-strasenlaterne\/\" target=\"_self\" rel=\"noopener noreferrer\">Read More &gt;&gt; \u2192<\/a> <a title=\"Bestes DMX512 500-Watt-RGB-LED-Flutlicht f\u00fcr hohe Geb\u00e4ude\" href=\"https:\/\/www.geramled.com\/de\/500-watt-rgb-led-flutlicht\/\" target=\"_self\" rel=\"noopener noreferrer\"> <img decoding=\"async\" src=\"https:\/\/www.geramled.com\/wp-content\/uploads\/2020\/08\/500-watt-rgb-led-flood-light-0.jpg\" alt=\"500 Watt RGB-LED-Flutlicht\" \/> <\/a><\/p>\r\n<h3><a tabindex=\"0\" title=\"Bestes DMX512 500-Watt-RGB-LED-Flutlicht f\u00fcr hohe Geb\u00e4ude\" href=\"https:\/\/www.geramled.com\/de\/500-watt-rgb-led-flutlicht\/\">Bestes DMX512 500-Watt-RGB-LED-Flutlicht f\u00fcr hohe Geb\u00e4ude<\/a><\/h3>\r\n<p>Best DMX512 500 Watt RGB LED Flood Light For Tall Building Brief Description \u272a Power: 500 watt. \u272a &#8230; <a href=\"https:\/\/www.geramled.com\/de\/500-watt-rgb-led-flutlicht\/\" target=\"_self\" rel=\"noopener noreferrer\">Read More &gt;&gt; \u2192<\/a><\/p>\r\n<ul class=\"page-numbers\">\r\n<li>1<\/li>\r\n<li><a href=\"https:\/\/www.geramled.com\/de\/led-lichter\/page\/2\/?fl_builder\">2<\/a><\/li>\r\n<li><a href=\"https:\/\/www.geramled.com\/de\/led-lichter\/page\/3\/?fl_builder\">3<\/a><\/li>\r\n<li>\u2026<\/li>\r\n<li><a href=\"https:\/\/www.geramled.com\/de\/led-lichter\/page\/12\/?fl_builder\">12<\/a><\/li>\r\n<li><a href=\"https:\/\/www.geramled.com\/de\/led-lichter\/page\/2\/?fl_builder\">Next \u00bb<\/a><\/li>\r\n<\/ul>","protected":false},"excerpt":{"rendered":"<p>Brightest High Quality Outdoor LED Flood Lights 50W to 200W Brightest High Quality Outdoor LED Flood Lights 50W to 200W Brief Description \u272a Power: 50W\/100W\/150W\/200W. \u272a Using Philips &#8230; Read More &gt;&gt; \u2192 High Mast LED Flood Light LED Tunnel Light 50W to 1000W High Mast LED Flood Light LED Tunnel Light 50W to 1000W [&hellip;]<\/p>","protected":false},"author":1,"featured_media":2779,"parent":0,"menu_order":12,"comment_status":"closed","ping_status":"closed","template":"","meta":{"site-sidebar-layout":"default","site-content-layout":"default","ast-site-content-layout":"","site-content-style":"default","site-sidebar-style":"default","ast-global-header-display":"","ast-banner-title-visibility":"","ast-main-header-display":"","ast-hfb-above-header-display":"","ast-hfb-below-header-display":"","ast-hfb-mobile-header-display":"","site-post-title":"","ast-breadcrumbs-content":"","ast-featured-img":"","footer-sml-layout":"","theme-transparent-header-meta":"default","adv-header-id-meta":"","stick-header-meta":"default","header-above-stick-meta":"","header-main-stick-meta":"","header-below-stick-meta":"","astra-migrate-meta-layouts":"default","ast-page-background-enabled":"default","ast-page-background-meta":{"desktop":{"background-color":"var(--ast-global-color-4)","background-image":"","background-repeat":"repeat","background-position":"center center","background-size":"auto","background-attachment":"scroll","background-type":"","background-media":"","overlay-type":"","overlay-color":"","overlay-gradient":""},"tablet":{"background-color":"","background-image":"","background-repeat":"repeat","background-position":"center center","background-size":"auto","background-attachment":"scroll","background-type":"","background-media":"","overlay-type":"","overlay-color":"","overlay-gradient":""},"mobile":{"background-color":"","background-image":"","background-repeat":"repeat","background-position":"center center","background-size":"auto","background-attachment":"scroll","background-type":"","background-media":"","overlay-type":"","overlay-color":"","overlay-gradient":""}},"ast-content-background-meta":{"desktop":{"background-color":"var(--ast-global-color-5)","background-image":"","background-repeat":"repeat","background-position":"center center","background-size":"auto","background-attachment":"scroll","background-type":"","background-media":"","overlay-type":"","overlay-color":"","overlay-gradient":""},"tablet":{"background-color":"var(--ast-global-color-5)","background-image":"","background-repeat":"repeat","background-position":"center center","background-size":"auto","background-attachment":"scroll","background-type":"","background-media":"","overlay-type":"","overlay-color":"","overlay-gradient":""},"mobile":{"background-color":"var(--ast-global-color-5)","background-image":"","background-repeat":"repeat","background-position":"center center","background-size":"auto","background-attachment":"scroll","background-type":"","background-media":"","overlay-type":"","overlay-color":"","overlay-gradient":""}},"footnotes":""},"class_list":["post-57","page","type-page","status-publish","has-post-thumbnail","hentry"],"yoast_head":"<!-- This site is optimized with the Yoast SEO Premium plugin v22.4 (Yoast SEO v22.6) - https:\/\/yoast.com\/wordpress\/plugins\/seo\/ -->\n<title>Commercial &amp; Industrial LED Lights Manufacturer &amp; Factory<\/title>\n<meta name=\"description\" content=\"Wholesale 30+ high quality LED lights, mainly for commercial and industrial lighting projects, including indoor &amp; outdoor LED lights, electric &amp; solar LED lights, etc.\" \/>\n<meta name=\"robots\" content=\"index, follow, max-snippet:-1, max-image-preview:large, max-video-preview:-1\" \/>\n<link rel=\"canonical\" href=\"https:\/\/www.geramled.com\/de\/led-lys\/\" \/>\n<meta property=\"og:locale\" content=\"de_DE\" \/>\n<meta property=\"og:type\" content=\"article\" \/>\n<meta property=\"og:title\" content=\"Commercial &amp; Industrial LED Lights Manufacturer &amp; Factory\" \/>\n<meta property=\"og:description\" content=\"Wholesale 30+ high quality LED lights, mainly for commercial and industrial lighting projects, including indoor &amp; outdoor LED lights, electric &amp; solar LED lights, etc.\" \/>\n<meta property=\"og:url\" content=\"https:\/\/www.geramled.com\/de\/led-lys\/\" \/>\n<meta property=\"og:site_name\" content=\"CYREE LED\" \/>\n<meta property=\"article:publisher\" content=\"https:\/\/www.facebook.com\/jerrygeram\" \/>\n<meta property=\"article:modified_time\" content=\"2022-09-26T08:48:07+00:00\" \/>\n<meta property=\"og:image\" content=\"https:\/\/www.geramled.com\/wp-content\/uploads\/2020\/06\/commercial-led-lighting-manufacturers-suppliers-companies-factory-in-china.jpg\" \/>\n\t<meta property=\"og:image:width\" content=\"250\" \/>\n\t<meta property=\"og:image:height\" content=\"250\" \/>\n\t<meta property=\"og:image:type\" content=\"image\/jpeg\" \/>\n<meta name=\"twitter:card\" content=\"summary_large_image\" \/>\n<meta name=\"twitter:site\" content=\"@jerrygeram\" \/>\n<meta name=\"twitter:label1\" content=\"Est. reading time\" \/>\n\t<meta name=\"twitter:data1\" content=\"2 minutes\" \/>\n<script type=\"application\/ld+json\" class=\"yoast-schema-graph\">{\"@context\":\"https:\/\/schema.org\",\"@graph\":[{\"@type\":\"WebPage\",\"@id\":\"https:\/\/www.geramled.com\/da\/led-lys\/\",\"url\":\"https:\/\/www.geramled.com\/da\/led-lys\/\",\"name\":\"Commercial & Industrial LED Lights Manufacturer & Factory\",\"isPartOf\":{\"@id\":\"https:\/\/www.geramled.com\/#website\"},\"primaryImageOfPage\":{\"@id\":\"https:\/\/www.geramled.com\/da\/led-lys\/#primaryimage\"},\"image\":{\"@id\":\"https:\/\/www.geramled.com\/da\/led-lys\/#primaryimage\"},\"thumbnailUrl\":\"https:\/\/www.geramled.com\/wp-content\/uploads\/2020\/06\/commercial-led-lighting-manufacturers-suppliers-companies-factory-in-china.jpg\",\"datePublished\":\"2020-03-31T06:22:13+00:00\",\"dateModified\":\"2022-09-26T08:48:07+00:00\",\"description\":\"Wholesale 30+ high quality LED lights, mainly for commercial and industrial lighting projects, including indoor & outdoor LED lights, electric & solar LED lights, etc.\",\"inLanguage\":\"de-DE\",\"potentialAction\":[{\"@type\":\"ReadAction\",\"target\":[\"https:\/\/www.geramled.com\/da\/led-lys\/\"]}]},{\"@type\":\"ImageObject\",\"inLanguage\":\"de-DE\",\"@id\":\"https:\/\/www.geramled.com\/da\/led-lys\/#primaryimage\",\"url\":\"https:\/\/www.geramled.com\/wp-content\/uploads\/2020\/06\/commercial-led-lighting-manufacturers-suppliers-companies-factory-in-china.jpg\",\"contentUrl\":\"https:\/\/www.geramled.com\/wp-content\/uploads\/2020\/06\/commercial-led-lighting-manufacturers-suppliers-companies-factory-in-china.jpg\",\"width\":250,\"height\":250,\"caption\":\"commercial led lighting manufacturers suppliers companies factory in china\"},{\"@type\":\"WebSite\",\"@id\":\"https:\/\/www.geramled.com\/#website\",\"url\":\"https:\/\/www.geramled.com\/\",\"name\":\"CYREE LED\",\"description\":\"Leading LED Light Manufacturer In China\",\"publisher\":{\"@id\":\"https:\/\/www.geramled.com\/#organization\"},\"potentialAction\":[{\"@type\":\"SearchAction\",\"target\":{\"@type\":\"EntryPoint\",\"urlTemplate\":\"https:\/\/www.geramled.com\/?s={search_term_string}\"},\"query-input\":\"required name=search_term_string\"}],\"inLanguage\":\"de-DE\"},{\"@type\":\"Organization\",\"@id\":\"https:\/\/www.geramled.com\/#organization\",\"name\":\"CYREE LED\",\"url\":\"https:\/\/www.geramled.com\/\",\"logo\":{\"@type\":\"ImageObject\",\"inLanguage\":\"de-DE\",\"@id\":\"https:\/\/www.geramled.com\/#\/schema\/logo\/image\/\",\"url\":\"https:\/\/www.geramled.com\/wp-content\/uploads\/2024\/10\/site-logo.png\",\"contentUrl\":\"https:\/\/www.geramled.com\/wp-content\/uploads\/2024\/10\/site-logo.png\",\"width\":193,\"height\":339,\"caption\":\"CYREE LED\"},\"image\":{\"@id\":\"https:\/\/www.geramled.com\/#\/schema\/logo\/image\/\"},\"sameAs\":[\"https:\/\/www.facebook.com\/jerrygeram\",\"https:\/\/x.com\/jerrygeram\",\"https:\/\/www.linkedin.com\/in\/jerrymo\/\",\"https:\/\/www.youtube.com\/channel\/UCYCYojuG_s19i5MDVysy2Dg\"]}]}<\/script>\n<!-- \/ Yoast SEO Premium plugin. -->","yoast_head_json":{"title":"Commercial & Industrial LED Lights Manufacturer & Factory","description":"Wholesale 30+ high quality LED lights, mainly for commercial and industrial lighting projects, including indoor & outdoor LED lights, electric & solar LED lights, etc.","robots":{"index":"index","follow":"follow","max-snippet":"max-snippet:-1","max-image-preview":"max-image-preview:large","max-video-preview":"max-video-preview:-1"},"canonical":"https:\/\/www.geramled.com\/de\/led-lys\/","og_locale":"de_DE","og_type":"article","og_title":"Commercial & Industrial LED Lights Manufacturer & Factory","og_description":"Wholesale 30+ high quality LED lights, mainly for commercial and industrial lighting projects, including indoor & outdoor LED lights, electric & solar LED lights, etc.","og_url":"https:\/\/www.geramled.com\/de\/led-lys\/","og_site_name":"CYREE LED","article_publisher":"https:\/\/www.facebook.com\/jerrygeram","article_modified_time":"2022-09-26T08:48:07+00:00","og_image":[{"width":250,"height":250,"url":"https:\/\/www.geramled.com\/wp-content\/uploads\/2020\/06\/commercial-led-lighting-manufacturers-suppliers-companies-factory-in-china.jpg","type":"image\/jpeg"}],"twitter_card":"summary_large_image","twitter_site":"@jerrygeram","twitter_misc":{"Est. reading time":"2 minutes"},"schema":{"@context":"https:\/\/schema.org","@graph":[{"@type":"WebPage","@id":"https:\/\/www.geramled.com\/da\/led-lys\/","url":"https:\/\/www.geramled.com\/da\/led-lys\/","name":"Commercial & Industrial LED Lights Manufacturer & Factory","isPartOf":{"@id":"https:\/\/www.geramled.com\/#website"},"primaryImageOfPage":{"@id":"https:\/\/www.geramled.com\/da\/led-lys\/#primaryimage"},"image":{"@id":"https:\/\/www.geramled.com\/da\/led-lys\/#primaryimage"},"thumbnailUrl":"https:\/\/www.geramled.com\/wp-content\/uploads\/2020\/06\/commercial-led-lighting-manufacturers-suppliers-companies-factory-in-china.jpg","datePublished":"2020-03-31T06:22:13+00:00","dateModified":"2022-09-26T08:48:07+00:00","description":"Wholesale 30+ high quality LED lights, mainly for commercial and industrial lighting projects, including indoor & outdoor LED lights, electric & solar LED lights, etc.","inLanguage":"de-DE","potentialAction":[{"@type":"ReadAction","target":["https:\/\/www.geramled.com\/da\/led-lys\/"]}]},{"@type":"ImageObject","inLanguage":"de-DE","@id":"https:\/\/www.geramled.com\/da\/led-lys\/#primaryimage","url":"https:\/\/www.geramled.com\/wp-content\/uploads\/2020\/06\/commercial-led-lighting-manufacturers-suppliers-companies-factory-in-china.jpg","contentUrl":"https:\/\/www.geramled.com\/wp-content\/uploads\/2020\/06\/commercial-led-lighting-manufacturers-suppliers-companies-factory-in-china.jpg","width":250,"height":250,"caption":"commercial led lighting manufacturers suppliers companies factory in china"},{"@type":"WebSite","@id":"https:\/\/www.geramled.com\/#website","url":"https:\/\/www.geramled.com\/","name":"CYREE LED","description":"Leading LED Light Manufacturer In China","publisher":{"@id":"https:\/\/www.geramled.com\/#organization"},"potentialAction":[{"@type":"SearchAction","target":{"@type":"EntryPoint","urlTemplate":"https:\/\/www.geramled.com\/?s={search_term_string}"},"query-input":"required name=search_term_string"}],"inLanguage":"de-DE"},{"@type":"Organization","@id":"https:\/\/www.geramled.com\/#organization","name":"CYREE LED","url":"https:\/\/www.geramled.com\/","logo":{"@type":"ImageObject","inLanguage":"de-DE","@id":"https:\/\/www.geramled.com\/#\/schema\/logo\/image\/","url":"https:\/\/www.geramled.com\/wp-content\/uploads\/2024\/10\/site-logo.png","contentUrl":"https:\/\/www.geramled.com\/wp-content\/uploads\/2024\/10\/site-logo.png","width":193,"height":339,"caption":"CYREE LED"},"image":{"@id":"https:\/\/www.geramled.com\/#\/schema\/logo\/image\/"},"sameAs":["https:\/\/www.facebook.com\/jerrygeram","https:\/\/x.com\/jerrygeram","https:\/\/www.linkedin.com\/in\/jerrymo\/","https:\/\/www.youtube.com\/channel\/UCYCYojuG_s19i5MDVysy2Dg"]}]}},"_links":{"self":[{"href":"https:\/\/www.geramled.com\/de\/wp-json\/wp\/v2\/pages\/57","targetHints":{"allow":["GET"]}}],"collection":[{"href":"https:\/\/www.geramled.com\/de\/wp-json\/wp\/v2\/pages"}],"about":[{"href":"https:\/\/www.geramled.com\/de\/wp-json\/wp\/v2\/types\/page"}],"author":[{"embeddable":true,"href":"https:\/\/www.geramled.com\/de\/wp-json\/wp\/v2\/users\/1"}],"replies":[{"embeddable":true,"href":"https:\/\/www.geramled.com\/de\/wp-json\/wp\/v2\/comments?post=57"}],"version-history":[{"count":0,"href":"https:\/\/www.geramled.com\/de\/wp-json\/wp\/v2\/pages\/57\/revisions"}],"wp:featuredmedia":[{"embeddable":true,"href":"https:\/\/www.geramled.com\/de\/wp-json\/wp\/v2\/media\/2779"}],"wp:attachment":[{"href":"https:\/\/www.geramled.com\/de\/wp-json\/wp\/v2\/media?parent=57"}],"curies":[{"name":"wp","href":"https:\/\/api.w.org\/{rel}","templated":true}]}}